{"id":97711,"date":"2021-02-21T22:15:51","date_gmt":"2021-02-21T22:15:51","guid":{"rendered":"https:\/\/www.autonvaraosahaku.fi\/?product=febi-bilstein-19924-iskunvaimentimen-tukilaakeri"},"modified":"2021-02-21T22:15:52","modified_gmt":"2021-02-21T22:15:52","slug":"febi-bilstein-19924-iskunvaimentimen-tukilaakeri","status":"publish","type":"product","link":"https:\/\/www.autonvaraosahaku.fi\/?product=febi-bilstein-19924-iskunvaimentimen-tukilaakeri","title":{"rendered":"FEBI BILSTEIN 19924 Iskunvaimentimen tukilaakeri"},"content":{"rendered":"<p>Paksuus [mm]: 37,0; Sis\u00e4l\u00e4pimitta [mm]: 35,0; Ulkol\u00e4pimitta [mm]: 107,0; Materiaali: Muovi, Metalli; Laakerityyppi: Vierint\u00e4laakeri; Asennuspuoli: etuakseli molemminpuoleinen; Paino [kg]: 0,36, 0,36; TECDOC-moottorinumero: 18783; JAGUAR: X-TYPE CF1,X-TYPE Estate; FORD: MONDEO III Kombi BWY,MONDEO III B5Y,MONDEO III Stufenheck B4Y,TRANSIT CONNECT P65_, P70_, P80_,TOURNEO CONNECT; 1115177, 4363242, 4986166, 1S713K099AD, 1S7W3K099AE, C2S30556, C2S4596<\/p>\n","protected":false},"excerpt":{"rendered":"<p>FEBI BILSTEIN Rullalaakeri, Jousijalkalaakeri 19924  JAGUAR,FORD,X-TYPE CF1,X-TYPE Estate,MONDEO III Kombi BWY,MONDEO III B5Y<\/p>\n","protected":false},"featured_media":0,"template":"","meta":{"site-sidebar-layout":"default","site-content-layout":"default","ast-global-header-display":"","ast-main-header-display":"","ast-hfb-above-header-display":"","ast-hfb-below-header-display":"","ast-hfb-mobile-header-display":"","site-post-title":"","ast-breadcrumbs-content":"","ast-featured-img":"","footer-sml-layout":"","theme-transparent-header-meta":"","adv-header-id-meta":"","stick-header-meta":"","header-above-stick-meta":"","header-main-stick-meta":"","header-below-stick-meta":""},"pwb-brand":[50],"product_cat":[106],"product_tag":[],"class_list":{"0":"post-97711","1":"product","2":"type-product","3":"status-publish","5":"pwb-brand-febi-bilstein","6":"product_cat-iskunvaimentimen-tukilaakeri","7":"desktop-align-left","8":"tablet-align-left","9":"mobile-align-left","11":"first","12":"instock","13":"product-type-external"},"brands":[{"id":50,"name":"FEBI BILSTEIN","slug":"febi-bilstein"}],"_links":{"self":[{"href":"https:\/\/www.autonvaraosahaku.fi\/index.php?rest_route=\/wp\/v2\/product\/97711","targetHints":{"allow":["GET"]}}],"collection":[{"href":"https:\/\/www.autonvaraosahaku.fi\/index.php?rest_route=\/wp\/v2\/product"}],"about":[{"href":"https:\/\/www.autonvaraosahaku.fi\/index.php?rest_route=\/wp\/v2\/types\/product"}],"wp:attachment":[{"href":"https:\/\/www.autonvaraosahaku.fi\/index.php?rest_route=%2Fwp%2Fv2%2Fmedia&parent=97711"}],"wp:term":[{"taxonomy":"pwb-brand","embeddable":true,"href":"https:\/\/www.autonvaraosahaku.fi\/index.php?rest_route=%2Fwp%2Fv2%2Fpwb-brand&post=97711"},{"taxonomy":"product_cat","embeddable":true,"href":"https:\/\/www.autonvaraosahaku.fi\/index.php?rest_route=%2Fwp%2Fv2%2Fproduct_cat&post=97711"},{"taxonomy":"product_tag","embeddable":true,"href":"https:\/\/www.autonvaraosahaku.fi\/index.php?rest_route=%2Fwp%2Fv2%2Fproduct_tag&post=97711"}],"curies":[{"name":"wp","href":"https:\/\/api.w.org\/{rel}","templated":true}]}}