{"id":97723,"date":"2021-02-21T22:15:51","date_gmt":"2021-02-21T22:15:51","guid":{"rendered":"https:\/\/www.autonvaraosahaku.fi\/?product=meyle-300-332-1904-vetonivelen-suojakumi"},"modified":"2021-02-21T22:15:56","modified_gmt":"2021-02-21T22:15:56","slug":"meyle-300-332-1904-vetonivelen-suojakumi","status":"publish","type":"product","link":"https:\/\/www.autonvaraosahaku.fi\/?product=meyle-300-332-1904-vetonivelen-suojakumi","title":{"rendered":"MEYLE 300 332 1904 Vetonivelen suojakumi"},"content":{"rendered":"<p>Asennuspuoli: Vaihteiston puoli, Taka-akseli; Sis\u00e4l\u00e4pimitta 1 [mm]: 22; Sis\u00e4l\u00e4pimitta 2 [mm]: 100; Pituus (mm): 104; Materiaali: Kumi; lis\u00e4tieto: ORIGINAL Quality; Vaihteistomalli: Automatikgetriebe; BMW: 3 Compact E36,3 E36,X5 E53,3 Coupe E36,Z3 E36,5 E34,3 Cabriolet E36,3 Touring E36,7 E32,5 Touring E34,5 E28,6 E24,Z3 Coupe E36,Z1; 33211229205, 33219067818, 33219067899<\/p>\n","protected":false},"excerpt":{"rendered":"<p>MEYLE Paljekumisarja, Vetoakseli 300 332 1904  BMW,3 Compact E36,3 E36,X5 E53,3 Coupe E36,Z3 E36,5 E34,3 Cabriolet E36,3 Touring E36,7 E32<\/p>\n","protected":false},"featured_media":0,"template":"","meta":{"site-sidebar-layout":"default","site-content-layout":"default","ast-global-header-display":"","ast-main-header-display":"","ast-hfb-above-header-display":"","ast-hfb-below-header-display":"","ast-hfb-mobile-header-display":"","site-post-title":"","ast-breadcrumbs-content":"","ast-featured-img":"","footer-sml-layout":"","theme-transparent-header-meta":"","adv-header-id-meta":"","stick-header-meta":"","header-above-stick-meta":"","header-main-stick-meta":"","header-below-stick-meta":""},"pwb-brand":[84],"product_cat":[42],"product_tag":[],"class_list":{"0":"post-97723","1":"product","2":"type-product","3":"status-publish","5":"pwb-brand-meyle","6":"product_cat-vetonivelen-suojakumi","7":"desktop-align-left","8":"tablet-align-left","9":"mobile-align-left","11":"first","12":"instock","13":"product-type-external"},"brands":[{"id":84,"name":"MEYLE","slug":"meyle"}],"_links":{"self":[{"href":"https:\/\/www.autonvaraosahaku.fi\/index.php?rest_route=\/wp\/v2\/product\/97723","targetHints":{"allow":["GET"]}}],"collection":[{"href":"https:\/\/www.autonvaraosahaku.fi\/index.php?rest_route=\/wp\/v2\/product"}],"about":[{"href":"https:\/\/www.autonvaraosahaku.fi\/index.php?rest_route=\/wp\/v2\/types\/product"}],"wp:attachment":[{"href":"https:\/\/www.autonvaraosahaku.fi\/index.php?rest_route=%2Fwp%2Fv2%2Fmedia&parent=97723"}],"wp:term":[{"taxonomy":"pwb-brand","embeddable":true,"href":"https:\/\/www.autonvaraosahaku.fi\/index.php?rest_route=%2Fwp%2Fv2%2Fpwb-brand&post=97723"},{"taxonomy":"product_cat","embeddable":true,"href":"https:\/\/www.autonvaraosahaku.fi\/index.php?rest_route=%2Fwp%2Fv2%2Fproduct_cat&post=97723"},{"taxonomy":"product_tag","embeddable":true,"href":"https:\/\/www.autonvaraosahaku.fi\/index.php?rest_route=%2Fwp%2Fv2%2Fproduct_tag&post=97723"}],"curies":[{"name":"wp","href":"https:\/\/api.w.org\/{rel}","templated":true}]}}