{"id":97727,"date":"2021-02-21T22:15:51","date_gmt":"2021-02-21T22:15:51","guid":{"rendered":"https:\/\/www.autonvaraosahaku.fi\/?product=meyle-214-770-0001-iskunvaimentimen-tukilaakeri"},"modified":"2021-02-21T22:15:57","modified_gmt":"2021-02-21T22:15:57","slug":"meyle-214-770-0001-iskunvaimentimen-tukilaakeri","status":"publish","type":"product","link":"https:\/\/www.autonvaraosahaku.fi\/?product=meyle-214-770-0001-iskunvaimentimen-tukilaakeri","title":{"rendered":"MEYLE 214 770 0001 Iskunvaimentimen tukilaakeri"},"content":{"rendered":"<p>Asennuspuoli: Etuakseli; Sis\u00e4l\u00e4pimitta [mm]: 66,5; Ulkol\u00e4pimitta [mm]: 99; Korkeus (mm): 20; Iskunvaimennin malli: Joustintuki; lis\u00e4tieto: ORIGINAL Quality; Valmistusvuosi alkaen: 10\/1987; KIA: CEE&#8217;D SW ED,CEE&#8217;D Schr\u00e4gheck ED,RIO II JB,CARENS III UN,PRO CEE&#8217;D ED,RIO II Stufenheck JB; HYUNDAI: i30 FD,i30 CW FD,COUPE GK,ELANTRA Stufenheck HD; RENAULT: ESPACE III JE0_,LAGUNA I B56_, 556_,LAGUNA I Grandtour K56_,SAFRANE II B54_,AVANTIME DE0_,SAFRANE I B54_; CITRO\u00cbN: BERLINGO MF,XSARA PICASSO N68,C2 JM_,C3 I FC_,BERLINGO B9,C4 Picasso I UD_,C4 Grand Picasso I UA_,C4 I LC_,SAXO S0, S1,DS3,BERLINGO Kasten M_,C3 Picasso,C3 II,C4 Coupe LA_,C3 Pluriel HB_,C4 II B7,BERLINGO Kasten B9,DS4,AX ZA-_,DS5,C4 Stufenheck L,ZX N2,DS3 Cabriolet,ZX Break N2,C15 VD-_,BERLINGO Pritsche\/Fahrgestell B9,C-ELYSEE,C4 CACTUS,C3 III SX,C3 AIRCROSS II; PEUGEOT: 207 WA_, WC_,307 SW 3H,207 CC WD_,307 CC 3B,307 3A\/C,207 SW WK_,308 SW,208,106 II 1,206+ T3E,308 4A_, 4C_,5008,307 Break 3E,306 Schr\u00e4gheck 7A, 7C, N3, N5,306 Cabriolet 7D, N3, N5,3008,PARTNER Tepee,RCZ,308 CC,1007 KM_,PARTNER Combispace 5F,106 I 1A, 1C,205 II 20A\/C,2008,PARTNER Kasten 5,306 Break 7E, N3, N5,306 7B, N3, N5,205 I Cabriolet 741B, 20D,PARTNER Kasten,309 II 3C, 3A,205 I 741A\/C,405 II 4B,504 A_, M_,504 Cabriolet,309 I 10C, 10A,505 551A,504 Coupe,405 II Break 4E,305 II 581M,505 Break 551D,504 Break D_, F_,504 Pick-up E_,301,305 II Break 581E,205 Kasten; DS: DS 3,DS5,DS 4 \/ DS 4 CROSSBACK,DS 3 Cabriolet; 503519, 503523, 503527, 91510633, 546121G010, 546122C000, 546122C000, 503519, 503523, 503527, 7700803635<\/p>\n","protected":false},"excerpt":{"rendered":"<p>MEYLE Rullalaakeri, Jousijalkalaakeri 214 770 0001  KIA,HYUNDAI,RENAULT,CEE&#8217;D SW ED,CEE&#8217;D Schr\u00e4gheck ED,RIO II JB,CARENS III UN,PRO CEE&#8217;D ED<\/p>\n","protected":false},"featured_media":0,"template":"","meta":{"site-sidebar-layout":"default","site-content-layout":"default","ast-global-header-display":"","ast-main-header-display":"","ast-hfb-above-header-display":"","ast-hfb-below-header-display":"","ast-hfb-mobile-header-display":"","site-post-title":"","ast-breadcrumbs-content":"","ast-featured-img":"","footer-sml-layout":"","theme-transparent-header-meta":"","adv-header-id-meta":"","stick-header-meta":"","header-above-stick-meta":"","header-main-stick-meta":"","header-below-stick-meta":""},"pwb-brand":[84],"product_cat":[106],"product_tag":[],"class_list":{"0":"post-97727","1":"product","2":"type-product","3":"status-publish","5":"pwb-brand-meyle","6":"product_cat-iskunvaimentimen-tukilaakeri","7":"desktop-align-left","8":"tablet-align-left","9":"mobile-align-left","11":"first","12":"instock","13":"product-type-external"},"brands":[{"id":84,"name":"MEYLE","slug":"meyle"}],"_links":{"self":[{"href":"https:\/\/www.autonvaraosahaku.fi\/index.php?rest_route=\/wp\/v2\/product\/97727","targetHints":{"allow":["GET"]}}],"collection":[{"href":"https:\/\/www.autonvaraosahaku.fi\/index.php?rest_route=\/wp\/v2\/product"}],"about":[{"href":"https:\/\/www.autonvaraosahaku.fi\/index.php?rest_route=\/wp\/v2\/types\/product"}],"wp:attachment":[{"href":"https:\/\/www.autonvaraosahaku.fi\/index.php?rest_route=%2Fwp%2Fv2%2Fmedia&parent=97727"}],"wp:term":[{"taxonomy":"pwb-brand","embeddable":true,"href":"https:\/\/www.autonvaraosahaku.fi\/index.php?rest_route=%2Fwp%2Fv2%2Fpwb-brand&post=97727"},{"taxonomy":"product_cat","embeddable":true,"href":"https:\/\/www.autonvaraosahaku.fi\/index.php?rest_route=%2Fwp%2Fv2%2Fproduct_cat&post=97727"},{"taxonomy":"product_tag","embeddable":true,"href":"https:\/\/www.autonvaraosahaku.fi\/index.php?rest_route=%2Fwp%2Fv2%2Fproduct_tag&post=97727"}],"curies":[{"name":"wp","href":"https:\/\/api.w.org\/{rel}","templated":true}]}}