{"id":97729,"date":"2021-02-21T22:15:51","date_gmt":"2021-02-21T22:15:51","guid":{"rendered":"https:\/\/www.autonvaraosahaku.fi\/?product=febi-bilstein-18493-jarrurumpu"},"modified":"2021-02-21T22:15:58","modified_gmt":"2021-02-21T22:15:58","slug":"febi-bilstein-18493-jarrurumpu","status":"publish","type":"product","link":"https:\/\/www.autonvaraosahaku.fi\/?product=febi-bilstein-18493-jarrurumpu","title":{"rendered":"FEBI BILSTEIN 18493 Jarrurumpu"},"content":{"rendered":"<p>Kiinnitysreikien lukum\u00e4\u00e4r\u00e4: 5, 1; Leveys (mm): 64,0; Paksuus [mm]: 83,0; Sis\u00e4l\u00e4pimitta [mm]: 260,0; Ulkol\u00e4pimitta [mm]: 300,0; Reik\u00e4ympyr\u00e4-\u00d8 [mm]: 130; Suurin mahdollinen rummun sis\u00e4mitta (mm): 261,5; Asennuspuoli: Taka-akseli; Paino [kg]: 9,85; keskitt\u00e4misl\u00e4pimitta [mm]: 85, 85; Akselinumero: 741.110,114-116; MERCEDES-BENZ: G-CLASS W463,G-CLASS W460,G-CLASS W461,T1 Bus 601,T1 Pritsche\/Fahrgestell 602,T1 Kasten 602,T1 Pritsche\/Fahrgestell 601,T1 Kasten 601,T1 Bus 602,G-CLASS Cabrio W463; 6014235001, A6014235001<\/p>\n","protected":false},"excerpt":{"rendered":"<p>FEBI BILSTEIN Jarrurumpu 18493  MERCEDES-BENZ,G-CLASS W463,G-CLASS W460,G-CLASS W461,T1 Bus 601,T1 Pritsche\/Fahrgestell 602,T1 Kasten 602<\/p>\n","protected":false},"featured_media":0,"template":"","meta":{"site-sidebar-layout":"default","site-content-layout":"default","ast-global-header-display":"","ast-main-header-display":"","ast-hfb-above-header-display":"","ast-hfb-below-header-display":"","ast-hfb-mobile-header-display":"","site-post-title":"","ast-breadcrumbs-content":"","ast-featured-img":"","footer-sml-layout":"","theme-transparent-header-meta":"","adv-header-id-meta":"","stick-header-meta":"","header-above-stick-meta":"","header-main-stick-meta":"","header-below-stick-meta":""},"pwb-brand":[50],"product_cat":[304],"product_tag":[],"class_list":{"0":"post-97729","1":"product","2":"type-product","3":"status-publish","5":"pwb-brand-febi-bilstein","6":"product_cat-jarrurumpu","7":"desktop-align-left","8":"tablet-align-left","9":"mobile-align-left","11":"first","12":"instock","13":"product-type-external"},"brands":[{"id":50,"name":"FEBI BILSTEIN","slug":"febi-bilstein"}],"_links":{"self":[{"href":"https:\/\/www.autonvaraosahaku.fi\/index.php?rest_route=\/wp\/v2\/product\/97729","targetHints":{"allow":["GET"]}}],"collection":[{"href":"https:\/\/www.autonvaraosahaku.fi\/index.php?rest_route=\/wp\/v2\/product"}],"about":[{"href":"https:\/\/www.autonvaraosahaku.fi\/index.php?rest_route=\/wp\/v2\/types\/product"}],"wp:attachment":[{"href":"https:\/\/www.autonvaraosahaku.fi\/index.php?rest_route=%2Fwp%2Fv2%2Fmedia&parent=97729"}],"wp:term":[{"taxonomy":"pwb-brand","embeddable":true,"href":"https:\/\/www.autonvaraosahaku.fi\/index.php?rest_route=%2Fwp%2Fv2%2Fpwb-brand&post=97729"},{"taxonomy":"product_cat","embeddable":true,"href":"https:\/\/www.autonvaraosahaku.fi\/index.php?rest_route=%2Fwp%2Fv2%2Fproduct_cat&post=97729"},{"taxonomy":"product_tag","embeddable":true,"href":"https:\/\/www.autonvaraosahaku.fi\/index.php?rest_route=%2Fwp%2Fv2%2Fproduct_tag&post=97729"}],"curies":[{"name":"wp","href":"https:\/\/api.w.org\/{rel}","templated":true}]}}