{"id":97750,"date":"2021-02-21T22:16:07","date_gmt":"2021-02-21T22:16:07","guid":{"rendered":"https:\/\/www.autonvaraosahaku.fi\/?product=meyle-100-710-0009-taka-akselin-puslat"},"modified":"2021-02-21T22:16:08","modified_gmt":"2021-02-21T22:16:08","slug":"meyle-100-710-0009-taka-akselin-puslat","status":"publish","type":"product","link":"https:\/\/www.autonvaraosahaku.fi\/?product=meyle-100-710-0009-taka-akselin-puslat","title":{"rendered":"MEYLE 100 710 0009 Taka-akselin puslat"},"content":{"rendered":"<p>Asennuspuoli: Molemminpuolin, Taka-akseli, vorne; Korkeus (mm): 56; Sis\u00e4l\u00e4pimitta [mm]: 16; Ulkol\u00e4pimitta [mm]: 52; lis\u00e4tieto: ORIGINAL Quality; VW: GOLF IV 1J1,GOLF V 1K1,GOLF IV Variant 1J5,GOLF V Variant 1K5,BORA 1J2,NEW BEETLE 9C1, 1C1; AUDI: A3 8L1,TT 8N3,TT Roadster 8N9; SKODA: OCTAVIA Combi 1U5,OCTAVIA 1U2; SEAT: LEON 1M1,TOLEDO II 1M2; 1J0505145B, 1J0505145B, 1J0505145B, 1J0505145B; Apurungon Puslat,Akselinripustus<\/p>\n","protected":false},"excerpt":{"rendered":"<p>MEYLE Taka-akselin Puslat 100 710 0009 Apurungon Puslat,Akselinripustus VW,AUDI,SKODA,GOLF IV 1J1,GOLF V 1K1,GOLF IV Variant 1J5,GOLF V Variant 1K5<\/p>\n","protected":false},"featured_media":0,"template":"","meta":{"site-sidebar-layout":"default","site-content-layout":"default","ast-global-header-display":"","ast-main-header-display":"","ast-hfb-above-header-display":"","ast-hfb-below-header-display":"","ast-hfb-mobile-header-display":"","site-post-title":"","ast-breadcrumbs-content":"","ast-featured-img":"","footer-sml-layout":"","theme-transparent-header-meta":"","adv-header-id-meta":"","stick-header-meta":"","header-above-stick-meta":"","header-main-stick-meta":"","header-below-stick-meta":""},"pwb-brand":[84],"product_cat":[156],"product_tag":[],"class_list":{"0":"post-97750","1":"product","2":"type-product","3":"status-publish","5":"pwb-brand-meyle","6":"product_cat-taka-akselin-puslat","7":"desktop-align-left","8":"tablet-align-left","9":"mobile-align-left","11":"first","12":"instock","13":"product-type-external"},"brands":[{"id":84,"name":"MEYLE","slug":"meyle"}],"_links":{"self":[{"href":"https:\/\/www.autonvaraosahaku.fi\/index.php?rest_route=\/wp\/v2\/product\/97750","targetHints":{"allow":["GET"]}}],"collection":[{"href":"https:\/\/www.autonvaraosahaku.fi\/index.php?rest_route=\/wp\/v2\/product"}],"about":[{"href":"https:\/\/www.autonvaraosahaku.fi\/index.php?rest_route=\/wp\/v2\/types\/product"}],"wp:attachment":[{"href":"https:\/\/www.autonvaraosahaku.fi\/index.php?rest_route=%2Fwp%2Fv2%2Fmedia&parent=97750"}],"wp:term":[{"taxonomy":"pwb-brand","embeddable":true,"href":"https:\/\/www.autonvaraosahaku.fi\/index.php?rest_route=%2Fwp%2Fv2%2Fpwb-brand&post=97750"},{"taxonomy":"product_cat","embeddable":true,"href":"https:\/\/www.autonvaraosahaku.fi\/index.php?rest_route=%2Fwp%2Fv2%2Fproduct_cat&post=97750"},{"taxonomy":"product_tag","embeddable":true,"href":"https:\/\/www.autonvaraosahaku.fi\/index.php?rest_route=%2Fwp%2Fv2%2Fproduct_tag&post=97750"}],"curies":[{"name":"wp","href":"https:\/\/api.w.org\/{rel}","templated":true}]}}