{"id":97758,"date":"2021-02-21T22:16:07","date_gmt":"2021-02-21T22:16:07","guid":{"rendered":"https:\/\/www.autonvaraosahaku.fi\/?product=meyle-100-412-9011-s-jousijalan-tukilaakeri"},"modified":"2021-02-21T22:16:11","modified_gmt":"2021-02-21T22:16:11","slug":"meyle-100-412-9011-s-jousijalan-tukilaakeri","status":"publish","type":"product","link":"https:\/\/www.autonvaraosahaku.fi\/?product=meyle-100-412-9011-s-jousijalan-tukilaakeri","title":{"rendered":"MEYLE 100 412 9011\/S Jousijalan tukilaakeri"},"content":{"rendered":"<p>Asennuspuoli: Etuakseli; Korvaava tuote\/korvaava tiedote 2: Kuulalaakerilla; M\u00e4\u00e4r\u00e4yksikk\u00f6: Sarja; lis\u00e4tieto: ORIGINAL Quality; VW: LUPO 6X1, 6E1,POLO 6N1; SEAT: AROSA 6H; 6N0412331A, 6N0412331A; Iskarin Yl\u00e4p\u00e4\u00e4,Iskunvaimentimen Yl\u00e4p\u00e4\u00e4<\/p>\n","protected":false},"excerpt":{"rendered":"<p>MEYLE Jousijalan Tukilaakeri 100 412 9011\/S Iskarin Yl\u00e4p\u00e4\u00e4,Iskunvaimentimen Yl\u00e4p\u00e4\u00e4 VW,SEAT,LUPO 6X1, 6E1,POLO 6N1,AROSA 6H<\/p>\n","protected":false},"featured_media":0,"template":"","meta":{"site-sidebar-layout":"default","site-content-layout":"default","ast-global-header-display":"","ast-main-header-display":"","ast-hfb-above-header-display":"","ast-hfb-below-header-display":"","ast-hfb-mobile-header-display":"","site-post-title":"","ast-breadcrumbs-content":"","ast-featured-img":"","footer-sml-layout":"","theme-transparent-header-meta":"","adv-header-id-meta":"","stick-header-meta":"","header-above-stick-meta":"","header-main-stick-meta":"","header-below-stick-meta":""},"pwb-brand":[84],"product_cat":[45],"product_tag":[],"class_list":{"0":"post-97758","1":"product","2":"type-product","3":"status-publish","5":"pwb-brand-meyle","6":"product_cat-jousijalan-tukilaakeri","7":"desktop-align-left","8":"tablet-align-left","9":"mobile-align-left","11":"first","12":"instock","13":"product-type-external"},"brands":[{"id":84,"name":"MEYLE","slug":"meyle"}],"_links":{"self":[{"href":"https:\/\/www.autonvaraosahaku.fi\/index.php?rest_route=\/wp\/v2\/product\/97758","targetHints":{"allow":["GET"]}}],"collection":[{"href":"https:\/\/www.autonvaraosahaku.fi\/index.php?rest_route=\/wp\/v2\/product"}],"about":[{"href":"https:\/\/www.autonvaraosahaku.fi\/index.php?rest_route=\/wp\/v2\/types\/product"}],"wp:attachment":[{"href":"https:\/\/www.autonvaraosahaku.fi\/index.php?rest_route=%2Fwp%2Fv2%2Fmedia&parent=97758"}],"wp:term":[{"taxonomy":"pwb-brand","embeddable":true,"href":"https:\/\/www.autonvaraosahaku.fi\/index.php?rest_route=%2Fwp%2Fv2%2Fpwb-brand&post=97758"},{"taxonomy":"product_cat","embeddable":true,"href":"https:\/\/www.autonvaraosahaku.fi\/index.php?rest_route=%2Fwp%2Fv2%2Fproduct_cat&post=97758"},{"taxonomy":"product_tag","embeddable":true,"href":"https:\/\/www.autonvaraosahaku.fi\/index.php?rest_route=%2Fwp%2Fv2%2Fproduct_tag&post=97758"}],"curies":[{"name":"wp","href":"https:\/\/api.w.org\/{rel}","templated":true}]}}