{"id":97760,"date":"2021-02-21T22:16:07","date_gmt":"2021-02-21T22:16:07","guid":{"rendered":"https:\/\/www.autonvaraosahaku.fi\/?product=meyle-100-223-0000-paisuntasailio"},"modified":"2021-02-21T22:16:11","modified_gmt":"2021-02-21T22:16:11","slug":"meyle-100-223-0000-paisuntasailio","status":"publish","type":"product","link":"https:\/\/www.autonvaraosahaku.fi\/?product=meyle-100-223-0000-paisuntasailio","title":{"rendered":"MEYLE 100 223 0000 Paisuntas\u00e4ili\u00f6"},"content":{"rendered":"<p>Lis\u00e4tieto: ORIGINAL Quality; Varusteet: f\u00fcr Fahrzeuge mit Standheizung; AUDI: A4 Avant 8ED, B7,A4 Avant 8E5, B6,A4 8E2, B6,A4 Cabriolet 8H7, B6, 8HE, B7,A4 8EC, B7; SEAT: EXEO ST 3R5,EXEO 3R2; 8E0121403A, 8E0121403A; Nestes\u00e4ili\u00f6, J\u00e4\u00e4hdytysneste<\/p>\n","protected":false},"excerpt":{"rendered":"<p>MEYLE Paisuntas\u00e4ili\u00f6 100 223 0000 Nestes\u00e4ili\u00f6, J\u00e4\u00e4hdytysneste AUDI,SEAT,A4 Avant 8ED, B7,A4 Avant 8E5, B6,A4 8E2, B6,A4 Cabriolet 8H7, B6, 8HE, B7<\/p>\n","protected":false},"featured_media":0,"template":"","meta":{"site-sidebar-layout":"default","site-content-layout":"default","ast-global-header-display":"","ast-main-header-display":"","ast-hfb-above-header-display":"","ast-hfb-below-header-display":"","ast-hfb-mobile-header-display":"","site-post-title":"","ast-breadcrumbs-content":"","ast-featured-img":"","footer-sml-layout":"","theme-transparent-header-meta":"","adv-header-id-meta":"","stick-header-meta":"","header-above-stick-meta":"","header-main-stick-meta":"","header-below-stick-meta":""},"pwb-brand":[84],"product_cat":[127],"product_tag":[],"class_list":{"0":"post-97760","1":"product","2":"type-product","3":"status-publish","5":"pwb-brand-meyle","6":"product_cat-paisuntasailio","7":"desktop-align-left","8":"tablet-align-left","9":"mobile-align-left","11":"first","12":"instock","13":"product-type-external"},"brands":[{"id":84,"name":"MEYLE","slug":"meyle"}],"_links":{"self":[{"href":"https:\/\/www.autonvaraosahaku.fi\/index.php?rest_route=\/wp\/v2\/product\/97760","targetHints":{"allow":["GET"]}}],"collection":[{"href":"https:\/\/www.autonvaraosahaku.fi\/index.php?rest_route=\/wp\/v2\/product"}],"about":[{"href":"https:\/\/www.autonvaraosahaku.fi\/index.php?rest_route=\/wp\/v2\/types\/product"}],"wp:attachment":[{"href":"https:\/\/www.autonvaraosahaku.fi\/index.php?rest_route=%2Fwp%2Fv2%2Fmedia&parent=97760"}],"wp:term":[{"taxonomy":"pwb-brand","embeddable":true,"href":"https:\/\/www.autonvaraosahaku.fi\/index.php?rest_route=%2Fwp%2Fv2%2Fpwb-brand&post=97760"},{"taxonomy":"product_cat","embeddable":true,"href":"https:\/\/www.autonvaraosahaku.fi\/index.php?rest_route=%2Fwp%2Fv2%2Fproduct_cat&post=97760"},{"taxonomy":"product_tag","embeddable":true,"href":"https:\/\/www.autonvaraosahaku.fi\/index.php?rest_route=%2Fwp%2Fv2%2Fproduct_tag&post=97760"}],"curies":[{"name":"wp","href":"https:\/\/api.w.org\/{rel}","templated":true}]}}