{"id":97762,"date":"2021-02-21T22:16:07","date_gmt":"2021-02-21T22:16:07","guid":{"rendered":"https:\/\/www.autonvaraosahaku.fi\/?product=meyle-100-201-0007-polttoainesuodatin"},"modified":"2021-02-21T22:16:12","modified_gmt":"2021-02-21T22:16:12","slug":"meyle-100-201-0007-polttoainesuodatin","status":"publish","type":"product","link":"https:\/\/www.autonvaraosahaku.fi\/?product=meyle-100-201-0007-polttoainesuodatin","title":{"rendered":"MEYLE 100 201 0007 Polttoainesuodatin"},"content":{"rendered":"<p>L\u00e4pimitta [mm]: 80; Suodatintyyppi: Letkusuodatin; Materiaali: Ter\u00e4s; Korkeus (mm): 176; lis\u00e4tieto: ORIGINAL Quality; Alustanumeroon: 4E-6-014 980; VW: GOLF IV 1J1,GOLF IV Variant 1J5,TRANSPORTER V Bus 7HB, 7HJ, 7EB, 7EJ, 7EF,MULTIVAN V 7HM, 7HN, 7HF, 7EF, 7EM, 7EN,PASSAT Variant 3A5, 35I,BORA 1J2,TRANSPORTER V Kasten 7HA, 7HH, 7EA, 7EH,NEW BEETLE 9C1, 1C1,PHAETON 3D_,BORA Kombi 1J6,NEW BEETLE Cabriolet 1Y7,TRANSPORTER V Pritsche\/Fahrgestell 7JD, 7JE, 7JL, 7JY, 7JZ,; AUDI: A3 8L1,A4 Avant 8ED, B7,A4 Avant 8E5, B6,A4 8E2, B6,A4 Cabriolet 8H7, B6, 8HE, B7,A4 8EC, B7,TT 8N3,A8 4E_,TT Roadster 8N9; SKODA: OCTAVIA Combi 1U5,OCTAVIA 1U2; SEAT: LEON 1M1,EXEO ST 3R5,TOLEDO II 1M2,EXEO 3R2,TOLEDO III 5P2; 1J0201511A, 1J0201511A, 1J0201511A, 1J0201511A<\/p>\n","protected":false},"excerpt":{"rendered":"<p>MEYLE Polttoainesuodatin 100 201 0007  VW,AUDI,SKODA,GOLF IV 1J1,GOLF IV Variant 1J5,TRANSPORTER V Bus 7HB, 7HJ, 7EB, 7EJ, 7EF<\/p>\n","protected":false},"featured_media":0,"template":"","meta":{"site-sidebar-layout":"default","site-content-layout":"default","ast-global-header-display":"","ast-main-header-display":"","ast-hfb-above-header-display":"","ast-hfb-below-header-display":"","ast-hfb-mobile-header-display":"","site-post-title":"","ast-breadcrumbs-content":"","ast-featured-img":"","footer-sml-layout":"","theme-transparent-header-meta":"","adv-header-id-meta":"","stick-header-meta":"","header-above-stick-meta":"","header-main-stick-meta":"","header-below-stick-meta":""},"pwb-brand":[84],"product_cat":[29],"product_tag":[],"class_list":{"0":"post-97762","1":"product","2":"type-product","3":"status-publish","5":"pwb-brand-meyle","6":"product_cat-polttoainesuodatin","7":"desktop-align-left","8":"tablet-align-left","9":"mobile-align-left","11":"first","12":"instock","13":"product-type-external"},"brands":[{"id":84,"name":"MEYLE","slug":"meyle"}],"_links":{"self":[{"href":"https:\/\/www.autonvaraosahaku.fi\/index.php?rest_route=\/wp\/v2\/product\/97762","targetHints":{"allow":["GET"]}}],"collection":[{"href":"https:\/\/www.autonvaraosahaku.fi\/index.php?rest_route=\/wp\/v2\/product"}],"about":[{"href":"https:\/\/www.autonvaraosahaku.fi\/index.php?rest_route=\/wp\/v2\/types\/product"}],"wp:attachment":[{"href":"https:\/\/www.autonvaraosahaku.fi\/index.php?rest_route=%2Fwp%2Fv2%2Fmedia&parent=97762"}],"wp:term":[{"taxonomy":"pwb-brand","embeddable":true,"href":"https:\/\/www.autonvaraosahaku.fi\/index.php?rest_route=%2Fwp%2Fv2%2Fpwb-brand&post=97762"},{"taxonomy":"product_cat","embeddable":true,"href":"https:\/\/www.autonvaraosahaku.fi\/index.php?rest_route=%2Fwp%2Fv2%2Fproduct_cat&post=97762"},{"taxonomy":"product_tag","embeddable":true,"href":"https:\/\/www.autonvaraosahaku.fi\/index.php?rest_route=%2Fwp%2Fv2%2Fproduct_tag&post=97762"}],"curies":[{"name":"wp","href":"https:\/\/api.w.org\/{rel}","templated":true}]}}