{"id":9777,"date":"2021-02-21T14:06:52","date_gmt":"2021-02-21T14:06:52","guid":{"rendered":"https:\/\/www.autonvaraosahaku.fi\/?product=original-imperium-36602-vetonivelen-suojakumi"},"modified":"2021-02-21T14:06:54","modified_gmt":"2021-02-21T14:06:54","slug":"original-imperium-36602-vetonivelen-suojakumi","status":"publish","type":"product","link":"https:\/\/www.autonvaraosahaku.fi\/?product=original-imperium-36602-vetonivelen-suojakumi","title":{"rendered":"ORIGINAL IMPERIUM 36602 Vetonivelen suojakumi"},"content":{"rendered":"<p>Korkeus (mm): 138; Materiaali: Kumi; Paino [g]: 120; Asennuspuoli: Py\u00f6r\u00e4n puoli; L\u00e4pimitta 1 [mm]: 26; L\u00e4pimitta 2 [mm]: 86; Valmistusvuosi alkaen: 01\/1994; RENAULT: CLIO II BB0\/1\/2_, CB0\/1\/2_,SC\u00c9NIC I JA0\/1_,ESPACE III JE0_,MEGANE Scenic JA0\/1_,MEGANE I BA0\/1_,MEGANE I Grandtour KA0\/1_,MEGANE I Cabriolet EA0\/1_,LAGUNA I B56_, 556_,LAGUNA I Grandtour K56_,MEGANE I Classic LA0\/1_,MEGANE I Coach DA0\/1_,ESPACE II J\/S63_,SAFRANE I B54_; HYUNDAI: TRAJET FO,SONATA IV EF; SAAB: 9-3 YS3D,9-3 Cabriolet YS3D,900 II; 4950838600, 7701469021, 4483517; Vetoakselin Suojakumi,Paljekumi, Vetoakseli<\/p>\n","protected":false},"excerpt":{"rendered":"<p>ORIGINAL IMPERIUM Vetonivelen Suojakumi 36602 Vetoakselin Suojakumi,Paljekumi, Vetoakseli RENAULT,HYUNDAI,SAAB,CLIO II BB0\/1\/2_, CB0\/1\/2_<\/p>\n","protected":false},"featured_media":0,"template":"","meta":{"site-sidebar-layout":"default","site-content-layout":"default","ast-global-header-display":"","ast-main-header-display":"","ast-hfb-above-header-display":"","ast-hfb-below-header-display":"","ast-hfb-mobile-header-display":"","site-post-title":"","ast-breadcrumbs-content":"","ast-featured-img":"","footer-sml-layout":"","theme-transparent-header-meta":"","adv-header-id-meta":"","stick-header-meta":"","header-above-stick-meta":"","header-main-stick-meta":"","header-below-stick-meta":""},"pwb-brand":[72],"product_cat":[42],"product_tag":[],"class_list":{"0":"post-9777","1":"product","2":"type-product","3":"status-publish","5":"pwb-brand-original-imperium","6":"product_cat-vetonivelen-suojakumi","7":"desktop-align-left","8":"tablet-align-left","9":"mobile-align-left","11":"first","12":"instock","13":"product-type-external"},"brands":[{"id":72,"name":"ORIGINAL IMPERIUM","slug":"original-imperium"}],"_links":{"self":[{"href":"https:\/\/www.autonvaraosahaku.fi\/index.php?rest_route=\/wp\/v2\/product\/9777","targetHints":{"allow":["GET"]}}],"collection":[{"href":"https:\/\/www.autonvaraosahaku.fi\/index.php?rest_route=\/wp\/v2\/product"}],"about":[{"href":"https:\/\/www.autonvaraosahaku.fi\/index.php?rest_route=\/wp\/v2\/types\/product"}],"wp:attachment":[{"href":"https:\/\/www.autonvaraosahaku.fi\/index.php?rest_route=%2Fwp%2Fv2%2Fmedia&parent=9777"}],"wp:term":[{"taxonomy":"pwb-brand","embeddable":true,"href":"https:\/\/www.autonvaraosahaku.fi\/index.php?rest_route=%2Fwp%2Fv2%2Fpwb-brand&post=9777"},{"taxonomy":"product_cat","embeddable":true,"href":"https:\/\/www.autonvaraosahaku.fi\/index.php?rest_route=%2Fwp%2Fv2%2Fproduct_cat&post=9777"},{"taxonomy":"product_tag","embeddable":true,"href":"https:\/\/www.autonvaraosahaku.fi\/index.php?rest_route=%2Fwp%2Fv2%2Fproduct_tag&post=9777"}],"curies":[{"name":"wp","href":"https:\/\/api.w.org\/{rel}","templated":true}]}}