{"id":97779,"date":"2021-02-21T22:16:16","date_gmt":"2021-02-21T22:16:16","guid":{"rendered":"https:\/\/www.autonvaraosahaku.fi\/?product=brembo-14-5069-10-jarrurumpu"},"modified":"2021-02-21T22:16:19","modified_gmt":"2021-02-21T22:16:19","slug":"brembo-14-5069-10-jarrurumpu","status":"publish","type":"product","link":"https:\/\/www.autonvaraosahaku.fi\/?product=brembo-14-5069-10-jarrurumpu","title":{"rendered":"BREMBO 14.5069.10 Jarrurumpu"},"content":{"rendered":"<p>Rumpul\u00e4pimitta: 180; Suurin mahdollinen rummun sis\u00e4mitta (mm): 181; J-rumpu sis\u00e4leveys [mm]: 38; J-rumpu ulkoleveys [mm]: 61,5; Reikien m\u00e4\u00e4r\u00e4: 4; Asennusl\u00e4pimitta [mm]: 61; Asennuspuoli: Hinterachse; HONDA: CRX II ED, EE,CIVIC V Hatchback EG,CIVIC IV Hatchback EC, ED, EE,CIVIC V Stufenheck EG, EH,CIVIC IV Stufenheck ED,CRX I AF, AS,CIVIC III Hatchback AL, AJ, AG, AH,CIVIC III Stufenheck AM, AK, AU; ROVER: 200 XH; 42610SB2010, 42610SB2761, DBP3798, GDB115<\/p>\n","protected":false},"excerpt":{"rendered":"<p>BREMBO Jarrurumpu 14.5069.10  HONDA,ROVER,CRX II ED, EE,CIVIC V Hatchback EG,CIVIC IV Hatchback EC, ED, EE,CIVIC V Stufenheck EG, EH<\/p>\n","protected":false},"featured_media":0,"template":"","meta":{"site-sidebar-layout":"default","site-content-layout":"default","ast-global-header-display":"","ast-main-header-display":"","ast-hfb-above-header-display":"","ast-hfb-below-header-display":"","ast-hfb-mobile-header-display":"","site-post-title":"","ast-breadcrumbs-content":"","ast-featured-img":"","footer-sml-layout":"","theme-transparent-header-meta":"","adv-header-id-meta":"","stick-header-meta":"","header-above-stick-meta":"","header-main-stick-meta":"","header-below-stick-meta":""},"pwb-brand":[146],"product_cat":[304],"product_tag":[],"class_list":{"0":"post-97779","1":"product","2":"type-product","3":"status-publish","5":"pwb-brand-brembo","6":"product_cat-jarrurumpu","7":"desktop-align-left","8":"tablet-align-left","9":"mobile-align-left","11":"first","12":"instock","13":"product-type-external"},"brands":[{"id":146,"name":"BREMBO","slug":"brembo"}],"_links":{"self":[{"href":"https:\/\/www.autonvaraosahaku.fi\/index.php?rest_route=\/wp\/v2\/product\/97779","targetHints":{"allow":["GET"]}}],"collection":[{"href":"https:\/\/www.autonvaraosahaku.fi\/index.php?rest_route=\/wp\/v2\/product"}],"about":[{"href":"https:\/\/www.autonvaraosahaku.fi\/index.php?rest_route=\/wp\/v2\/types\/product"}],"wp:attachment":[{"href":"https:\/\/www.autonvaraosahaku.fi\/index.php?rest_route=%2Fwp%2Fv2%2Fmedia&parent=97779"}],"wp:term":[{"taxonomy":"pwb-brand","embeddable":true,"href":"https:\/\/www.autonvaraosahaku.fi\/index.php?rest_route=%2Fwp%2Fv2%2Fpwb-brand&post=97779"},{"taxonomy":"product_cat","embeddable":true,"href":"https:\/\/www.autonvaraosahaku.fi\/index.php?rest_route=%2Fwp%2Fv2%2Fproduct_cat&post=97779"},{"taxonomy":"product_tag","embeddable":true,"href":"https:\/\/www.autonvaraosahaku.fi\/index.php?rest_route=%2Fwp%2Fv2%2Fproduct_tag&post=97779"}],"curies":[{"name":"wp","href":"https:\/\/api.w.org\/{rel}","templated":true}]}}