{"id":97786,"date":"2021-02-21T22:16:16","date_gmt":"2021-02-21T22:16:16","guid":{"rendered":"https:\/\/www.autonvaraosahaku.fi\/?product=meyle-014-029-0003-polkimen-kumi"},"modified":"2021-02-21T22:16:22","modified_gmt":"2021-02-21T22:16:22","slug":"meyle-014-029-0003-polkimen-kumi","status":"publish","type":"product","link":"https:\/\/www.autonvaraosahaku.fi\/?product=meyle-014-029-0003-polkimen-kumi","title":{"rendered":"MEYLE 014 029 0003 Polkimen kumi"},"content":{"rendered":"<p>Vaihteistomalli: K\u00e4sivaihteisto; V\u00e4ri: Musta; Pituus (mm): 70; Leveys (mm): 63; lis\u00e4tieto: ORIGINAL Quality; Valmistusvuosi alkaen: 04\/1982; MERCEDES-BENZ: C-CLASS W203,C-CLASS T-Model S203,C-CLASS W202,E-CLASS T-Model S211,190 W201,E-CLASS W210,C-CLASS Coupe CL203,M-CLASS W163,Stufenheck W124,E-CLASS Kombi S210,VITO Bus W639,CLK C208,SL R129,CLK C209,C-CLASS Kombi S202,Stufenheck W123,VITO \/ MIXTO Kasten W639,KOMBI Kombi S124,E-CLASS W124,VITO Bus 638,CLK Cabriolet A208,COUPE C124,CLK Cabriolet A209,S-CLASS W140,E-CLASS Kombi S124,V-CLASS 638\/2,KOMBI Kombi S123,VITO Kasten 638,E-CLASS Cabriolet A124,E-CLASS Coupe C124,ACTROS,ACTROS MP2 \/ MP3,ACTROS MP4 \/ MP5,ANTOS,AROCS,ATEGO,ATEGO 2,ATEGO 3; 2012920082; Poljinkumi, Jarru<\/p>\n","protected":false},"excerpt":{"rendered":"<p>MEYLE Polkimen Kumi 014 029 0003 Poljinkumi, Jarru MERCEDES-BENZ,C-CLASS W203,C-CLASS T-Model S203,C-CLASS W202,E-CLASS T-Model S211,190 W201<\/p>\n","protected":false},"featured_media":0,"template":"","meta":{"site-sidebar-layout":"default","site-content-layout":"default","ast-global-header-display":"","ast-main-header-display":"","ast-hfb-above-header-display":"","ast-hfb-below-header-display":"","ast-hfb-mobile-header-display":"","site-post-title":"","ast-breadcrumbs-content":"","ast-featured-img":"","footer-sml-layout":"","theme-transparent-header-meta":"","adv-header-id-meta":"","stick-header-meta":"","header-above-stick-meta":"","header-main-stick-meta":"","header-below-stick-meta":""},"pwb-brand":[84],"product_cat":[107],"product_tag":[],"class_list":{"0":"post-97786","1":"product","2":"type-product","3":"status-publish","5":"pwb-brand-meyle","6":"product_cat-polkimen-kumi","7":"desktop-align-left","8":"tablet-align-left","9":"mobile-align-left","11":"first","12":"instock","13":"product-type-external"},"brands":[{"id":84,"name":"MEYLE","slug":"meyle"}],"_links":{"self":[{"href":"https:\/\/www.autonvaraosahaku.fi\/index.php?rest_route=\/wp\/v2\/product\/97786","targetHints":{"allow":["GET"]}}],"collection":[{"href":"https:\/\/www.autonvaraosahaku.fi\/index.php?rest_route=\/wp\/v2\/product"}],"about":[{"href":"https:\/\/www.autonvaraosahaku.fi\/index.php?rest_route=\/wp\/v2\/types\/product"}],"wp:attachment":[{"href":"https:\/\/www.autonvaraosahaku.fi\/index.php?rest_route=%2Fwp%2Fv2%2Fmedia&parent=97786"}],"wp:term":[{"taxonomy":"pwb-brand","embeddable":true,"href":"https:\/\/www.autonvaraosahaku.fi\/index.php?rest_route=%2Fwp%2Fv2%2Fpwb-brand&post=97786"},{"taxonomy":"product_cat","embeddable":true,"href":"https:\/\/www.autonvaraosahaku.fi\/index.php?rest_route=%2Fwp%2Fv2%2Fproduct_cat&post=97786"},{"taxonomy":"product_tag","embeddable":true,"href":"https:\/\/www.autonvaraosahaku.fi\/index.php?rest_route=%2Fwp%2Fv2%2Fproduct_tag&post=97786"}],"curies":[{"name":"wp","href":"https:\/\/api.w.org\/{rel}","templated":true}]}}