{"id":97801,"date":"2021-02-21T22:16:24","date_gmt":"2021-02-21T22:16:24","guid":{"rendered":"https:\/\/www.autonvaraosahaku.fi\/?product=mapco-64803-oljynsuodatin"},"modified":"2021-02-21T22:16:29","modified_gmt":"2021-02-21T22:16:29","slug":"mapco-64803-oljynsuodatin","status":"publish","type":"product","link":"https:\/\/www.autonvaraosahaku.fi\/?product=mapco-64803-oljynsuodatin","title":{"rendered":"MAPCO 64803 \u00d6ljynsuodatin"},"content":{"rendered":"<p>Suodatintyyppi: Suodatinpanos; Ulkol\u00e4pimitta [mm]: 64; Sis\u00e4l\u00e4pimitta [mm]: 31; Korkeus (mm): 62; VW: POLO 9N_,POLO 6R, 6C,FOX 5Z1, 5Z3; SKODA: FABIA Combi 6Y5,FABIA,FABIA 6Y2,FABIA Combi,ROOMSTER 5J,FABIA Stufenheck 6Y3,ROOMSTER Praktik 5J,RAPID NH3,FABIA Praktik; SEAT: IBIZA IV 6L1,IBIZA V 6J5, 6P5,IBIZA V ST 6J8, 6P8,IBIZA V SPORTCOUPE 6J1, 6P1,CORDOBA 6L2,TOLEDO IV KG3; 03D198819C<\/p>\n","protected":false},"excerpt":{"rendered":"<p>MAPCO \u00d6ljynsuodatin 64803  VW,SKODA,SEAT,POLO 9N_,POLO 6R, 6C,FOX 5Z1, 5Z3,FABIA Combi 6Y5,FABIA,FABIA 6Y2,FABIA Combi,ROOMSTER 5J<\/p>\n","protected":false},"featured_media":0,"template":"","meta":{"site-sidebar-layout":"default","site-content-layout":"default","ast-global-header-display":"","ast-main-header-display":"","ast-hfb-above-header-display":"","ast-hfb-below-header-display":"","ast-hfb-mobile-header-display":"","site-post-title":"","ast-breadcrumbs-content":"","ast-featured-img":"","footer-sml-layout":"","theme-transparent-header-meta":"","adv-header-id-meta":"","stick-header-meta":"","header-above-stick-meta":"","header-main-stick-meta":"","header-below-stick-meta":""},"pwb-brand":[36],"product_cat":[30],"product_tag":[],"class_list":{"0":"post-97801","1":"product","2":"type-product","3":"status-publish","5":"pwb-brand-mapco","6":"product_cat-oljynsuodatin","7":"desktop-align-left","8":"tablet-align-left","9":"mobile-align-left","11":"first","12":"instock","13":"product-type-external"},"brands":[{"id":36,"name":"MAPCO","slug":"mapco"}],"_links":{"self":[{"href":"https:\/\/www.autonvaraosahaku.fi\/index.php?rest_route=\/wp\/v2\/product\/97801","targetHints":{"allow":["GET"]}}],"collection":[{"href":"https:\/\/www.autonvaraosahaku.fi\/index.php?rest_route=\/wp\/v2\/product"}],"about":[{"href":"https:\/\/www.autonvaraosahaku.fi\/index.php?rest_route=\/wp\/v2\/types\/product"}],"wp:attachment":[{"href":"https:\/\/www.autonvaraosahaku.fi\/index.php?rest_route=%2Fwp%2Fv2%2Fmedia&parent=97801"}],"wp:term":[{"taxonomy":"pwb-brand","embeddable":true,"href":"https:\/\/www.autonvaraosahaku.fi\/index.php?rest_route=%2Fwp%2Fv2%2Fpwb-brand&post=97801"},{"taxonomy":"product_cat","embeddable":true,"href":"https:\/\/www.autonvaraosahaku.fi\/index.php?rest_route=%2Fwp%2Fv2%2Fproduct_cat&post=97801"},{"taxonomy":"product_tag","embeddable":true,"href":"https:\/\/www.autonvaraosahaku.fi\/index.php?rest_route=%2Fwp%2Fv2%2Fproduct_tag&post=97801"}],"curies":[{"name":"wp","href":"https:\/\/api.w.org\/{rel}","templated":true}]}}