{"id":97804,"date":"2021-02-21T22:16:24","date_gmt":"2021-02-21T22:16:24","guid":{"rendered":"https:\/\/www.autonvaraosahaku.fi\/?product=mapco-61563-oljynsuodatin"},"modified":"2021-02-21T22:16:30","modified_gmt":"2021-02-21T22:16:30","slug":"mapco-61563-oljynsuodatin","status":"publish","type":"product","link":"https:\/\/www.autonvaraosahaku.fi\/?product=mapco-61563-oljynsuodatin","title":{"rendered":"MAPCO 61563 \u00d6ljynsuodatin"},"content":{"rendered":"<p>Suodatintyyppi: Ruuvattava suodatin; Ulkol\u00e4pimitta [mm]: 66; Sis\u00e4l\u00e4pimitta 1 [mm]: 54; Sis\u00e4l\u00e4pimitta 2 [mm]: 62; Kierremitta: 3\/4-16 UNF; Korkeus (mm): 90; Valmistusvuosi alkaen: 08\/1987; TOYOTA: AVENSIS Kombi T25,RAV 4 III ACA3_, ACE_, ALA3_, GSA3_, ZSA3_,RAV 4 II CLA2_, XA2_, ZCA2_, ACA2_,COROLLA ZZE12_, NDE12_, ZDE12_,AVENSIS T25_,AVENSIS Stufenheck T25,AVENSIS _T22_,AVENSIS Station Wagon _T22_,CELICA ZZT23_,PREVIA MCR3_, ACR3_, CLR3_,AVENSIS Liftback _T22_,AVENSIS VERSO _CLM2_, _ACM2_,CELICA ST20_, AT20_,CELICA Coupe AT18_, ST18_,CAMRY MCV3_, ACV3_, _XV3_,COROLLA Liftback _E9_,MR 2 I AW1_,COROLLA Compact _E9_,CELICA Liftback ST16_, AT16_,CELICA Cabriolet AT20_, ST20_; 1560187110, 71742115, 71746761, 16510085C00, 1651060M11000, 1651061A00, 1651061A01, 1651061A02, 1651061A20, 1651061A20MHL, 1651061A21, 1651061A21000, 1651061A30000, 1651061A31000, 1651085C00, 1560176008, 156017600871, 9008091210, 9091503004, 9091510002, 9091510004, 90915TA002, 8614737, 8614745<\/p>\n","protected":false},"excerpt":{"rendered":"<p>MAPCO \u00d6ljynsuodatin 61563  TOYOTA,AVENSIS Kombi T25,RAV 4 III ACA3_, ACE_, ALA3_, GSA3_, ZSA3_,RAV 4 II CLA2_, XA2_, ZCA2_, ACA2_<\/p>\n","protected":false},"featured_media":0,"template":"","meta":{"site-sidebar-layout":"default","site-content-layout":"default","ast-global-header-display":"","ast-main-header-display":"","ast-hfb-above-header-display":"","ast-hfb-below-header-display":"","ast-hfb-mobile-header-display":"","site-post-title":"","ast-breadcrumbs-content":"","ast-featured-img":"","footer-sml-layout":"","theme-transparent-header-meta":"","adv-header-id-meta":"","stick-header-meta":"","header-above-stick-meta":"","header-main-stick-meta":"","header-below-stick-meta":""},"pwb-brand":[36],"product_cat":[30],"product_tag":[],"class_list":{"0":"post-97804","1":"product","2":"type-product","3":"status-publish","5":"pwb-brand-mapco","6":"product_cat-oljynsuodatin","7":"desktop-align-left","8":"tablet-align-left","9":"mobile-align-left","11":"first","12":"instock","13":"product-type-external"},"brands":[{"id":36,"name":"MAPCO","slug":"mapco"}],"_links":{"self":[{"href":"https:\/\/www.autonvaraosahaku.fi\/index.php?rest_route=\/wp\/v2\/product\/97804","targetHints":{"allow":["GET"]}}],"collection":[{"href":"https:\/\/www.autonvaraosahaku.fi\/index.php?rest_route=\/wp\/v2\/product"}],"about":[{"href":"https:\/\/www.autonvaraosahaku.fi\/index.php?rest_route=\/wp\/v2\/types\/product"}],"wp:attachment":[{"href":"https:\/\/www.autonvaraosahaku.fi\/index.php?rest_route=%2Fwp%2Fv2%2Fmedia&parent=97804"}],"wp:term":[{"taxonomy":"pwb-brand","embeddable":true,"href":"https:\/\/www.autonvaraosahaku.fi\/index.php?rest_route=%2Fwp%2Fv2%2Fpwb-brand&post=97804"},{"taxonomy":"product_cat","embeddable":true,"href":"https:\/\/www.autonvaraosahaku.fi\/index.php?rest_route=%2Fwp%2Fv2%2Fproduct_cat&post=97804"},{"taxonomy":"product_tag","embeddable":true,"href":"https:\/\/www.autonvaraosahaku.fi\/index.php?rest_route=%2Fwp%2Fv2%2Fproduct_tag&post=97804"}],"curies":[{"name":"wp","href":"https:\/\/api.w.org\/{rel}","templated":true}]}}