{"id":97812,"date":"2021-02-21T22:16:33","date_gmt":"2021-02-21T22:16:33","guid":{"rendered":"https:\/\/www.autonvaraosahaku.fi\/?product=mapco-71866-jouset"},"modified":"2021-02-21T22:16:34","modified_gmt":"2021-02-21T22:16:34","slug":"mapco-71866-jouset","status":"publish","type":"product","link":"https:\/\/www.autonvaraosahaku.fi\/?product=mapco-71866-jouset","title":{"rendered":"MAPCO 71866 Jouset"},"content":{"rendered":"<p>Jousimalli: Kierrejousi; Asennuspuoli: Etuakseli; Paksuus [mm]: 12,3; L\u00e4pimitta [mm]: 148; Kierroslukum\u00e4\u00e4r\u00e4: 5,3; Pituus (mm): 346; Vaihdettava pareittain: ; VW: GOLF V 1K1,TOURAN 1T1, 1T2,GOLF VI 5K1,GOLF PLUS 5M1, 521,GOLF VI Variant AJ5,GOLF V Variant 1K5,EOS 1F7, 1F8; 1K0411105BC; Kierrejousi<\/p>\n","protected":false},"excerpt":{"rendered":"<p>MAPCO Jousi 71866 Kierrejousi VW,GOLF V 1K1,TOURAN 1T1, 1T2,GOLF VI 5K1,GOLF PLUS 5M1, 521,GOLF VI Variant AJ5,GOLF V Variant 1K5,EOS 1F7, 1F8<\/p>\n","protected":false},"featured_media":0,"template":"","meta":{"site-sidebar-layout":"default","site-content-layout":"default","ast-global-header-display":"","ast-main-header-display":"","ast-hfb-above-header-display":"","ast-hfb-below-header-display":"","ast-hfb-mobile-header-display":"","site-post-title":"","ast-breadcrumbs-content":"","ast-featured-img":"","footer-sml-layout":"","theme-transparent-header-meta":"","adv-header-id-meta":"","stick-header-meta":"","header-above-stick-meta":"","header-main-stick-meta":"","header-below-stick-meta":""},"pwb-brand":[36],"product_cat":[171],"product_tag":[],"class_list":{"0":"post-97812","1":"product","2":"type-product","3":"status-publish","5":"pwb-brand-mapco","6":"product_cat-jouset","7":"desktop-align-left","8":"tablet-align-left","9":"mobile-align-left","11":"first","12":"instock","13":"product-type-external"},"brands":[{"id":36,"name":"MAPCO","slug":"mapco"}],"_links":{"self":[{"href":"https:\/\/www.autonvaraosahaku.fi\/index.php?rest_route=\/wp\/v2\/product\/97812","targetHints":{"allow":["GET"]}}],"collection":[{"href":"https:\/\/www.autonvaraosahaku.fi\/index.php?rest_route=\/wp\/v2\/product"}],"about":[{"href":"https:\/\/www.autonvaraosahaku.fi\/index.php?rest_route=\/wp\/v2\/types\/product"}],"wp:attachment":[{"href":"https:\/\/www.autonvaraosahaku.fi\/index.php?rest_route=%2Fwp%2Fv2%2Fmedia&parent=97812"}],"wp:term":[{"taxonomy":"pwb-brand","embeddable":true,"href":"https:\/\/www.autonvaraosahaku.fi\/index.php?rest_route=%2Fwp%2Fv2%2Fpwb-brand&post=97812"},{"taxonomy":"product_cat","embeddable":true,"href":"https:\/\/www.autonvaraosahaku.fi\/index.php?rest_route=%2Fwp%2Fv2%2Fproduct_cat&post=97812"},{"taxonomy":"product_tag","embeddable":true,"href":"https:\/\/www.autonvaraosahaku.fi\/index.php?rest_route=%2Fwp%2Fv2%2Fproduct_tag&post=97812"}],"curies":[{"name":"wp","href":"https:\/\/api.w.org\/{rel}","templated":true}]}}