{"id":97817,"date":"2021-02-21T22:16:33","date_gmt":"2021-02-21T22:16:33","guid":{"rendered":"https:\/\/www.autonvaraosahaku.fi\/?product=corteco-220070h-kierretulppa"},"modified":"2021-02-21T22:16:36","modified_gmt":"2021-02-21T22:16:36","slug":"corteco-220070h-kierretulppa","status":"publish","type":"product","link":"https:\/\/www.autonvaraosahaku.fi\/?product=corteco-220070h-kierretulppa","title":{"rendered":"CORTECO 220070H Kierretulppa"},"content":{"rendered":"<p>Pituus (mm): 31; Kierremitta: M 12 x 1,25 x 16,5; Avainv\u00e4li: 14; Pakkaustyyppi: Pussi; DAIHATSU: SIRION M3_,CUORE VIII,CHARADE; SUBARU: TREZIA; TOYOTA: YARIS SCP9_, NSP9_, KSP9_, NCP9_, ZSP9_,YARIS SCP1_, NLP1_, NCP1_,AYGO WNB1_, KGB1_,AURIS NRE15_, ZZE15_, ADE15_, ZRE15_, NDE15_,YARIS NHP13_, NSP13_, NCP13_, KSP13_, NLP13_,AURIS NZE18_, ZRE18_,IQ KPJ1_, NGJ1_, KGJ1_, NUJ1_,VERSO S NLP12_, NCP12_, NSP12_,URBAN CRUISER NSP1_, NLP1_, ZSP1_, NCP11_,COROLLA Stufenheck E15_,AYGO PAB4_, KGB4_; CITRO\u00cbN: C1 PM_, PN_,C1 II; PEUGEOT: 107,108; ASTON MARTIN: CYGNET; \u00d6ljytulppa,Kierretulppa, \u00d6ljypohja<\/p>\n","protected":false},"excerpt":{"rendered":"<p>CORTECO Kierretulppa 220070H \u00d6ljytulppa,Kierretulppa, \u00d6ljypohja DAIHATSU,SUBARU,TOYOTA,SIRION M3_,CUORE VIII,CHARADE,TREZIA<\/p>\n","protected":false},"featured_media":0,"template":"","meta":{"site-sidebar-layout":"default","site-content-layout":"default","ast-global-header-display":"","ast-main-header-display":"","ast-hfb-above-header-display":"","ast-hfb-below-header-display":"","ast-hfb-mobile-header-display":"","site-post-title":"","ast-breadcrumbs-content":"","ast-featured-img":"","footer-sml-layout":"","theme-transparent-header-meta":"","adv-header-id-meta":"","stick-header-meta":"","header-above-stick-meta":"","header-main-stick-meta":"","header-below-stick-meta":""},"pwb-brand":[53],"product_cat":[40],"product_tag":[],"class_list":{"0":"post-97817","1":"product","2":"type-product","3":"status-publish","5":"pwb-brand-corteco","6":"product_cat-kierretulppa","7":"desktop-align-left","8":"tablet-align-left","9":"mobile-align-left","11":"first","12":"instock","13":"product-type-external"},"brands":[{"id":53,"name":"CORTECO","slug":"corteco"}],"_links":{"self":[{"href":"https:\/\/www.autonvaraosahaku.fi\/index.php?rest_route=\/wp\/v2\/product\/97817","targetHints":{"allow":["GET"]}}],"collection":[{"href":"https:\/\/www.autonvaraosahaku.fi\/index.php?rest_route=\/wp\/v2\/product"}],"about":[{"href":"https:\/\/www.autonvaraosahaku.fi\/index.php?rest_route=\/wp\/v2\/types\/product"}],"wp:attachment":[{"href":"https:\/\/www.autonvaraosahaku.fi\/index.php?rest_route=%2Fwp%2Fv2%2Fmedia&parent=97817"}],"wp:term":[{"taxonomy":"pwb-brand","embeddable":true,"href":"https:\/\/www.autonvaraosahaku.fi\/index.php?rest_route=%2Fwp%2Fv2%2Fpwb-brand&post=97817"},{"taxonomy":"product_cat","embeddable":true,"href":"https:\/\/www.autonvaraosahaku.fi\/index.php?rest_route=%2Fwp%2Fv2%2Fproduct_cat&post=97817"},{"taxonomy":"product_tag","embeddable":true,"href":"https:\/\/www.autonvaraosahaku.fi\/index.php?rest_route=%2Fwp%2Fv2%2Fproduct_tag&post=97817"}],"curies":[{"name":"wp","href":"https:\/\/api.w.org\/{rel}","templated":true}]}}