{"id":97818,"date":"2021-02-21T22:16:33","date_gmt":"2021-02-21T22:16:33","guid":{"rendered":"https:\/\/www.autonvaraosahaku.fi\/?product=vegaz-mzd-102-pakosarjan-tiivisteet"},"modified":"2021-02-21T22:16:37","modified_gmt":"2021-02-21T22:16:37","slug":"vegaz-mzd-102-pakosarjan-tiivisteet","status":"publish","type":"product","link":"https:\/\/www.autonvaraosahaku.fi\/?product=vegaz-mzd-102-pakosarjan-tiivisteet","title":{"rendered":"VEGAZ MZD-102 Pakosarjan tiivisteet"},"content":{"rendered":"<p>Paino [kg]: 0,01; Reik\u00e4lukum\u00e4\u00e4r\u00e4 2: 2; L\u00e4pimitta 1 [mm]: 52; L\u00e4pimitta 2 [mm]: 11,2; Valmistusvuosi alkaen: 09\/1983; MAZDA: MX-5 I NA,MX-3 EC,323 C IV BG,FAMILIA IV BF,121 II DB,626 III GD,FAMILIA IV BG,626 III Hatchback GD,626 III Coupe GD,E-SERIE Kasten SR2,626 III Station Wagon GV,626 II GC,626 II Hatchback GC,929 II Coupe HB,323 II Hatchback BD,323 II BD,929 II HB; KIA: CARENS II FJ,SPORTAGE K00,RETONA CE,SEPHIA Stufenheck FA,PREGIO Kasten TB,SEPHIA FA,K2700 SD; SUZUKI: VITARA ET, TA,VITARA Cabrio ET, TA; SUBARU: LEGACY III Station Wagon BE, BH,OUTBACK BE, BH,LEGACY III BE, BH; TOYOTA: COROLLA Liftback _E9_,COROLLA Compact _E9_,COROLLA Station Wagon _E9_,COROLLA _E9_; FIAT: UNO 146A\/E; 0043181200, 6159188, 6158920, 6172323, 6159188, 6158920, 6159188, 6172323, 2465391, MB687001, 6158920, 6159188, 6158920, 6159188, 6158920, 6172323, 6158920, 6159188, 0043181200; Tiiviste, Pakoputki<\/p>\n","protected":false},"excerpt":{"rendered":"<p>VEGAZ Pakoputken Tiiviste MZD-102 Tiiviste, Pakoputki MAZDA,KIA,SUZUKI,MX-5 I NA,MX-3 EC,323 C IV BG,FAMILIA IV BF,121 II DB,626 III GD,FAMILIA IV BG<\/p>\n","protected":false},"featured_media":0,"template":"","meta":{"site-sidebar-layout":"default","site-content-layout":"default","ast-global-header-display":"","ast-main-header-display":"","ast-hfb-above-header-display":"","ast-hfb-below-header-display":"","ast-hfb-mobile-header-display":"","site-post-title":"","ast-breadcrumbs-content":"","ast-featured-img":"","footer-sml-layout":"","theme-transparent-header-meta":"","adv-header-id-meta":"","stick-header-meta":"","header-above-stick-meta":"","header-main-stick-meta":"","header-below-stick-meta":""},"pwb-brand":[306],"product_cat":[123],"product_tag":[],"class_list":{"0":"post-97818","1":"product","2":"type-product","3":"status-publish","5":"pwb-brand-vegaz","6":"product_cat-pakosarjan-tiivisteet","7":"desktop-align-left","8":"tablet-align-left","9":"mobile-align-left","11":"first","12":"instock","13":"product-type-external"},"brands":[{"id":306,"name":"VEGAZ","slug":"vegaz"}],"_links":{"self":[{"href":"https:\/\/www.autonvaraosahaku.fi\/index.php?rest_route=\/wp\/v2\/product\/97818","targetHints":{"allow":["GET"]}}],"collection":[{"href":"https:\/\/www.autonvaraosahaku.fi\/index.php?rest_route=\/wp\/v2\/product"}],"about":[{"href":"https:\/\/www.autonvaraosahaku.fi\/index.php?rest_route=\/wp\/v2\/types\/product"}],"wp:attachment":[{"href":"https:\/\/www.autonvaraosahaku.fi\/index.php?rest_route=%2Fwp%2Fv2%2Fmedia&parent=97818"}],"wp:term":[{"taxonomy":"pwb-brand","embeddable":true,"href":"https:\/\/www.autonvaraosahaku.fi\/index.php?rest_route=%2Fwp%2Fv2%2Fpwb-brand&post=97818"},{"taxonomy":"product_cat","embeddable":true,"href":"https:\/\/www.autonvaraosahaku.fi\/index.php?rest_route=%2Fwp%2Fv2%2Fproduct_cat&post=97818"},{"taxonomy":"product_tag","embeddable":true,"href":"https:\/\/www.autonvaraosahaku.fi\/index.php?rest_route=%2Fwp%2Fv2%2Fproduct_tag&post=97818"}],"curies":[{"name":"wp","href":"https:\/\/api.w.org\/{rel}","templated":true}]}}