{"id":97827,"date":"2021-02-21T22:16:33","date_gmt":"2021-02-21T22:16:33","guid":{"rendered":"https:\/\/www.autonvaraosahaku.fi\/?product=vemo-v32-73-0001-oljynpaineanturi"},"modified":"2021-02-21T22:16:40","modified_gmt":"2021-02-21T22:16:40","slug":"vemo-v32-73-0001-oljynpaineanturi","status":"publish","type":"product","link":"https:\/\/www.autonvaraosahaku.fi\/?product=vemo-v32-73-0001-oljynpaineanturi","title":{"rendered":"VEMO V32-73-0001 \u00d6ljynpaineanturi"},"content":{"rendered":"<p>Kierremitta: 1\/8 GAS; Kytkent\u00e4paine (bar): 0,4; Paino [kg]: 0,04436; Pakkausleveys [cm]: 5,8; Pakkauskorkeus [mm]: 3,3; Pakkaussyvyys [cm]: 3; Tuotelinja: Q+, original equipment manufacturer quality; Rakennemalli: V24W\/V44W; MAZDA: 5 CR19,3 BK,6 Station Wagon GY,MX-5 II NB,6 Kombi GH,2 DE,323 F VI BJ,PREMACY CP,CX-7 ER,3 BL,3 BM,DEMIO DW,6 Schr\u00e4gheck GH,626 V Hatchback GF,3 Stufenheck BK,6 GH,MPV II LW,626 V GF,626 V Station Wagon GW,323 P V BA,3 Stufenheck BL,626 IV Hatchback GE,FAMILIA VI BJ,3 Stufenheck BM,B-SERIE UN,XEDOS 6 CA,BT-50 CD, UN,XEDOS 9 TA,FAMILIA V BA,FAMILIA V BG8,323 III Hatchback BF,121 II DB,626 III GD,626 III Hatchback GD,626 III Coupe GD,626 III Station Wagon GV,323 III Station Wagon BW; CHEVROLET: MATIZ M200, M250,SPARK M300,AVEO Schr\u00e4gheck T250, T255,AVEO Schr\u00e4gheck T300,AVEO Stufenheck T250, T255,AVEO Stufenheck T300,SPARK M200 M250,AVEO Schr\u00e4gheck T200; DAEWOO: KALOS KLAS,MATIZ KLYA,MATIZ Kasten KLA4; NISSAN: PATROL GR II Wagon Y61; KIA: SORENTO I JC,CEE&#8217;D SW ED,CEE&#8217;D Schr\u00e4gheck ED,SPORTAGE JE_, KM_,CARENS II FJ,RIO II JB,CARNIVAL II GQ,PRO CEE&#8217;D ED,CERATO LD,MAGENTIS GD,CERATO Stufenheck LD,RIO II Stufenheck JB,JOICE,CARNIVAL I UP,PREGIO Kasten TB,K2700 SD,PREGIO Bus,K2500 SD; HYUNDAI: i30 FD,GETZ TB,TUCSON JM,i30 CW FD,SANTA F\u00c9 I SM,MATRIX FC,TERRACAN HP,COUPE GK,ATOS MX,TRAJET FO,GALLOPER II JK-01,SONATA IV EF,ACCENT II LC,COUPE RD,H-1 Kasten,ACCENT III MC,H-1 \/ STAREX,ELANTRA XD,ACCENT III Stufenheck MC,ELANTRA Stufenheck XD,ACCENT I X-3,ACCENT II Stufenheck LC,XG XG,LANTRA II Wagon J-2,LANTRA II J-2,SANTAMO,ACCENT Stufenheck X-3,SONATA III Y-3,LANTRA I J-1,S COUPE SLC,H100 Bus P,HIGHWAY VAN,H100 Kasten,TIBURON Coupe,ELANTRA Stufenheck HD,H-1 Pritsche\/Fahrgestell,H100 Pick-up,H100 Pritsche\/Fahrgestell; SUZUKI: JIMNY FJ,GRAND VITARA II JT,GRAND VITARA I FT,WAGON R+ MM,IGNIS FH,LIANA Schr\u00e4gheck,LIANA ER,WAGON R+ EM,BALENO Kombi EG,BALENO EG,BALENO Schr\u00e4gheck EG,X-90 EL,WAGON R,CARRY Kasten FD,GRAND VITARA I Cabriolet GT,JIMNY Gel\u00e4ndewagen offen SN; OPEL: AGILA B H08; TOYOTA: CAMRY _V2_; MITSUBISHI: SPACE STAR DG_A,CARISMA DA_,GRANDIS NA_W,COLT V CJ_, CP_,OUTLANDER I CU_W,LANCER Kombi CS_W,PAJERO PININ H6_W, H7_W,CARISMA Stufenheck DA_,PAJERO III V7_W, V6_W,GALANT VI Station Wagon EA_,GALANT VI EA_,SPACE WAGON N9_W, N8_W,L 200 K7_T, K6_T,L 200 KB_T, KA_T,PAJERO II V3_W, V2_W, V4_W,LANCER Stufenheck CS_A, CT0,PAJERO SPORT K90,COLT IV CA_A,ECLIPSE II D3_A,ECLIPSE I D2_A,SPACE RUNNER N6_W,PAJERO CLASSIC V2_W,SPACE RUNNER N1_W, N2_W,L 400 \/ SPACE GEAR Bus PD_W, PC_W, PA_V, PB_V,LANCER VI CJ-CP_,3000 GT Z16A,PAJERO II V3_W,SIGMA F2_A, F1_A,LANCER V Station Wagon CB_W, CD_W,LANCER V CB\/D_A,L 200 Pritsche\/Fahrgestell KA_T, KB_T,SPACE WAGON N3_W, N4_W,PAJERO SPORT VAN K90,LANCER IV C6_A, C7_A,PAJERO III Gel\u00e4ndewagen offen V6_W, V7_W,GALANT V Stufenheck E5_A, E7_A, E8_A,GALANT V E5_A, E7_A, E8_A,PAJERO II Canvas Top V2_W, V4_W,L 400 Kasten PD_W, PC_W, PB_V, PA_W, PA_V,GALANT Stufenheck DJ_, ED_, EF_,DELICA,GTO Coupe Z1_A,Canter (FB7, FB8, FE7, FE8) 7.Generation,Canter (FE3, FE4) 5.Generation,Canter (FE5, FE6) 6.Generation; J8353014030, 1258A002, 1258A002, MD001482, MD001483, MD021566, MD021567, 37830A82010, 37830A82010000, 37830H82010000, 96408134, 8353014030000, R20718501, 71742590, 2029384, 3024539, 3600688, 3698410, E9BZ9278A, F0BZ9278A, F1CZ9278A, F48Z9278A, F4BZ9278A, F52Z9278AA, XM349278BA, 31300706000, 31300706003, 35500300000, 35500333004, 37200590036, 37240634071, 37240634305, 37240634671, 37240657013, 37240PD1003, 37240PZ3003, 42955500, 42957000, 8353087705, 5751017700, 9475011000, 9475011010, 9475011012, 9475011102, 9475021000, 9475021010, 9475021020, 9475021030, OK90018501, OK90018501A, OK90018501B, OK90018501C, 252404A00A, 252404A0A5, 782000480, 997245, 94841821, 984841821, 0K71E18501, 0K90018501C, 0K90118501, 9461073011, 9475011000, 9475011110, 9475042000, OK90018501, OK90018501A, OK90018501B, OK90018501C, 134518501, B36618501, B36718501, B36718501A, B36718501B, FS1118501A, FS111850X, JE4818501, JE4818501A, 1258A002, 355645, 9473021030, D138993, MC840119, MC840219, MD001481, MD001482, MD0&#8230;; \u00d6ljynpainekytkin<\/p>\n","protected":false},"excerpt":{"rendered":"<p>VEMO \u00d6ljynpaineanturi V32-73-0001 \u00d6ljynpainekytkin MAZDA,CHEVROLET,DAEWOO,5 CR19,3 BK,6 Station Wagon GY,MX-5 II NB,6 Kombi GH,2 DE,323 F VI BJ<\/p>\n","protected":false},"featured_media":0,"template":"","meta":{"site-sidebar-layout":"default","site-content-layout":"default","ast-global-header-display":"","ast-main-header-display":"","ast-hfb-above-header-display":"","ast-hfb-below-header-display":"","ast-hfb-mobile-header-display":"","site-post-title":"","ast-breadcrumbs-content":"","ast-featured-img":"","footer-sml-layout":"","theme-transparent-header-meta":"","adv-header-id-meta":"","stick-header-meta":"","header-above-stick-meta":"","header-main-stick-meta":"","header-below-stick-meta":""},"pwb-brand":[168],"product_cat":[235],"product_tag":[],"class_list":{"0":"post-97827","1":"product","2":"type-product","3":"status-publish","5":"pwb-brand-vemo","6":"product_cat-oljynpaineanturi","7":"desktop-align-left","8":"tablet-align-left","9":"mobile-align-left","11":"first","12":"instock","13":"product-type-external"},"brands":[{"id":168,"name":"VEMO","slug":"vemo"}],"_links":{"self":[{"href":"https:\/\/www.autonvaraosahaku.fi\/index.php?rest_route=\/wp\/v2\/product\/97827","targetHints":{"allow":["GET"]}}],"collection":[{"href":"https:\/\/www.autonvaraosahaku.fi\/index.php?rest_route=\/wp\/v2\/product"}],"about":[{"href":"https:\/\/www.autonvaraosahaku.fi\/index.php?rest_route=\/wp\/v2\/types\/product"}],"wp:attachment":[{"href":"https:\/\/www.autonvaraosahaku.fi\/index.php?rest_route=%2Fwp%2Fv2%2Fmedia&parent=97827"}],"wp:term":[{"taxonomy":"pwb-brand","embeddable":true,"href":"https:\/\/www.autonvaraosahaku.fi\/index.php?rest_route=%2Fwp%2Fv2%2Fpwb-brand&post=97827"},{"taxonomy":"product_cat","embeddable":true,"href":"https:\/\/www.autonvaraosahaku.fi\/index.php?rest_route=%2Fwp%2Fv2%2Fproduct_cat&post=97827"},{"taxonomy":"product_tag","embeddable":true,"href":"https:\/\/www.autonvaraosahaku.fi\/index.php?rest_route=%2Fwp%2Fv2%2Fproduct_tag&post=97827"}],"curies":[{"name":"wp","href":"https:\/\/api.w.org\/{rel}","templated":true}]}}