{"id":97855,"date":"2021-02-21T22:16:50","date_gmt":"2021-02-21T22:16:50","guid":{"rendered":"https:\/\/www.autonvaraosahaku.fi\/?product=trw-jhm153t-iskunvaimennin"},"modified":"2021-02-21T22:16:52","modified_gmt":"2021-02-21T22:16:52","slug":"trw-jhm153t-iskunvaimennin","status":"publish","type":"product","link":"https:\/\/www.autonvaraosahaku.fi\/?product=trw-jhm153t-iskunvaimennin","title":{"rendered":"TRW JHM153T Iskunvaimennin"},"content":{"rendered":"<p>Asennuspuoli: Etuakseli; Lukum\u00e4\u00e4r\u00e4 akselille: 1; Iskunvaimennin tyyppi: \u00d6ljypaine; Iskunvaimennin malli: Joustintuki; Iskunvaimennusj\u00e4rjestelm\u00e4: Kaksiputki; Iskunvaimennin asennustapa: Tappi ylh\u00e4\u00e4ll\u00e4; L\u00e4pimitta [mm]: 45; Kierremitta: M12x1,25; Pituus 1 (mm): 470; Pituus 2 (mm): 325; M\u00e4nn\u00e4nvarren l\u00e4pimitta [mm]: 20; Huomioi tekniset tiedot: ; Tuotelinja: TWIN; OPEL: CORSA B 73_, 78_, 79_,CORSA CLASSIC Stufenheck; VAUXHALL: CORSA Mk I B,COMBO Mk I B; 0344233, 344105, 344166, 344233, 344234, 344235, 344276, 344279, 344280, 344289, 344290, 344315, 344316, 344317, 344322, 72061511, 72117767, 72117770, 72118174, 72118286, 72118795, 72119025, 72119026, 72119027, 72119035, 90445377, 90445378, 90445379, 90496082, 93293007, 72061511, 72117767, 72118174, 72118285, 72118286, 72119025, 72119026, 72119027, 72119035, 90445377, 90445378, 90496082; Iskarit,Iskunvaimennin<\/p>\n","protected":false},"excerpt":{"rendered":"<p>TRW Iskunvaimentimet JHM153T Iskarit,Iskunvaimennin OPEL,VAUXHALL,CORSA B 73_, 78_, 79_,CORSA CLASSIC Stufenheck,CORSA Mk I B,COMBO Mk I B<\/p>\n","protected":false},"featured_media":0,"template":"","meta":{"site-sidebar-layout":"default","site-content-layout":"default","ast-global-header-display":"","ast-main-header-display":"","ast-hfb-above-header-display":"","ast-hfb-below-header-display":"","ast-hfb-mobile-header-display":"","site-post-title":"","ast-breadcrumbs-content":"","ast-featured-img":"","footer-sml-layout":"","theme-transparent-header-meta":"","adv-header-id-meta":"","stick-header-meta":"","header-above-stick-meta":"","header-main-stick-meta":"","header-below-stick-meta":""},"pwb-brand":[332],"product_cat":[80],"product_tag":[],"class_list":{"0":"post-97855","1":"product","2":"type-product","3":"status-publish","5":"pwb-brand-trw","6":"product_cat-iskunvaimennin","7":"desktop-align-left","8":"tablet-align-left","9":"mobile-align-left","11":"first","12":"instock","13":"product-type-external"},"brands":[{"id":332,"name":"TRW","slug":"trw"}],"_links":{"self":[{"href":"https:\/\/www.autonvaraosahaku.fi\/index.php?rest_route=\/wp\/v2\/product\/97855","targetHints":{"allow":["GET"]}}],"collection":[{"href":"https:\/\/www.autonvaraosahaku.fi\/index.php?rest_route=\/wp\/v2\/product"}],"about":[{"href":"https:\/\/www.autonvaraosahaku.fi\/index.php?rest_route=\/wp\/v2\/types\/product"}],"wp:attachment":[{"href":"https:\/\/www.autonvaraosahaku.fi\/index.php?rest_route=%2Fwp%2Fv2%2Fmedia&parent=97855"}],"wp:term":[{"taxonomy":"pwb-brand","embeddable":true,"href":"https:\/\/www.autonvaraosahaku.fi\/index.php?rest_route=%2Fwp%2Fv2%2Fpwb-brand&post=97855"},{"taxonomy":"product_cat","embeddable":true,"href":"https:\/\/www.autonvaraosahaku.fi\/index.php?rest_route=%2Fwp%2Fv2%2Fproduct_cat&post=97855"},{"taxonomy":"product_tag","embeddable":true,"href":"https:\/\/www.autonvaraosahaku.fi\/index.php?rest_route=%2Fwp%2Fv2%2Fproduct_tag&post=97855"}],"curies":[{"name":"wp","href":"https:\/\/api.w.org\/{rel}","templated":true}]}}