{"id":97888,"date":"2021-02-21T22:16:58","date_gmt":"2021-02-21T22:16:58","guid":{"rendered":"https:\/\/www.autonvaraosahaku.fi\/?product=era-330327-jarruvalokytkin"},"modified":"2021-02-21T22:17:06","modified_gmt":"2021-02-21T22:17:06","slug":"era-330327-jarruvalokytkin","status":"publish","type":"product","link":"https:\/\/www.autonvaraosahaku.fi\/?product=era-330327-jarruvalokytkin","title":{"rendered":"ERA 330327 Jarruvalokytkin"},"content":{"rendered":"<p>Liitinkierre: M12 x 1,5; K\u00e4ytt\u00f6: Mekaaninen; Liittimi\u00e4: 2; Teknisten tietojen numero: circuit N.C.; VW: PASSAT Variant 3B5,PASSAT 3B2; AUDI: A4 8D2, B5,A6 Avant 4B5, C5,A4 Avant 8D5, B5,A6 4B2, C5,80 89, 89Q, 8A, B3,CABRIOLET 8G7, B4,100 4A, C4,A8 4D2, 4D8,80 Avant 8C, B4,100 44, 44Q, C3,A6 Avant 4A, C4,A6 4A, C4,COUPE 89, 8B,80 81, 85, B2,100 Avant 4A, C4,90 89, 89Q, 8A, B3,100 Avant 44, 44Q, C3,COUPE 81, 85,V8 44_, 4C_,200 44, 44Q,90 81, 85, B2; 443945515; Jarruvalokatkaisin<\/p>\n","protected":false},"excerpt":{"rendered":"<p>ERA Jarruvalokytkin 330327 Jarruvalokatkaisin VW,AUDI,PASSAT Variant 3B5,PASSAT 3B2,A4 8D2, B5,A6 Avant 4B5, C5,A4 Avant 8D5, B5,A6 4B2, C5<\/p>\n","protected":false},"featured_media":0,"template":"","meta":{"site-sidebar-layout":"default","site-content-layout":"default","ast-global-header-display":"","ast-main-header-display":"","ast-hfb-above-header-display":"","ast-hfb-below-header-display":"","ast-hfb-mobile-header-display":"","site-post-title":"","ast-breadcrumbs-content":"","ast-featured-img":"","footer-sml-layout":"","theme-transparent-header-meta":"","adv-header-id-meta":"","stick-header-meta":"","header-above-stick-meta":"","header-main-stick-meta":"","header-below-stick-meta":""},"pwb-brand":[64],"product_cat":[117],"product_tag":[],"class_list":{"0":"post-97888","1":"product","2":"type-product","3":"status-publish","5":"pwb-brand-era","6":"product_cat-jarruvalokytkin","7":"desktop-align-left","8":"tablet-align-left","9":"mobile-align-left","11":"first","12":"instock","13":"product-type-external"},"brands":[{"id":64,"name":"ERA","slug":"era"}],"_links":{"self":[{"href":"https:\/\/www.autonvaraosahaku.fi\/index.php?rest_route=\/wp\/v2\/product\/97888","targetHints":{"allow":["GET"]}}],"collection":[{"href":"https:\/\/www.autonvaraosahaku.fi\/index.php?rest_route=\/wp\/v2\/product"}],"about":[{"href":"https:\/\/www.autonvaraosahaku.fi\/index.php?rest_route=\/wp\/v2\/types\/product"}],"wp:attachment":[{"href":"https:\/\/www.autonvaraosahaku.fi\/index.php?rest_route=%2Fwp%2Fv2%2Fmedia&parent=97888"}],"wp:term":[{"taxonomy":"pwb-brand","embeddable":true,"href":"https:\/\/www.autonvaraosahaku.fi\/index.php?rest_route=%2Fwp%2Fv2%2Fpwb-brand&post=97888"},{"taxonomy":"product_cat","embeddable":true,"href":"https:\/\/www.autonvaraosahaku.fi\/index.php?rest_route=%2Fwp%2Fv2%2Fproduct_cat&post=97888"},{"taxonomy":"product_tag","embeddable":true,"href":"https:\/\/www.autonvaraosahaku.fi\/index.php?rest_route=%2Fwp%2Fv2%2Fproduct_tag&post=97888"}],"curies":[{"name":"wp","href":"https:\/\/api.w.org\/{rel}","templated":true}]}}