{"id":97905,"date":"2021-02-21T22:17:07","date_gmt":"2021-02-21T22:17:07","guid":{"rendered":"https:\/\/www.autonvaraosahaku.fi\/?product=diederichs-1415082-ajovaloumpio"},"modified":"2021-02-21T22:17:13","modified_gmt":"2021-02-21T22:17:13","slug":"diederichs-1415082-ajovaloumpio","status":"publish","type":"product","link":"https:\/\/www.autonvaraosahaku.fi\/?product=diederichs-1415082-ajovaloumpio","title":{"rendered":"DIEDERICHS 1415082 Ajovaloumpio"},"content":{"rendered":"<p>Asennuspuoli: Oikea; Lamppumalli: H4; Laatu: Depo \/ TYC; Varusteet: Autoihin, joissa ajovalo korkeudens\u00e4\u00e4t\u00f6; Rekister\u00f6ity tyyppi: E-hyv\u00e4ksytty; Valmistusvuoteen: 10\/2001; FORD: FOCUS Kombi DNW,FOCUS DAW, DBW,FOCUS Stufenheck DFW; 1063819, 1070139, 1070678, 1071973, 1074879, 1075076, 1084889, 1084890, 1088970, 1088972, 1106854, 1116262, 1134217, 1152096, 1M5113005FA, 205675082, XS4113005FB, XS4113005FD, XS4113005FE, XS4113005FF, XS4113005FG, XS4113005FH, XS4113005FL, XS4X13005FA, XS4X13005FB, XS4X13005FC, XS4X13005FD, XYBX13005AA, 1088970, 1106854; Ajovalot,Etuvalot,Ajovalo<\/p>\n","protected":false},"excerpt":{"rendered":"<p>DIEDERICHS Ajovaloumpio 1415082 Ajovalot,Etuvalot FORD,FOCUS Kombi DNW,FOCUS DAW, DBW,FOCUS Stufenheck DFW<\/p>\n","protected":false},"featured_media":0,"template":"","meta":{"site-sidebar-layout":"default","site-content-layout":"default","ast-global-header-display":"","ast-main-header-display":"","ast-hfb-above-header-display":"","ast-hfb-below-header-display":"","ast-hfb-mobile-header-display":"","site-post-title":"","ast-breadcrumbs-content":"","ast-featured-img":"","footer-sml-layout":"","theme-transparent-header-meta":"","adv-header-id-meta":"","stick-header-meta":"","header-above-stick-meta":"","header-main-stick-meta":"","header-below-stick-meta":""},"pwb-brand":[227],"product_cat":[185],"product_tag":[],"class_list":{"0":"post-97905","1":"product","2":"type-product","3":"status-publish","5":"pwb-brand-diederichs","6":"product_cat-ajovaloumpio","7":"desktop-align-left","8":"tablet-align-left","9":"mobile-align-left","11":"first","12":"instock","13":"product-type-external"},"brands":[{"id":227,"name":"DIEDERICHS","slug":"diederichs"}],"_links":{"self":[{"href":"https:\/\/www.autonvaraosahaku.fi\/index.php?rest_route=\/wp\/v2\/product\/97905","targetHints":{"allow":["GET"]}}],"collection":[{"href":"https:\/\/www.autonvaraosahaku.fi\/index.php?rest_route=\/wp\/v2\/product"}],"about":[{"href":"https:\/\/www.autonvaraosahaku.fi\/index.php?rest_route=\/wp\/v2\/types\/product"}],"wp:attachment":[{"href":"https:\/\/www.autonvaraosahaku.fi\/index.php?rest_route=%2Fwp%2Fv2%2Fmedia&parent=97905"}],"wp:term":[{"taxonomy":"pwb-brand","embeddable":true,"href":"https:\/\/www.autonvaraosahaku.fi\/index.php?rest_route=%2Fwp%2Fv2%2Fpwb-brand&post=97905"},{"taxonomy":"product_cat","embeddable":true,"href":"https:\/\/www.autonvaraosahaku.fi\/index.php?rest_route=%2Fwp%2Fv2%2Fproduct_cat&post=97905"},{"taxonomy":"product_tag","embeddable":true,"href":"https:\/\/www.autonvaraosahaku.fi\/index.php?rest_route=%2Fwp%2Fv2%2Fproduct_tag&post=97905"}],"curies":[{"name":"wp","href":"https:\/\/api.w.org\/{rel}","templated":true}]}}