{"id":97906,"date":"2021-02-21T22:17:07","date_gmt":"2021-02-21T22:17:07","guid":{"rendered":"https:\/\/www.autonvaraosahaku.fi\/?product=topran-109-082-valokatkaisin"},"modified":"2021-02-21T22:17:14","modified_gmt":"2021-02-21T22:17:14","slug":"topran-109-082-valokatkaisin","status":"publish","type":"product","link":"https:\/\/www.autonvaraosahaku.fi\/?product=topran-109-082-valokatkaisin","title":{"rendered":"TOPRAN 109 082 Valokatkaisin"},"content":{"rendered":"<p>K\u00e4ytt\u00f6tapa: Vipukytkin; Yhdistelm\u00e4kytkintoiminto: P\u00e4\u00e4lle\/pois-katkaisija; V\u00e4ri: Musta; Lis\u00e4tarvike\/lis\u00e4tieto: Integroidulla s\u00e4\u00e4timell\u00e4; V\u00e4rikoodi: 01C; Kotelomateriaali: Muovi; Alustanumerosta: 80-K-060001; VW: POLO 86C, 80,LT 28-35 I Kasten 281-363,LT 28-35 I Bus 281-363,POLO CLASSIC 86C, 80,LT 28-35 I Pritsche\/Fahrgestell 281-363; 323941531G, 323941531G01C; Ajovalokytkin,Kytkin, Ajovalo<\/p>\n","protected":false},"excerpt":{"rendered":"<p>TOPRAN Valokatkaisin 109 082 Ajovalokytkin,Kytkin, Ajovalo VW,POLO 86C, 80,LT 28-35 I Kasten 281-363,LT 28-35 I Bus 281-363,POLO CLASSIC 86C, 80<\/p>\n","protected":false},"featured_media":0,"template":"","meta":{"site-sidebar-layout":"default","site-content-layout":"default","ast-global-header-display":"","ast-main-header-display":"","ast-hfb-above-header-display":"","ast-hfb-below-header-display":"","ast-hfb-mobile-header-display":"","site-post-title":"","ast-breadcrumbs-content":"","ast-featured-img":"","footer-sml-layout":"","theme-transparent-header-meta":"","adv-header-id-meta":"","stick-header-meta":"","header-above-stick-meta":"","header-main-stick-meta":"","header-below-stick-meta":""},"pwb-brand":[18],"product_cat":[136],"product_tag":[],"class_list":{"0":"post-97906","1":"product","2":"type-product","3":"status-publish","5":"pwb-brand-topran","6":"product_cat-valokatkaisin","7":"desktop-align-left","8":"tablet-align-left","9":"mobile-align-left","11":"first","12":"instock","13":"product-type-external"},"brands":[{"id":18,"name":"TOPRAN","slug":"topran"}],"_links":{"self":[{"href":"https:\/\/www.autonvaraosahaku.fi\/index.php?rest_route=\/wp\/v2\/product\/97906","targetHints":{"allow":["GET"]}}],"collection":[{"href":"https:\/\/www.autonvaraosahaku.fi\/index.php?rest_route=\/wp\/v2\/product"}],"about":[{"href":"https:\/\/www.autonvaraosahaku.fi\/index.php?rest_route=\/wp\/v2\/types\/product"}],"wp:attachment":[{"href":"https:\/\/www.autonvaraosahaku.fi\/index.php?rest_route=%2Fwp%2Fv2%2Fmedia&parent=97906"}],"wp:term":[{"taxonomy":"pwb-brand","embeddable":true,"href":"https:\/\/www.autonvaraosahaku.fi\/index.php?rest_route=%2Fwp%2Fv2%2Fpwb-brand&post=97906"},{"taxonomy":"product_cat","embeddable":true,"href":"https:\/\/www.autonvaraosahaku.fi\/index.php?rest_route=%2Fwp%2Fv2%2Fproduct_cat&post=97906"},{"taxonomy":"product_tag","embeddable":true,"href":"https:\/\/www.autonvaraosahaku.fi\/index.php?rest_route=%2Fwp%2Fv2%2Fproduct_tag&post=97906"}],"curies":[{"name":"wp","href":"https:\/\/api.w.org\/{rel}","templated":true}]}}