{"id":97917,"date":"2021-02-21T22:17:16","date_gmt":"2021-02-21T22:17:16","guid":{"rendered":"https:\/\/www.autonvaraosahaku.fi\/?product=topran-108-031-muut-luokat"},"modified":"2021-02-21T22:17:19","modified_gmt":"2021-02-21T22:17:19","slug":"topran-108-031-muut-luokat","status":"publish","type":"product","link":"https:\/\/www.autonvaraosahaku.fi\/?product=topran-108-031-muut-luokat","title":{"rendered":"TOPRAN 108 031 Muut luokat"},"content":{"rendered":"<p>Kiinnitysmalli: Kumilaakeri; Asennuspuoli: Yl\u00e4puolella, Taka-akseli, molemminpuolinen; Lukum\u00e4\u00e4r\u00e4 akselille: 2; Moottorinumero: ABN; VW: GOLF III 1H1,GOLF II 19E, 1G1,VENTO 1H2,JETTA II 19E, 1G2, 165; SEAT: TOLEDO I 1L; 191512149, 1H0512149, 191512149, 1H0512149<\/p>\n","protected":false},"excerpt":{"rendered":"<p>TOPRAN Jousiripustus 108 031  VW,SEAT,GOLF III 1H1,GOLF II 19E, 1G1,VENTO 1H2,JETTA II 19E, 1G2, 165,TOLEDO I 1L<\/p>\n","protected":false},"featured_media":0,"template":"","meta":{"site-sidebar-layout":"default","site-content-layout":"default","ast-global-header-display":"","ast-main-header-display":"","ast-hfb-above-header-display":"","ast-hfb-below-header-display":"","ast-hfb-mobile-header-display":"","site-post-title":"","ast-breadcrumbs-content":"","ast-featured-img":"","footer-sml-layout":"","theme-transparent-header-meta":"","adv-header-id-meta":"","stick-header-meta":"","header-above-stick-meta":"","header-main-stick-meta":"","header-below-stick-meta":""},"pwb-brand":[18],"product_cat":[37],"product_tag":[],"class_list":{"0":"post-97917","1":"product","2":"type-product","3":"status-publish","5":"pwb-brand-topran","6":"product_cat-muut-luokat","7":"desktop-align-left","8":"tablet-align-left","9":"mobile-align-left","11":"first","12":"instock","13":"product-type-external"},"brands":[{"id":18,"name":"TOPRAN","slug":"topran"}],"_links":{"self":[{"href":"https:\/\/www.autonvaraosahaku.fi\/index.php?rest_route=\/wp\/v2\/product\/97917","targetHints":{"allow":["GET"]}}],"collection":[{"href":"https:\/\/www.autonvaraosahaku.fi\/index.php?rest_route=\/wp\/v2\/product"}],"about":[{"href":"https:\/\/www.autonvaraosahaku.fi\/index.php?rest_route=\/wp\/v2\/types\/product"}],"wp:attachment":[{"href":"https:\/\/www.autonvaraosahaku.fi\/index.php?rest_route=%2Fwp%2Fv2%2Fmedia&parent=97917"}],"wp:term":[{"taxonomy":"pwb-brand","embeddable":true,"href":"https:\/\/www.autonvaraosahaku.fi\/index.php?rest_route=%2Fwp%2Fv2%2Fpwb-brand&post=97917"},{"taxonomy":"product_cat","embeddable":true,"href":"https:\/\/www.autonvaraosahaku.fi\/index.php?rest_route=%2Fwp%2Fv2%2Fproduct_cat&post=97917"},{"taxonomy":"product_tag","embeddable":true,"href":"https:\/\/www.autonvaraosahaku.fi\/index.php?rest_route=%2Fwp%2Fv2%2Fproduct_tag&post=97917"}],"curies":[{"name":"wp","href":"https:\/\/api.w.org\/{rel}","templated":true}]}}