{"id":97929,"date":"2021-02-21T22:17:16","date_gmt":"2021-02-21T22:17:16","guid":{"rendered":"https:\/\/www.autonvaraosahaku.fi\/?product=topran-104-130-moniurahihna"},"modified":"2021-02-21T22:17:23","modified_gmt":"2021-02-21T22:17:23","slug":"topran-104-130-moniurahihna","status":"publish","type":"product","link":"https:\/\/www.autonvaraosahaku.fi\/?product=topran-104-130-moniurahihna","title":{"rendered":"TOPRAN 104 130 Moniurahihna"},"content":{"rendered":"<p>Pituus (mm): 836; Leveys (mm): 4,68; kiiloja: 2; Materiaali: EPDM (eteenipropeeni-dieeni-kumi); L\u00e4mmityslaite \/ j\u00e4\u00e4hdytys: Doppell\u00fcfter; VW: PASSAT 32B; AUDI: 80 8C, B4,80 89, 89Q, 8A, B3,80 Avant 8C, B4,100 44, 44Q, C3,80 81, 85, B2,90 89, 89Q, 8A, B3,90 81, 85, B2; 811119137, 811119137<\/p>\n","protected":false},"excerpt":{"rendered":"<p>TOPRAN Moniurahihna 104 130  VW,AUDI,PASSAT 32B,80 8C, B4,80 89, 89Q, 8A, B3,80 Avant 8C, B4,100 44, 44Q, C3,80 81, 85, B2,90 89, 89Q, 8A, B3<\/p>\n","protected":false},"featured_media":0,"template":"","meta":{"site-sidebar-layout":"default","site-content-layout":"default","ast-global-header-display":"","ast-main-header-display":"","ast-hfb-above-header-display":"","ast-hfb-below-header-display":"","ast-hfb-mobile-header-display":"","site-post-title":"","ast-breadcrumbs-content":"","ast-featured-img":"","footer-sml-layout":"","theme-transparent-header-meta":"","adv-header-id-meta":"","stick-header-meta":"","header-above-stick-meta":"","header-main-stick-meta":"","header-below-stick-meta":""},"pwb-brand":[18],"product_cat":[23],"product_tag":[],"class_list":{"0":"post-97929","1":"product","2":"type-product","3":"status-publish","5":"pwb-brand-topran","6":"product_cat-moniurahihna","7":"desktop-align-left","8":"tablet-align-left","9":"mobile-align-left","11":"first","12":"instock","13":"product-type-external"},"brands":[{"id":18,"name":"TOPRAN","slug":"topran"}],"_links":{"self":[{"href":"https:\/\/www.autonvaraosahaku.fi\/index.php?rest_route=\/wp\/v2\/product\/97929","targetHints":{"allow":["GET"]}}],"collection":[{"href":"https:\/\/www.autonvaraosahaku.fi\/index.php?rest_route=\/wp\/v2\/product"}],"about":[{"href":"https:\/\/www.autonvaraosahaku.fi\/index.php?rest_route=\/wp\/v2\/types\/product"}],"wp:attachment":[{"href":"https:\/\/www.autonvaraosahaku.fi\/index.php?rest_route=%2Fwp%2Fv2%2Fmedia&parent=97929"}],"wp:term":[{"taxonomy":"pwb-brand","embeddable":true,"href":"https:\/\/www.autonvaraosahaku.fi\/index.php?rest_route=%2Fwp%2Fv2%2Fpwb-brand&post=97929"},{"taxonomy":"product_cat","embeddable":true,"href":"https:\/\/www.autonvaraosahaku.fi\/index.php?rest_route=%2Fwp%2Fv2%2Fproduct_cat&post=97929"},{"taxonomy":"product_tag","embeddable":true,"href":"https:\/\/www.autonvaraosahaku.fi\/index.php?rest_route=%2Fwp%2Fv2%2Fproduct_tag&post=97929"}],"curies":[{"name":"wp","href":"https:\/\/api.w.org\/{rel}","templated":true}]}}