{"id":97970,"date":"2021-02-21T22:17:42","date_gmt":"2021-02-21T22:17:42","guid":{"rendered":"https:\/\/www.autonvaraosahaku.fi\/?product=diederichs-1666080-ajovaloumpio"},"modified":"2021-02-21T22:17:42","modified_gmt":"2021-02-21T22:17:42","slug":"diederichs-1666080-ajovaloumpio","status":"publish","type":"product","link":"https:\/\/www.autonvaraosahaku.fi\/?product=diederichs-1666080-ajovaloumpio","title":{"rendered":"DIEDERICHS 1666080 Ajovaloumpio"},"content":{"rendered":"<p>Asennuspuoli: Oikea; Lamppumalli: H7\/H7\/H7; Laatu: Depo \/ TYC; Varusteet: Autoihin, joissa ajovalo korkeudens\u00e4\u00e4t\u00f6; Rekister\u00f6ity tyyppi: E-hyv\u00e4ksytty; Valmistusvuoteen: 03\/2010; MERCEDES-BENZ: VITO Bus W639,VITO \/ MIXTO Kasten W639,VITO Bus 638,VITO Kasten 638; 6398200261, A6398200261; Ajovalot,Etuvalot,Ajovalo<\/p>\n","protected":false},"excerpt":{"rendered":"<p>DIEDERICHS Ajovaloumpio 1666080 Ajovalot,Etuvalot MERCEDES-BENZ,VITO Bus W639,VITO \/ MIXTO Kasten W639,VITO Bus 638,VITO Kasten 638<\/p>\n","protected":false},"featured_media":0,"template":"","meta":{"site-sidebar-layout":"default","site-content-layout":"default","ast-global-header-display":"","ast-main-header-display":"","ast-hfb-above-header-display":"","ast-hfb-below-header-display":"","ast-hfb-mobile-header-display":"","site-post-title":"","ast-breadcrumbs-content":"","ast-featured-img":"","footer-sml-layout":"","theme-transparent-header-meta":"","adv-header-id-meta":"","stick-header-meta":"","header-above-stick-meta":"","header-main-stick-meta":"","header-below-stick-meta":""},"pwb-brand":[227],"product_cat":[185],"product_tag":[],"class_list":{"0":"post-97970","1":"product","2":"type-product","3":"status-publish","5":"pwb-brand-diederichs","6":"product_cat-ajovaloumpio","7":"desktop-align-left","8":"tablet-align-left","9":"mobile-align-left","11":"first","12":"instock","13":"product-type-external"},"brands":[{"id":227,"name":"DIEDERICHS","slug":"diederichs"}],"_links":{"self":[{"href":"https:\/\/www.autonvaraosahaku.fi\/index.php?rest_route=\/wp\/v2\/product\/97970","targetHints":{"allow":["GET"]}}],"collection":[{"href":"https:\/\/www.autonvaraosahaku.fi\/index.php?rest_route=\/wp\/v2\/product"}],"about":[{"href":"https:\/\/www.autonvaraosahaku.fi\/index.php?rest_route=\/wp\/v2\/types\/product"}],"wp:attachment":[{"href":"https:\/\/www.autonvaraosahaku.fi\/index.php?rest_route=%2Fwp%2Fv2%2Fmedia&parent=97970"}],"wp:term":[{"taxonomy":"pwb-brand","embeddable":true,"href":"https:\/\/www.autonvaraosahaku.fi\/index.php?rest_route=%2Fwp%2Fv2%2Fpwb-brand&post=97970"},{"taxonomy":"product_cat","embeddable":true,"href":"https:\/\/www.autonvaraosahaku.fi\/index.php?rest_route=%2Fwp%2Fv2%2Fproduct_cat&post=97970"},{"taxonomy":"product_tag","embeddable":true,"href":"https:\/\/www.autonvaraosahaku.fi\/index.php?rest_route=%2Fwp%2Fv2%2Fproduct_tag&post=97970"}],"curies":[{"name":"wp","href":"https:\/\/api.w.org\/{rel}","templated":true}]}}