{"id":97981,"date":"2021-02-21T22:17:42","date_gmt":"2021-02-21T22:17:42","guid":{"rendered":"https:\/\/www.autonvaraosahaku.fi\/?product=topran-401-041-ilmansuodatin"},"modified":"2021-02-21T22:17:47","modified_gmt":"2021-02-21T22:17:47","slug":"topran-401-041-ilmansuodatin","status":"publish","type":"product","link":"https:\/\/www.autonvaraosahaku.fi\/?product=topran-401-041-ilmansuodatin","title":{"rendered":"TOPRAN 401 041 Ilmansuodatin"},"content":{"rendered":"<p>Suodatintyyppi: Suodatinpanos; Muoto: sylinterinmuotoinen; Runkomateriaali: Solumuovi; Korkeus (mm): 433; Sis\u00e4l\u00e4pimitta [mm]: 118; Ulkol\u00e4pimitta [mm]: 78; Alustanumeroon: A989999; MERCEDES-BENZ: E-CLASS W211,E-CLASS T-Model S211,S-CLASS W220; 6110940204, A6110940204<\/p>\n","protected":false},"excerpt":{"rendered":"<p>TOPRAN Ilmansuodatin 401 041  MERCEDES-BENZ,E-CLASS W211,E-CLASS T-Model S211,S-CLASS W220<\/p>\n","protected":false},"featured_media":0,"template":"","meta":{"site-sidebar-layout":"default","site-content-layout":"default","ast-global-header-display":"","ast-main-header-display":"","ast-hfb-above-header-display":"","ast-hfb-below-header-display":"","ast-hfb-mobile-header-display":"","site-post-title":"","ast-breadcrumbs-content":"","ast-featured-img":"","footer-sml-layout":"","theme-transparent-header-meta":"","adv-header-id-meta":"","stick-header-meta":"","header-above-stick-meta":"","header-main-stick-meta":"","header-below-stick-meta":""},"pwb-brand":[18],"product_cat":[31],"product_tag":[],"class_list":{"0":"post-97981","1":"product","2":"type-product","3":"status-publish","5":"pwb-brand-topran","6":"product_cat-ilmansuodatin","7":"desktop-align-left","8":"tablet-align-left","9":"mobile-align-left","11":"first","12":"instock","13":"product-type-external"},"brands":[{"id":18,"name":"TOPRAN","slug":"topran"}],"_links":{"self":[{"href":"https:\/\/www.autonvaraosahaku.fi\/index.php?rest_route=\/wp\/v2\/product\/97981","targetHints":{"allow":["GET"]}}],"collection":[{"href":"https:\/\/www.autonvaraosahaku.fi\/index.php?rest_route=\/wp\/v2\/product"}],"about":[{"href":"https:\/\/www.autonvaraosahaku.fi\/index.php?rest_route=\/wp\/v2\/types\/product"}],"wp:attachment":[{"href":"https:\/\/www.autonvaraosahaku.fi\/index.php?rest_route=%2Fwp%2Fv2%2Fmedia&parent=97981"}],"wp:term":[{"taxonomy":"pwb-brand","embeddable":true,"href":"https:\/\/www.autonvaraosahaku.fi\/index.php?rest_route=%2Fwp%2Fv2%2Fpwb-brand&post=97981"},{"taxonomy":"product_cat","embeddable":true,"href":"https:\/\/www.autonvaraosahaku.fi\/index.php?rest_route=%2Fwp%2Fv2%2Fproduct_cat&post=97981"},{"taxonomy":"product_tag","embeddable":true,"href":"https:\/\/www.autonvaraosahaku.fi\/index.php?rest_route=%2Fwp%2Fv2%2Fproduct_tag&post=97981"}],"curies":[{"name":"wp","href":"https:\/\/api.w.org\/{rel}","templated":true}]}}