{"id":98013,"date":"2021-02-21T22:17:59","date_gmt":"2021-02-21T22:17:59","guid":{"rendered":"https:\/\/www.autonvaraosahaku.fi\/?product=hella-2ps-008-645-611-muut-luokat"},"modified":"2021-02-21T22:18:01","modified_gmt":"2021-02-21T22:18:01","slug":"hella-2ps-008-645-611-muut-luokat","status":"publish","type":"product","link":"https:\/\/www.autonvaraosahaku.fi\/?product=hella-2ps-008-645-611-muut-luokat","title":{"rendered":"HELLA 2PS 008 645-611 Muut luokat"},"content":{"rendered":"<p>Leveys (mm): 130; Korkeus (mm): 32; Asennusmalli: Pinta-asennus; Asennuspuoli: Vasen, Oikea; Korvaava tuote\/korvaava tiedote 2: johdolla; Lyhdyn muoto: LED; Tarkistuskilpi: E1 1395, E1 1396, ECE; Nimellisj\u00e4nnite (V): 24; LED-m\u00e4\u00e4ra: 1; Lyhtytoimintojen m\u00e4\u00e4r\u00e4: 2; Kiinnitysmalli: vaakasuoraan asennukseen; Kopan v\u00e4ri: Musta; Kaapelinmitta (mm): 300; Led-v\u00e4ri: Keltainen; Virrankulutus (W): 1,2; Valotoiminto: heijastimella, Sivuvalolla (LED); Lasin v\u00e4ri: Keltainen; Napojen m\u00e4\u00e4r\u00e4: 2; Pistokemallin tunnus: Quick-Link; Virta (A): 0,05; Rekister\u00f6ity tyyppi: ADR\/GGVS-hyv\u00e4ksytty; Lamppumalli: LED; 1525753, ZF254360090, 5H08620123<\/p>\n","protected":false},"excerpt":{"rendered":"<p>HELLA Sivumerkkivalo 2PS 008 645-611<\/p>\n","protected":false},"featured_media":0,"template":"","meta":{"site-sidebar-layout":"default","site-content-layout":"default","ast-global-header-display":"","ast-main-header-display":"","ast-hfb-above-header-display":"","ast-hfb-below-header-display":"","ast-hfb-mobile-header-display":"","site-post-title":"","ast-breadcrumbs-content":"","ast-featured-img":"","footer-sml-layout":"","theme-transparent-header-meta":"","adv-header-id-meta":"","stick-header-meta":"","header-above-stick-meta":"","header-main-stick-meta":"","header-below-stick-meta":""},"pwb-brand":[24],"product_cat":[37],"product_tag":[],"class_list":{"0":"post-98013","1":"product","2":"type-product","3":"status-publish","5":"pwb-brand-hella","6":"product_cat-muut-luokat","7":"desktop-align-left","8":"tablet-align-left","9":"mobile-align-left","11":"first","12":"instock","13":"product-type-external"},"brands":[{"id":24,"name":"HELLA","slug":"hella"}],"_links":{"self":[{"href":"https:\/\/www.autonvaraosahaku.fi\/index.php?rest_route=\/wp\/v2\/product\/98013","targetHints":{"allow":["GET"]}}],"collection":[{"href":"https:\/\/www.autonvaraosahaku.fi\/index.php?rest_route=\/wp\/v2\/product"}],"about":[{"href":"https:\/\/www.autonvaraosahaku.fi\/index.php?rest_route=\/wp\/v2\/types\/product"}],"wp:attachment":[{"href":"https:\/\/www.autonvaraosahaku.fi\/index.php?rest_route=%2Fwp%2Fv2%2Fmedia&parent=98013"}],"wp:term":[{"taxonomy":"pwb-brand","embeddable":true,"href":"https:\/\/www.autonvaraosahaku.fi\/index.php?rest_route=%2Fwp%2Fv2%2Fpwb-brand&post=98013"},{"taxonomy":"product_cat","embeddable":true,"href":"https:\/\/www.autonvaraosahaku.fi\/index.php?rest_route=%2Fwp%2Fv2%2Fproduct_cat&post=98013"},{"taxonomy":"product_tag","embeddable":true,"href":"https:\/\/www.autonvaraosahaku.fi\/index.php?rest_route=%2Fwp%2Fv2%2Fproduct_tag&post=98013"}],"curies":[{"name":"wp","href":"https:\/\/api.w.org\/{rel}","templated":true}]}}