{"id":98015,"date":"2021-02-21T22:17:59","date_gmt":"2021-02-21T22:17:59","guid":{"rendered":"https:\/\/www.autonvaraosahaku.fi\/?product=hella-2ne-964-958-011-takavalot"},"modified":"2021-02-21T22:18:02","modified_gmt":"2021-02-21T22:18:02","slug":"hella-2ne-964-958-011-takavalot","status":"publish","type":"product","link":"https:\/\/www.autonvaraosahaku.fi\/?product=hella-2ne-964-958-011-takavalot","title":{"rendered":"HELLA 2NE 964 958-011 Takavalot"},"content":{"rendered":"<p>Asennuspuoli: Vasen; Lis\u00e4tarvike\/lis\u00e4tieto: Polttimolla, Lampun kannalla; Lyhdyn muoto: Hehkulankatekniikka; Tarkistuskilpi: E1 1669, ECE, CCC; Nimellisj\u00e4nnite (V): 12; Lyhtytoimintojen m\u00e4\u00e4r\u00e4: 1; Lamppumalli: P21W; Valotoiminto: Sumutakavalolla; Lasin v\u00e4ri: Lasinkirkas, Punainen; Vasen \/ oikea liikenne: Ohjaus vasemmalla; parilliset tuotenumerot: 2ZR 964 958-021; Osa: Sis\u00e4 osa; Lis\u00e4ksi tarvittavat tuotteet (tuotenumero): 2VA 964 957-011; Valmistusvuosi alkaen: 11\/2003; VW: SHARAN 7M8, 7M9, 7M6; 7M3945093E, 7M3945093G; Takavalo<\/p>\n","protected":false},"excerpt":{"rendered":"<p>HELLA Takavalot 2NE 964 958-011 Takavalo VW,SHARAN 7M8, 7M9, 7M6<\/p>\n","protected":false},"featured_media":0,"template":"","meta":{"site-sidebar-layout":"default","site-content-layout":"default","ast-global-header-display":"","ast-main-header-display":"","ast-hfb-above-header-display":"","ast-hfb-below-header-display":"","ast-hfb-mobile-header-display":"","site-post-title":"","ast-breadcrumbs-content":"","ast-featured-img":"","footer-sml-layout":"","theme-transparent-header-meta":"","adv-header-id-meta":"","stick-header-meta":"","header-above-stick-meta":"","header-main-stick-meta":"","header-below-stick-meta":""},"pwb-brand":[24],"product_cat":[159],"product_tag":[],"class_list":{"0":"post-98015","1":"product","2":"type-product","3":"status-publish","5":"pwb-brand-hella","6":"product_cat-takavalot","7":"desktop-align-left","8":"tablet-align-left","9":"mobile-align-left","11":"first","12":"instock","13":"product-type-external"},"brands":[{"id":24,"name":"HELLA","slug":"hella"}],"_links":{"self":[{"href":"https:\/\/www.autonvaraosahaku.fi\/index.php?rest_route=\/wp\/v2\/product\/98015","targetHints":{"allow":["GET"]}}],"collection":[{"href":"https:\/\/www.autonvaraosahaku.fi\/index.php?rest_route=\/wp\/v2\/product"}],"about":[{"href":"https:\/\/www.autonvaraosahaku.fi\/index.php?rest_route=\/wp\/v2\/types\/product"}],"wp:attachment":[{"href":"https:\/\/www.autonvaraosahaku.fi\/index.php?rest_route=%2Fwp%2Fv2%2Fmedia&parent=98015"}],"wp:term":[{"taxonomy":"pwb-brand","embeddable":true,"href":"https:\/\/www.autonvaraosahaku.fi\/index.php?rest_route=%2Fwp%2Fv2%2Fpwb-brand&post=98015"},{"taxonomy":"product_cat","embeddable":true,"href":"https:\/\/www.autonvaraosahaku.fi\/index.php?rest_route=%2Fwp%2Fv2%2Fproduct_cat&post=98015"},{"taxonomy":"product_tag","embeddable":true,"href":"https:\/\/www.autonvaraosahaku.fi\/index.php?rest_route=%2Fwp%2Fv2%2Fproduct_tag&post=98015"}],"curies":[{"name":"wp","href":"https:\/\/api.w.org\/{rel}","templated":true}]}}