{"id":98017,"date":"2021-02-21T22:17:59","date_gmt":"2021-02-21T22:17:59","guid":{"rendered":"https:\/\/www.autonvaraosahaku.fi\/?product=hella-2ja-002-931-031-lisajarruvalo"},"modified":"2021-02-21T22:18:02","modified_gmt":"2021-02-21T22:18:02","slug":"hella-2ja-002-931-031-lisajarruvalo","status":"publish","type":"product","link":"https:\/\/www.autonvaraosahaku.fi\/?product=hella-2ja-002-931-031-lisajarruvalo","title":{"rendered":"HELLA 2JA 002 931-031 Lis\u00e4jarruvalo"},"content":{"rendered":"<p>Asennusmalli: Upotus; Asennuspuoli: Sis\u00e4tila; Lis\u00e4tarvike\/lis\u00e4tieto: Lampun kannalla, Ilman polttimoa; Nimellisj\u00e4nnite (V): 12; Lyhtytoimintojen m\u00e4\u00e4r\u00e4: 1; Lamppumalli: K (10W); Valotoiminto: sis\u00e4valolla; Lasin v\u00e4ri: Lasinkirkas; Kytkin: Kytkimell\u00e4; Valmistusvuoteen: 07\/1979; VW: TRANSPORTER III Bus,POLO 86C, 80,POLO Coupe 86C, 80,LT 28-35 I Kasten 281-363,LT 28-35 I Bus 281-363,TRANSPORTER III Kasten,POLO CLASSIC 86C, 80,LT 28-35 I Pritsche\/Fahrgestell 281-363,TRANSPORTER III Pritsche\/Fahrgestell,LT 40-55 I Pritsche\/Fahrgestell 293-909,POLO 86,DERBY 86C, 80,PASSAT 32,LT 40-55 I Kasten 291-512,DERBY 86,PASSAT Variant 33; AUDI: 80 81, 85, B2,COUPE 81, 85,90 81, 85, B2,100 43, C2,50 86,100 Avant 43, C2; FENDT: Farmer,Favorit; 321947111A, 817947105B, 823947105B, 1438797, 9490608, A120M0094F, 321947111A, 817947105B, 823947105B<\/p>\n","protected":false},"excerpt":{"rendered":"<p>HELLA Sis\u00e4valo 2JA 002 931-031  VW,AUDI,FENDT,TRANSPORTER III Bus,POLO 86C, 80,POLO Coupe 86C, 80,LT 28-35 I Kasten 281-363,LT 28-35 I Bus 281-363<\/p>\n","protected":false},"featured_media":0,"template":"","meta":{"site-sidebar-layout":"default","site-content-layout":"default","ast-global-header-display":"","ast-main-header-display":"","ast-hfb-above-header-display":"","ast-hfb-below-header-display":"","ast-hfb-mobile-header-display":"","site-post-title":"","ast-breadcrumbs-content":"","ast-featured-img":"","footer-sml-layout":"","theme-transparent-header-meta":"","adv-header-id-meta":"","stick-header-meta":"","header-above-stick-meta":"","header-main-stick-meta":"","header-below-stick-meta":""},"pwb-brand":[24],"product_cat":[76],"product_tag":[],"class_list":{"0":"post-98017","1":"product","2":"type-product","3":"status-publish","5":"pwb-brand-hella","6":"product_cat-lisajarruvalo","7":"desktop-align-left","8":"tablet-align-left","9":"mobile-align-left","11":"first","12":"instock","13":"product-type-external"},"brands":[{"id":24,"name":"HELLA","slug":"hella"}],"_links":{"self":[{"href":"https:\/\/www.autonvaraosahaku.fi\/index.php?rest_route=\/wp\/v2\/product\/98017","targetHints":{"allow":["GET"]}}],"collection":[{"href":"https:\/\/www.autonvaraosahaku.fi\/index.php?rest_route=\/wp\/v2\/product"}],"about":[{"href":"https:\/\/www.autonvaraosahaku.fi\/index.php?rest_route=\/wp\/v2\/types\/product"}],"wp:attachment":[{"href":"https:\/\/www.autonvaraosahaku.fi\/index.php?rest_route=%2Fwp%2Fv2%2Fmedia&parent=98017"}],"wp:term":[{"taxonomy":"pwb-brand","embeddable":true,"href":"https:\/\/www.autonvaraosahaku.fi\/index.php?rest_route=%2Fwp%2Fv2%2Fpwb-brand&post=98017"},{"taxonomy":"product_cat","embeddable":true,"href":"https:\/\/www.autonvaraosahaku.fi\/index.php?rest_route=%2Fwp%2Fv2%2Fproduct_cat&post=98017"},{"taxonomy":"product_tag","embeddable":true,"href":"https:\/\/www.autonvaraosahaku.fi\/index.php?rest_route=%2Fwp%2Fv2%2Fproduct_tag&post=98017"}],"curies":[{"name":"wp","href":"https:\/\/api.w.org\/{rel}","templated":true}]}}