{"id":98019,"date":"2021-02-21T22:17:59","date_gmt":"2021-02-21T22:17:59","guid":{"rendered":"https:\/\/www.autonvaraosahaku.fi\/?product=hella-2ba-004-257-011-vilkku"},"modified":"2021-02-21T22:18:03","modified_gmt":"2021-02-21T22:18:03","slug":"hella-2ba-004-257-011-vilkku","status":"publish","type":"product","link":"https:\/\/www.autonvaraosahaku.fi\/?product=hella-2ba-004-257-011-vilkku","title":{"rendered":"HELLA 2BA 004 257-011 Vilkku"},"content":{"rendered":"<p>Asennuspuoli: Vasen; Lis\u00e4tarvike\/lis\u00e4tieto: Lampun kannalla, Ilman polttimoa; Lyhdyn muoto: Hehkulankatekniikka; Tarkistuskilpi: E1 42665, ECE; Nimellisj\u00e4nnite (V): 12; Lyhtytoimintojen m\u00e4\u00e4r\u00e4: 1; V\u00e4ri: Keltainen; Lamppumalli: P21W; Valotoiminto: vilkkuvalolla; parilliset tuotenumerot: 2BA 004 257-021; MERCEDES-BENZ: 190 W201; 0008205521, 0008205621, 0008207721, 0008209821, 2018260043, 2018260443, A0008205521, A0008205621, A0008207721, A0008209821, A2018260043, A2018260443; Vilkkuvalo,Suuntavilkku<\/p>\n","protected":false},"excerpt":{"rendered":"<p>HELLA Vilkku 2BA 004 257-011 Vilkkuvalo,Suuntavilkku MERCEDES-BENZ,190 W201<\/p>\n","protected":false},"featured_media":0,"template":"","meta":{"site-sidebar-layout":"default","site-content-layout":"default","ast-global-header-display":"","ast-main-header-display":"","ast-hfb-above-header-display":"","ast-hfb-below-header-display":"","ast-hfb-mobile-header-display":"","site-post-title":"","ast-breadcrumbs-content":"","ast-featured-img":"","footer-sml-layout":"","theme-transparent-header-meta":"","adv-header-id-meta":"","stick-header-meta":"","header-above-stick-meta":"","header-main-stick-meta":"","header-below-stick-meta":""},"pwb-brand":[24],"product_cat":[149],"product_tag":[],"class_list":{"0":"post-98019","1":"product","2":"type-product","3":"status-publish","5":"pwb-brand-hella","6":"product_cat-vilkku","7":"desktop-align-left","8":"tablet-align-left","9":"mobile-align-left","11":"first","12":"instock","13":"product-type-external"},"brands":[{"id":24,"name":"HELLA","slug":"hella"}],"_links":{"self":[{"href":"https:\/\/www.autonvaraosahaku.fi\/index.php?rest_route=\/wp\/v2\/product\/98019","targetHints":{"allow":["GET"]}}],"collection":[{"href":"https:\/\/www.autonvaraosahaku.fi\/index.php?rest_route=\/wp\/v2\/product"}],"about":[{"href":"https:\/\/www.autonvaraosahaku.fi\/index.php?rest_route=\/wp\/v2\/types\/product"}],"wp:attachment":[{"href":"https:\/\/www.autonvaraosahaku.fi\/index.php?rest_route=%2Fwp%2Fv2%2Fmedia&parent=98019"}],"wp:term":[{"taxonomy":"pwb-brand","embeddable":true,"href":"https:\/\/www.autonvaraosahaku.fi\/index.php?rest_route=%2Fwp%2Fv2%2Fpwb-brand&post=98019"},{"taxonomy":"product_cat","embeddable":true,"href":"https:\/\/www.autonvaraosahaku.fi\/index.php?rest_route=%2Fwp%2Fv2%2Fproduct_cat&post=98019"},{"taxonomy":"product_tag","embeddable":true,"href":"https:\/\/www.autonvaraosahaku.fi\/index.php?rest_route=%2Fwp%2Fv2%2Fproduct_tag&post=98019"}],"curies":[{"name":"wp","href":"https:\/\/api.w.org\/{rel}","templated":true}]}}