{"id":98034,"date":"2021-02-21T22:18:08","date_gmt":"2021-02-21T22:18:08","guid":{"rendered":"https:\/\/www.autonvaraosahaku.fi\/?product=vaico-v22-0229-oljynsuodatin"},"modified":"2021-02-21T22:18:10","modified_gmt":"2021-02-21T22:18:10","slug":"vaico-v22-0229-oljynsuodatin","status":"publish","type":"product","link":"https:\/\/www.autonvaraosahaku.fi\/?product=vaico-v22-0229-oljynsuodatin","title":{"rendered":"VAICO V22-0229 \u00d6ljynsuodatin"},"content":{"rendered":"<p>Korvaava tuote\/korvaava tiedote 2: yhdell\u00e4 peruutuksenestoventtiilill\u00e4; Sis\u00e4l\u00e4pimitta 1 [mm]: 63; Sis\u00e4l\u00e4pimitta 2 [mm]: 72; Korkeus (mm): 143; Kierremitta: M 22 X 1,5; Ulkol\u00e4pimitta [mm]: 93; Avauspaine ohitusventtiili [bar]: 2,5; Paino [kg]: 0,7619; Pakkausleveys [cm]: 12; Pakkauskorkeus [mm]: 13,2; Pakkaussyvyys [cm]: 13; lis\u00e4tieto: CST99; Valmistusvuoteen: 12\/2014; IVECO: DAILY IV Kasten\/Kombi,DAILY IV Pritsche\/Fahrgestell,DAILY V Kasten\/Kombi,DAILY V Pritsche\/Fahrgestell,MASSIF Station Wagon,DAILY IV Kipper,DAILY V Kipper,MASSIF Single Cab,MASSIF Pick-up,DAILY VI Kasten\/Kombi,DAILY VI Pritsche\/Fahrgestell,DAILY VI Bus,DAILY TOURYS Bus,DAILY CITYS; FIAT: DUCATO Kasten 250,DUCATO Pritsche\/Fahrgestell 250,DUCATO Bus 250; CITRO\u00cbN: JUMPER Kasten,JUMPER Bus,JUMPER Pritsche\/Fahrgestell; PEUGEOT: BOXER Kasten,BOXER Bus,BOXER Pritsche\/Fahrgestell; MITSUBISHI: Canter (FB7, FB8, FE7, FE8) 7.Generation; TEMSA: PRESTIJ; OTOKAR: CENTRO; MULTICAR: Fumo; IRISBUS: DAILY TOURYS; 1109AT, 1606267580, 71741510, 71749828, 71773182, 8094864, 002995655, 02995655, 2995655, 500038753, 1109AF, 1109Z7<\/p>\n","protected":false},"excerpt":{"rendered":"<p>VAICO \u00d6ljynsuodatin V22-0229  IVECO,FIAT,CITRO\u00cbN,DAILY IV Kasten\/Kombi,DAILY IV Pritsche\/Fahrgestell,DAILY V Kasten\/Kombi,DAILY V Pritsche\/Fahrgestell<\/p>\n","protected":false},"featured_media":0,"template":"","meta":{"site-sidebar-layout":"default","site-content-layout":"default","ast-global-header-display":"","ast-main-header-display":"","ast-hfb-above-header-display":"","ast-hfb-below-header-display":"","ast-hfb-mobile-header-display":"","site-post-title":"","ast-breadcrumbs-content":"","ast-featured-img":"","footer-sml-layout":"","theme-transparent-header-meta":"","adv-header-id-meta":"","stick-header-meta":"","header-above-stick-meta":"","header-main-stick-meta":"","header-below-stick-meta":""},"pwb-brand":[330],"product_cat":[30],"product_tag":[],"class_list":{"0":"post-98034","1":"product","2":"type-product","3":"status-publish","5":"pwb-brand-vaico","6":"product_cat-oljynsuodatin","7":"desktop-align-left","8":"tablet-align-left","9":"mobile-align-left","11":"first","12":"instock","13":"product-type-external"},"brands":[{"id":330,"name":"VAICO","slug":"vaico"}],"_links":{"self":[{"href":"https:\/\/www.autonvaraosahaku.fi\/index.php?rest_route=\/wp\/v2\/product\/98034","targetHints":{"allow":["GET"]}}],"collection":[{"href":"https:\/\/www.autonvaraosahaku.fi\/index.php?rest_route=\/wp\/v2\/product"}],"about":[{"href":"https:\/\/www.autonvaraosahaku.fi\/index.php?rest_route=\/wp\/v2\/types\/product"}],"wp:attachment":[{"href":"https:\/\/www.autonvaraosahaku.fi\/index.php?rest_route=%2Fwp%2Fv2%2Fmedia&parent=98034"}],"wp:term":[{"taxonomy":"pwb-brand","embeddable":true,"href":"https:\/\/www.autonvaraosahaku.fi\/index.php?rest_route=%2Fwp%2Fv2%2Fpwb-brand&post=98034"},{"taxonomy":"product_cat","embeddable":true,"href":"https:\/\/www.autonvaraosahaku.fi\/index.php?rest_route=%2Fwp%2Fv2%2Fproduct_cat&post=98034"},{"taxonomy":"product_tag","embeddable":true,"href":"https:\/\/www.autonvaraosahaku.fi\/index.php?rest_route=%2Fwp%2Fv2%2Fproduct_tag&post=98034"}],"curies":[{"name":"wp","href":"https:\/\/api.w.org\/{rel}","templated":true}]}}