{"id":98065,"date":"2021-02-21T22:18:16","date_gmt":"2021-02-21T22:18:16","guid":{"rendered":"https:\/\/www.autonvaraosahaku.fi\/?product=ate-24-0330-0109-1-jarrulevyt"},"modified":"2021-02-21T22:18:22","modified_gmt":"2021-02-21T22:18:22","slug":"ate-24-0330-0109-1-jarrulevyt","status":"publish","type":"product","link":"https:\/\/www.autonvaraosahaku.fi\/?product=ate-24-0330-0109-1-jarrulevyt","title":{"rendered":"ATE 24.0330-0109.1 Jarrulevyt"},"content":{"rendered":"<p>Ulkol\u00e4pimitta [mm]: 332,0; Jarrulevyn paksuus (mm): 29,9; V\u00e4himm\u00e4ispaksuus (mm): 27,6; Jarrulevytyyppi: Tuuletettu; Reikien m\u00e4\u00e4r\u00e4: 5; K\u00e4sittely: hiiliter\u00e4s; Pinta: pinnoitettu; Korvaava tuote\/korvaava tiedote 2: Ruuveilla; Korkeus (mm): 62,1; keskitt\u00e4misl\u00e4pimitta [mm]: 75,0; Sis\u00e4l\u00e4pimitta [mm]: 158,0; Reik\u00e4ympyr\u00e4-\u00d8 [mm]: 120,0; Reik\u00e4-\u00d8 [mm]: 16,5; MAPP-koodi saatavilla: ; Tuotelinja: PowerDisc; Tuning: 1; Asennuspuoli: Vorderachse; BMW: X3 E83,X5 E53; 34116750713, 34116756045, 34116765457, 34116766036, 34116794300, 34116859679; Jarrulevy<\/p>\n","protected":false},"excerpt":{"rendered":"<p>ATE Jarrulevyt 24.0330-0109.1 Jarrulevy BMW,X3 E83,X5 E53<\/p>\n","protected":false},"featured_media":0,"template":"","meta":{"site-sidebar-layout":"default","site-content-layout":"default","ast-global-header-display":"","ast-main-header-display":"","ast-hfb-above-header-display":"","ast-hfb-below-header-display":"","ast-hfb-mobile-header-display":"","site-post-title":"","ast-breadcrumbs-content":"","ast-featured-img":"","footer-sml-layout":"","theme-transparent-header-meta":"","adv-header-id-meta":"","stick-header-meta":"","header-above-stick-meta":"","header-main-stick-meta":"","header-below-stick-meta":""},"pwb-brand":[108],"product_cat":[66],"product_tag":[],"class_list":{"0":"post-98065","1":"product","2":"type-product","3":"status-publish","5":"pwb-brand-ate","6":"product_cat-jarrulevyt","7":"desktop-align-left","8":"tablet-align-left","9":"mobile-align-left","11":"first","12":"instock","13":"product-type-external"},"brands":[{"id":108,"name":"ATE","slug":"ate"}],"_links":{"self":[{"href":"https:\/\/www.autonvaraosahaku.fi\/index.php?rest_route=\/wp\/v2\/product\/98065","targetHints":{"allow":["GET"]}}],"collection":[{"href":"https:\/\/www.autonvaraosahaku.fi\/index.php?rest_route=\/wp\/v2\/product"}],"about":[{"href":"https:\/\/www.autonvaraosahaku.fi\/index.php?rest_route=\/wp\/v2\/types\/product"}],"wp:attachment":[{"href":"https:\/\/www.autonvaraosahaku.fi\/index.php?rest_route=%2Fwp%2Fv2%2Fmedia&parent=98065"}],"wp:term":[{"taxonomy":"pwb-brand","embeddable":true,"href":"https:\/\/www.autonvaraosahaku.fi\/index.php?rest_route=%2Fwp%2Fv2%2Fpwb-brand&post=98065"},{"taxonomy":"product_cat","embeddable":true,"href":"https:\/\/www.autonvaraosahaku.fi\/index.php?rest_route=%2Fwp%2Fv2%2Fproduct_cat&post=98065"},{"taxonomy":"product_tag","embeddable":true,"href":"https:\/\/www.autonvaraosahaku.fi\/index.php?rest_route=%2Fwp%2Fv2%2Fproduct_tag&post=98065"}],"curies":[{"name":"wp","href":"https:\/\/api.w.org\/{rel}","templated":true}]}}