{"id":98066,"date":"2021-02-21T22:18:16","date_gmt":"2021-02-21T22:18:16","guid":{"rendered":"https:\/\/www.autonvaraosahaku.fi\/?product=ate-13-0460-3911-2-jarrupalat"},"modified":"2021-02-21T22:18:22","modified_gmt":"2021-02-21T22:18:22","slug":"ate-13-0460-3911-2-jarrupalat","status":"publish","type":"product","link":"https:\/\/www.autonvaraosahaku.fi\/?product=ate-13-0460-3911-2-jarrupalat","title":{"rendered":"ATE 13.0460-3911.2 Jarrupalat"},"content":{"rendered":"<p>Leveys (mm): 105,0; Korkeus (mm): 54,0; Paksuus [mm]: 18,0; Kulumisenilmaisimen liitos: Sis. kulumisenilmaisimen; Kulumisvaroittimia [pro Achse]: 2; Varoittimen pituus [mm]: 183; Jarruj\u00e4rjestelm\u00e4: Bendix; Tarkistuskilpi: KBA 60521; MAPP-koodi saatavilla: ; Suositellun tarvikkeen tuotenumero: 13.0460-0402.2, 13.0460-0403.2, 13.0460-0404.2, 13.0460-0411.2; Huomioi mitat: ; M\u00e4\u00e4r\u00e4yksikk\u00f6: Akselisarja; Valmistusvuosi alkaen: 01\/1984; PEUGEOT: 205 II 20A\/C,205 I Cabriolet 741B, 20D,309 II 3C, 3A,205 I 741A\/C,405 I 15B,405 II 4B,309 I 10C, 10A,405 II Break 4E,405 I Break 15E,305 II 581M,305 II Break 581E,205 Kasten; RENAULT: CLIO I B\/C57_, 5\/357_,19 II B\/C53_,SUPER 5 B\/C40_,RAPID Kasten F40_, G40_,19 I B\/C53_,9 L42_,19 II Chamade L53_,ESPACE I J11_,11 B\/C37_,21 Stufenheck L48_,19 I Chamade L53_,CLIO I Kasten S57_,18 134_,11 Kasten S37_,21 Kombi K48_,18 Variable 135_,FUEGO 136_,21 B48_,20 127_,19 II Kasten S53_,19 I Kasten S53_,21 Kasten S48_,18 Kasten,EXPRESS Pick-up,SUPER 5 Kasten S40_,EXPRESS Kasten\/Kombi,RAPID; 425035, 425043, 425050, 425051, 425069, 425072, 425076, 425088, 425097, 7701201542, 7701202057, 7701202283, 7701202475, 7701202518, 7701202711, 7701202847, 7701202892, 7701204530, 7701204708, 7701204903, 7701349969, 7711130008, 7711130034; Jarrupalasarja,Jarrupala, Levyjarru<\/p>\n","protected":false},"excerpt":{"rendered":"<p>ATE Jarrupalat 13.0460-3911.2 Jarrupalasarja,Jarrupala, Levyjarru PEUGEOT,RENAULT,205 II 20A\/C,205 I Cabriolet 741B, 20D,309 II 3C, 3A,205 I 741A\/C<\/p>\n","protected":false},"featured_media":0,"template":"","meta":{"site-sidebar-layout":"default","site-content-layout":"default","ast-global-header-display":"","ast-main-header-display":"","ast-hfb-above-header-display":"","ast-hfb-below-header-display":"","ast-hfb-mobile-header-display":"","site-post-title":"","ast-breadcrumbs-content":"","ast-featured-img":"","footer-sml-layout":"","theme-transparent-header-meta":"","adv-header-id-meta":"","stick-header-meta":"","header-above-stick-meta":"","header-main-stick-meta":"","header-below-stick-meta":""},"pwb-brand":[108],"product_cat":[100],"product_tag":[],"class_list":{"0":"post-98066","1":"product","2":"type-product","3":"status-publish","5":"pwb-brand-ate","6":"product_cat-jarrupalat","7":"desktop-align-left","8":"tablet-align-left","9":"mobile-align-left","11":"first","12":"instock","13":"product-type-external"},"brands":[{"id":108,"name":"ATE","slug":"ate"}],"_links":{"self":[{"href":"https:\/\/www.autonvaraosahaku.fi\/index.php?rest_route=\/wp\/v2\/product\/98066","targetHints":{"allow":["GET"]}}],"collection":[{"href":"https:\/\/www.autonvaraosahaku.fi\/index.php?rest_route=\/wp\/v2\/product"}],"about":[{"href":"https:\/\/www.autonvaraosahaku.fi\/index.php?rest_route=\/wp\/v2\/types\/product"}],"wp:attachment":[{"href":"https:\/\/www.autonvaraosahaku.fi\/index.php?rest_route=%2Fwp%2Fv2%2Fmedia&parent=98066"}],"wp:term":[{"taxonomy":"pwb-brand","embeddable":true,"href":"https:\/\/www.autonvaraosahaku.fi\/index.php?rest_route=%2Fwp%2Fv2%2Fpwb-brand&post=98066"},{"taxonomy":"product_cat","embeddable":true,"href":"https:\/\/www.autonvaraosahaku.fi\/index.php?rest_route=%2Fwp%2Fv2%2Fproduct_cat&post=98066"},{"taxonomy":"product_tag","embeddable":true,"href":"https:\/\/www.autonvaraosahaku.fi\/index.php?rest_route=%2Fwp%2Fv2%2Fproduct_tag&post=98066"}],"curies":[{"name":"wp","href":"https:\/\/api.w.org\/{rel}","templated":true}]}}