{"id":98071,"date":"2021-02-21T22:18:25","date_gmt":"2021-02-21T22:18:25","guid":{"rendered":"https:\/\/www.autonvaraosahaku.fi\/?product=ate-24-0226-0001-1-jarrurumpu"},"modified":"2021-02-21T22:18:26","modified_gmt":"2021-02-21T22:18:26","slug":"ate-24-0226-0001-1-jarrurumpu","status":"publish","type":"product","link":"https:\/\/www.autonvaraosahaku.fi\/?product=ate-24-0226-0001-1-jarrurumpu","title":{"rendered":"ATE 24.0226-0001.1 Jarrurumpu"},"content":{"rendered":"<p>Rumpul\u00e4pimitta: 260,0; Suurin mahdollinen rummun sis\u00e4mitta (mm): 261,5; J-rumpu sis\u00e4leveys [mm]: 64,0; Reikien m\u00e4\u00e4r\u00e4: 5; Reik\u00e4ympyr\u00e4-\u00d8 [mm]: 130,0; Reik\u00e4-\u00d8 [mm]: 15,0; J-rumpu ulkoleveys [mm]: 83,0; Jarrurummun ulkol\u00e4pim. [mm]: 300,0; L\u00e4pimitta sis\u00e4\u00e4notto [mm]: 85,0; MAPP-koodi saatavilla: ; Asennuspuoli: Hinterachse; MERCEDES-BENZ: G-CLASS W463,G-CLASS W460,G-CLASS W461,T1 Pritsche\/Fahrgestell 602,T1 Kasten 602,T1 Bus 602,G-CLASS Cabrio W463; PUCH: G-MODELL W 460,G-MODELL W 463; 6014235001, A6014235001<\/p>\n","protected":false},"excerpt":{"rendered":"<p>ATE Jarrurumpu 24.0226-0001.1  MERCEDES-BENZ,PUCH,G-CLASS W463,G-CLASS W460,G-CLASS W461,T1 Pritsche\/Fahrgestell 602,T1 Kasten 602,T1 Bus 602<\/p>\n","protected":false},"featured_media":0,"template":"","meta":{"site-sidebar-layout":"default","site-content-layout":"default","ast-global-header-display":"","ast-main-header-display":"","ast-hfb-above-header-display":"","ast-hfb-below-header-display":"","ast-hfb-mobile-header-display":"","site-post-title":"","ast-breadcrumbs-content":"","ast-featured-img":"","footer-sml-layout":"","theme-transparent-header-meta":"","adv-header-id-meta":"","stick-header-meta":"","header-above-stick-meta":"","header-main-stick-meta":"","header-below-stick-meta":""},"pwb-brand":[108],"product_cat":[304],"product_tag":[],"class_list":{"0":"post-98071","1":"product","2":"type-product","3":"status-publish","5":"pwb-brand-ate","6":"product_cat-jarrurumpu","7":"desktop-align-left","8":"tablet-align-left","9":"mobile-align-left","11":"first","12":"instock","13":"product-type-external"},"brands":[{"id":108,"name":"ATE","slug":"ate"}],"_links":{"self":[{"href":"https:\/\/www.autonvaraosahaku.fi\/index.php?rest_route=\/wp\/v2\/product\/98071","targetHints":{"allow":["GET"]}}],"collection":[{"href":"https:\/\/www.autonvaraosahaku.fi\/index.php?rest_route=\/wp\/v2\/product"}],"about":[{"href":"https:\/\/www.autonvaraosahaku.fi\/index.php?rest_route=\/wp\/v2\/types\/product"}],"wp:attachment":[{"href":"https:\/\/www.autonvaraosahaku.fi\/index.php?rest_route=%2Fwp%2Fv2%2Fmedia&parent=98071"}],"wp:term":[{"taxonomy":"pwb-brand","embeddable":true,"href":"https:\/\/www.autonvaraosahaku.fi\/index.php?rest_route=%2Fwp%2Fv2%2Fpwb-brand&post=98071"},{"taxonomy":"product_cat","embeddable":true,"href":"https:\/\/www.autonvaraosahaku.fi\/index.php?rest_route=%2Fwp%2Fv2%2Fproduct_cat&post=98071"},{"taxonomy":"product_tag","embeddable":true,"href":"https:\/\/www.autonvaraosahaku.fi\/index.php?rest_route=%2Fwp%2Fv2%2Fproduct_tag&post=98071"}],"curies":[{"name":"wp","href":"https:\/\/api.w.org\/{rel}","templated":true}]}}