{"id":98072,"date":"2021-02-21T22:18:25","date_gmt":"2021-02-21T22:18:25","guid":{"rendered":"https:\/\/www.autonvaraosahaku.fi\/?product=ate-03-0137-0466-2-jarrukengat"},"modified":"2021-02-21T22:18:26","modified_gmt":"2021-02-21T22:18:26","slug":"ate-03-0137-0466-2-jarrukengat","status":"publish","type":"product","link":"https:\/\/www.autonvaraosahaku.fi\/?product=ate-03-0137-0466-2-jarrukengat","title":{"rendered":"ATE 03.0137-0466.2 Jarrukeng\u00e4t"},"content":{"rendered":"<p>Rumpul\u00e4pimitta: 200; Leveys (mm): 32; Lis\u00e4tarvike\/lis\u00e4tieto: Vivulla; Jarruj\u00e4rjestelm\u00e4: Bosch; Tarkistuskilpi: E1 90R-011043\/202; MAPP-koodi saatavilla: ; Suositellun tarvikkeen tuotenumero: 03.0137-9287.2; Huomioi mitat: ; Asennuspuoli: Hinterachse; SUZUKI: SWIFT III MZ, EZ,SPLASH; OPEL: AGILA B H08; TOYOTA: YARIS SCP1_, NLP1_, NCP1_,AYGO WNB1_, KGB1_,AYGO PAB4_, KGB4_; CITRO\u00cbN: C1 PM_, PN_,C1 II; PEUGEOT: 107,108; VAUXHALL: AGILA Mk II B; 4241N2, 4708598, 93193429, 4241N2, 5320062J01, 5320062J02, 044950D020, 044950H010, 4708598, 93193429; Jarrukenk\u00e4sarja<\/p>\n","protected":false},"excerpt":{"rendered":"<p>ATE Jarrukeng\u00e4t 03.0137-0466.2 Jarrukenk\u00e4sarja SUZUKI,OPEL,TOYOTA,SWIFT III MZ, EZ,SPLASH,AGILA B H08,YARIS SCP1_, NLP1_, NCP1_,AYGO WNB1_, KGB1_<\/p>\n","protected":false},"featured_media":0,"template":"","meta":{"site-sidebar-layout":"default","site-content-layout":"default","ast-global-header-display":"","ast-main-header-display":"","ast-hfb-above-header-display":"","ast-hfb-below-header-display":"","ast-hfb-mobile-header-display":"","site-post-title":"","ast-breadcrumbs-content":"","ast-featured-img":"","footer-sml-layout":"","theme-transparent-header-meta":"","adv-header-id-meta":"","stick-header-meta":"","header-above-stick-meta":"","header-main-stick-meta":"","header-below-stick-meta":""},"pwb-brand":[108],"product_cat":[176],"product_tag":[],"class_list":{"0":"post-98072","1":"product","2":"type-product","3":"status-publish","5":"pwb-brand-ate","6":"product_cat-jarrukengat","7":"desktop-align-left","8":"tablet-align-left","9":"mobile-align-left","11":"first","12":"instock","13":"product-type-external"},"brands":[{"id":108,"name":"ATE","slug":"ate"}],"_links":{"self":[{"href":"https:\/\/www.autonvaraosahaku.fi\/index.php?rest_route=\/wp\/v2\/product\/98072","targetHints":{"allow":["GET"]}}],"collection":[{"href":"https:\/\/www.autonvaraosahaku.fi\/index.php?rest_route=\/wp\/v2\/product"}],"about":[{"href":"https:\/\/www.autonvaraosahaku.fi\/index.php?rest_route=\/wp\/v2\/types\/product"}],"wp:attachment":[{"href":"https:\/\/www.autonvaraosahaku.fi\/index.php?rest_route=%2Fwp%2Fv2%2Fmedia&parent=98072"}],"wp:term":[{"taxonomy":"pwb-brand","embeddable":true,"href":"https:\/\/www.autonvaraosahaku.fi\/index.php?rest_route=%2Fwp%2Fv2%2Fpwb-brand&post=98072"},{"taxonomy":"product_cat","embeddable":true,"href":"https:\/\/www.autonvaraosahaku.fi\/index.php?rest_route=%2Fwp%2Fv2%2Fproduct_cat&post=98072"},{"taxonomy":"product_tag","embeddable":true,"href":"https:\/\/www.autonvaraosahaku.fi\/index.php?rest_route=%2Fwp%2Fv2%2Fproduct_tag&post=98072"}],"curies":[{"name":"wp","href":"https:\/\/api.w.org\/{rel}","templated":true}]}}