{"id":98080,"date":"2021-02-21T22:18:25","date_gmt":"2021-02-21T22:18:25","guid":{"rendered":"https:\/\/www.autonvaraosahaku.fi\/?product=hella-8mv-376-732-111-tuulettimen-kytkin"},"modified":"2021-02-21T22:18:29","modified_gmt":"2021-02-21T22:18:29","slug":"hella-8mv-376-732-111-tuulettimen-kytkin","status":"publish","type":"product","link":"https:\/\/www.autonvaraosahaku.fi\/?product=hella-8mv-376-732-111-tuulettimen-kytkin","title":{"rendered":"HELLA 8MV 376 732-111 Tuulettimen kytkin"},"content":{"rendered":"<p>Kierrereiki\u00e4 [kpl]: 3; L\u00e4pimitta [mm]: 160; Versio: produced by BEHR; lis\u00e4tieto: BEHR HELLA SERVICE *** PREMIUM LINE ***; Ilmastovy\u00f6hykkeet: f\u00fcr hei\u00dfe Klimazonen; BMW: 3 E46,5 E39,3 Touring E46,5 Touring E39,3 Coupe E46,3 Compact E36,3 E36,X5 E53,3 Cabriolet E46,7 E38,3 Coupe E36,Z3 E36,5 E34,3 Cabriolet E36,3 Touring E36,5 Touring E34,Z3 Coupe E36; 11521709499, 11521719046, 11521719269, 11521740963, 11527505302, 1709499, 1719046, 1719269, 1740963, 7505302; Kytkin, J\u00e4\u00e4hdytystuuletin<\/p>\n","protected":false},"excerpt":{"rendered":"<p>HELLA Viskokytkin 8MV 376 732-111 Kytkin, J\u00e4\u00e4hdytystuuletin BMW,3 E46,5 E39,3 Touring E46,5 Touring E39,3 Coupe E46,3 Compact E36,3 E36,X5 E53<\/p>\n","protected":false},"featured_media":0,"template":"","meta":{"site-sidebar-layout":"default","site-content-layout":"default","ast-global-header-display":"","ast-main-header-display":"","ast-hfb-above-header-display":"","ast-hfb-below-header-display":"","ast-hfb-mobile-header-display":"","site-post-title":"","ast-breadcrumbs-content":"","ast-featured-img":"","footer-sml-layout":"","theme-transparent-header-meta":"","adv-header-id-meta":"","stick-header-meta":"","header-above-stick-meta":"","header-main-stick-meta":"","header-below-stick-meta":""},"pwb-brand":[24],"product_cat":[256],"product_tag":[],"class_list":{"0":"post-98080","1":"product","2":"type-product","3":"status-publish","5":"pwb-brand-hella","6":"product_cat-tuulettimen-kytkin","7":"desktop-align-left","8":"tablet-align-left","9":"mobile-align-left","11":"first","12":"instock","13":"product-type-external"},"brands":[{"id":24,"name":"HELLA","slug":"hella"}],"_links":{"self":[{"href":"https:\/\/www.autonvaraosahaku.fi\/index.php?rest_route=\/wp\/v2\/product\/98080","targetHints":{"allow":["GET"]}}],"collection":[{"href":"https:\/\/www.autonvaraosahaku.fi\/index.php?rest_route=\/wp\/v2\/product"}],"about":[{"href":"https:\/\/www.autonvaraosahaku.fi\/index.php?rest_route=\/wp\/v2\/types\/product"}],"wp:attachment":[{"href":"https:\/\/www.autonvaraosahaku.fi\/index.php?rest_route=%2Fwp%2Fv2%2Fmedia&parent=98080"}],"wp:term":[{"taxonomy":"pwb-brand","embeddable":true,"href":"https:\/\/www.autonvaraosahaku.fi\/index.php?rest_route=%2Fwp%2Fv2%2Fpwb-brand&post=98080"},{"taxonomy":"product_cat","embeddable":true,"href":"https:\/\/www.autonvaraosahaku.fi\/index.php?rest_route=%2Fwp%2Fv2%2Fproduct_cat&post=98080"},{"taxonomy":"product_tag","embeddable":true,"href":"https:\/\/www.autonvaraosahaku.fi\/index.php?rest_route=%2Fwp%2Fv2%2Fproduct_tag&post=98080"}],"curies":[{"name":"wp","href":"https:\/\/api.w.org\/{rel}","templated":true}]}}