{"id":9814,"date":"2021-02-21T14:06:59","date_gmt":"2021-02-21T14:06:59","guid":{"rendered":"https:\/\/www.autonvaraosahaku.fi\/?product=master-sport-504-set-ms-pyoranlaakerit"},"modified":"2021-02-21T14:07:01","modified_gmt":"2021-02-21T14:07:01","slug":"master-sport-504-set-ms-pyoranlaakerit","status":"publish","type":"product","link":"https:\/\/www.autonvaraosahaku.fi\/?product=master-sport-504-set-ms-pyoranlaakerit","title":{"rendered":"MASTER-SPORT 504-SET-MS Py\u00f6r\u00e4nlaakerit"},"content":{"rendered":"<p>Leveys 1 (mm): 13,8; Leveys 2 (mm): 14,2; Ulkol\u00e4pimitta 1 [mm]: 39,8; Ulkol\u00e4pimitta 2 [mm]: 50,3; Sis\u00e4l\u00e4pimitta 1 [mm]: 17,4; Sis\u00e4l\u00e4pimitta 2 [mm]: 27,0; Nettopaino [kg]: 0,22; Bruttopaino [kg]: 0,24; Asennuspuoli: Hinterachse; FORD: FIESTA I GFBT,FIESTA II FBD,ESCORT II ATH,ESCORT I AFH, ATH,FIESTA Kasten FVD,FIESTA Kasten WFVT,ESCORT I Kombi ADH; 116002140800, 510385, 31212634104, 31212634105, 183834, 184447, 1492160, 1565443, 3024E1200A, 3026E1200A, 5007027, 527972, 527973, 72GB1215AA, 0069811605, 11054489, 330011, GHB101, GHB107, GHB112, 8906240, 969300171, 0054381200, 022621N, 20339N, 22621N, 9192133, 11054489, 330011, 183834, 184447, 311405625, 311405645, 6U0501319, 969300171; Py\u00f6r\u00e4nlaakerisarja<\/p>\n","protected":false},"excerpt":{"rendered":"<p>MASTER-SPORT Py\u00f6r\u00e4nlaakerit 504-SET-MS Py\u00f6r\u00e4nlaakerisarja FORD,FIESTA I GFBT,FIESTA II FBD,ESCORT II ATH,ESCORT I AFH, ATH,FIESTA Kasten FVD<\/p>\n","protected":false},"featured_media":0,"template":"","meta":{"site-sidebar-layout":"default","site-content-layout":"default","ast-global-header-display":"","ast-main-header-display":"","ast-hfb-above-header-display":"","ast-hfb-below-header-display":"","ast-hfb-mobile-header-display":"","site-post-title":"","ast-breadcrumbs-content":"","ast-featured-img":"","footer-sml-layout":"","theme-transparent-header-meta":"","adv-header-id-meta":"","stick-header-meta":"","header-above-stick-meta":"","header-main-stick-meta":"","header-below-stick-meta":""},"pwb-brand":[61],"product_cat":[83],"product_tag":[],"class_list":{"0":"post-9814","1":"product","2":"type-product","3":"status-publish","5":"pwb-brand-master-sport","6":"product_cat-pyoranlaakerit","7":"desktop-align-left","8":"tablet-align-left","9":"mobile-align-left","11":"first","12":"instock","13":"product-type-external"},"brands":[{"id":61,"name":"MASTER-SPORT","slug":"master-sport"}],"_links":{"self":[{"href":"https:\/\/www.autonvaraosahaku.fi\/index.php?rest_route=\/wp\/v2\/product\/9814","targetHints":{"allow":["GET"]}}],"collection":[{"href":"https:\/\/www.autonvaraosahaku.fi\/index.php?rest_route=\/wp\/v2\/product"}],"about":[{"href":"https:\/\/www.autonvaraosahaku.fi\/index.php?rest_route=\/wp\/v2\/types\/product"}],"wp:attachment":[{"href":"https:\/\/www.autonvaraosahaku.fi\/index.php?rest_route=%2Fwp%2Fv2%2Fmedia&parent=9814"}],"wp:term":[{"taxonomy":"pwb-brand","embeddable":true,"href":"https:\/\/www.autonvaraosahaku.fi\/index.php?rest_route=%2Fwp%2Fv2%2Fpwb-brand&post=9814"},{"taxonomy":"product_cat","embeddable":true,"href":"https:\/\/www.autonvaraosahaku.fi\/index.php?rest_route=%2Fwp%2Fv2%2Fproduct_cat&post=9814"},{"taxonomy":"product_tag","embeddable":true,"href":"https:\/\/www.autonvaraosahaku.fi\/index.php?rest_route=%2Fwp%2Fv2%2Fproduct_tag&post=9814"}],"curies":[{"name":"wp","href":"https:\/\/api.w.org\/{rel}","templated":true}]}}