{"id":98141,"date":"2021-02-21T22:18:50","date_gmt":"2021-02-21T22:18:50","guid":{"rendered":"https:\/\/www.autonvaraosahaku.fi\/?product=bilstein-19-068565-iskunvaimennin"},"modified":"2021-02-21T22:18:55","modified_gmt":"2021-02-21T22:18:55","slug":"bilstein-19-068565-iskunvaimennin","status":"publish","type":"product","link":"https:\/\/www.autonvaraosahaku.fi\/?product=bilstein-19-068565-iskunvaimennin","title":{"rendered":"BILSTEIN 19-068565 Iskunvaimennin"},"content":{"rendered":"<p>Asennuspuoli: Taka-akseli; Iskunvaimennin tyyppi: Kaasupaine; Iskunvaimennin asennustapa: Silmukka alhaalla, Tappi ylh\u00e4\u00e4ll\u00e4; Iskunvaimennusj\u00e4rjestelm\u00e4: Kaksiputki; Tuotelinja: &#8211; B4 OE Replacement; Valmistusvuoteen: 05\/2002; TOYOTA: YARIS SCP1_, NLP1_, NCP1_; 4853009390, 4853009400, 485300D010, 485300D020, 4853052020, 4853052021, 4853052022, 4853052040, 4853052041, 4853052042, 4853052050, 4853052060, 4853052070, 4853052230, 4853052240, 4853052360, 4853059155, 4853059156, 4853059157, 4853059165, 4853059166, 4853059167, 4853059175, 4853059195, 4853059205, 4853059325, 4853059335, 4853059425; Iskarit,Iskunvaimennin<\/p>\n","protected":false},"excerpt":{"rendered":"<p>BILSTEIN Iskunvaimentimet 19-068565 Iskarit,Iskunvaimennin TOYOTA,YARIS SCP1_, NLP1_, NCP1_<\/p>\n","protected":false},"featured_media":0,"template":"","meta":{"site-sidebar-layout":"default","site-content-layout":"default","ast-global-header-display":"","ast-main-header-display":"","ast-hfb-above-header-display":"","ast-hfb-below-header-display":"","ast-hfb-mobile-header-display":"","site-post-title":"","ast-breadcrumbs-content":"","ast-featured-img":"","footer-sml-layout":"","theme-transparent-header-meta":"","adv-header-id-meta":"","stick-header-meta":"","header-above-stick-meta":"","header-main-stick-meta":"","header-below-stick-meta":""},"pwb-brand":[114],"product_cat":[80],"product_tag":[],"class_list":{"0":"post-98141","1":"product","2":"type-product","3":"status-publish","5":"pwb-brand-bilstein","6":"product_cat-iskunvaimennin","7":"desktop-align-left","8":"tablet-align-left","9":"mobile-align-left","11":"first","12":"instock","13":"product-type-external"},"brands":[{"id":114,"name":"BILSTEIN","slug":"bilstein"}],"_links":{"self":[{"href":"https:\/\/www.autonvaraosahaku.fi\/index.php?rest_route=\/wp\/v2\/product\/98141","targetHints":{"allow":["GET"]}}],"collection":[{"href":"https:\/\/www.autonvaraosahaku.fi\/index.php?rest_route=\/wp\/v2\/product"}],"about":[{"href":"https:\/\/www.autonvaraosahaku.fi\/index.php?rest_route=\/wp\/v2\/types\/product"}],"wp:attachment":[{"href":"https:\/\/www.autonvaraosahaku.fi\/index.php?rest_route=%2Fwp%2Fv2%2Fmedia&parent=98141"}],"wp:term":[{"taxonomy":"pwb-brand","embeddable":true,"href":"https:\/\/www.autonvaraosahaku.fi\/index.php?rest_route=%2Fwp%2Fv2%2Fpwb-brand&post=98141"},{"taxonomy":"product_cat","embeddable":true,"href":"https:\/\/www.autonvaraosahaku.fi\/index.php?rest_route=%2Fwp%2Fv2%2Fproduct_cat&post=98141"},{"taxonomy":"product_tag","embeddable":true,"href":"https:\/\/www.autonvaraosahaku.fi\/index.php?rest_route=%2Fwp%2Fv2%2Fproduct_tag&post=98141"}],"curies":[{"name":"wp","href":"https:\/\/api.w.org\/{rel}","templated":true}]}}