{"id":98156,"date":"2021-02-21T22:18:59","date_gmt":"2021-02-21T22:18:59","guid":{"rendered":"https:\/\/www.autonvaraosahaku.fi\/?product=ajusa-81013300-kannen-pultit"},"modified":"2021-02-21T22:19:01","modified_gmt":"2021-02-21T22:19:01","slug":"ajusa-81013300-kannen-pultit","status":"publish","type":"product","link":"https:\/\/www.autonvaraosahaku.fi\/?product=ajusa-81013300-kannen-pultit","title":{"rendered":"AJUSA 81013300 Kannen pultit"},"content":{"rendered":"<p>Kierremitta: M10; Kierrenousu (mm): 1,25; Pituus (mm): 93; Ruuvikanta\/mutteriprofiili: Hammastettu, sis\u00e4; M\u00e4\u00e4r\u00e4: 10; Paino [g]: 649; TECDOC-moottorinumero: 3797; TOYOTA: MR 2 II SW2_,CARINA E _T19_,CELICA ST20_, AT20_,CARINA E Stufenheck _T19_,CELICA Coupe AT18_, ST18_,CELICA Cabriolet AT18_, ST18_,CELICA Coupe ST16_, AT16_,CELICA Cabriolet AT20_, ST20_; 9091002094&#215;10; Sylinterikannen Pultit,Syl.Kannen Pulttisarja<\/p>\n","protected":false},"excerpt":{"rendered":"<p>AJUSA Kannen Pultit 81013300 Sylinterikannen Pultit,Syl.Kannen Pulttisarja TOYOTA,MR 2 II SW2_,CARINA E _T19_,CELICA ST20_, AT20_<\/p>\n","protected":false},"featured_media":0,"template":"","meta":{"site-sidebar-layout":"default","site-content-layout":"default","ast-global-header-display":"","ast-main-header-display":"","ast-hfb-above-header-display":"","ast-hfb-below-header-display":"","ast-hfb-mobile-header-display":"","site-post-title":"","ast-breadcrumbs-content":"","ast-featured-img":"","footer-sml-layout":"","theme-transparent-header-meta":"","adv-header-id-meta":"","stick-header-meta":"","header-above-stick-meta":"","header-main-stick-meta":"","header-below-stick-meta":""},"pwb-brand":[211],"product_cat":[67],"product_tag":[],"class_list":{"0":"post-98156","1":"product","2":"type-product","3":"status-publish","5":"pwb-brand-ajusa","6":"product_cat-kannen-pultit","7":"desktop-align-left","8":"tablet-align-left","9":"mobile-align-left","11":"first","12":"instock","13":"product-type-external"},"brands":[{"id":211,"name":"AJUSA","slug":"ajusa"}],"_links":{"self":[{"href":"https:\/\/www.autonvaraosahaku.fi\/index.php?rest_route=\/wp\/v2\/product\/98156","targetHints":{"allow":["GET"]}}],"collection":[{"href":"https:\/\/www.autonvaraosahaku.fi\/index.php?rest_route=\/wp\/v2\/product"}],"about":[{"href":"https:\/\/www.autonvaraosahaku.fi\/index.php?rest_route=\/wp\/v2\/types\/product"}],"wp:attachment":[{"href":"https:\/\/www.autonvaraosahaku.fi\/index.php?rest_route=%2Fwp%2Fv2%2Fmedia&parent=98156"}],"wp:term":[{"taxonomy":"pwb-brand","embeddable":true,"href":"https:\/\/www.autonvaraosahaku.fi\/index.php?rest_route=%2Fwp%2Fv2%2Fpwb-brand&post=98156"},{"taxonomy":"product_cat","embeddable":true,"href":"https:\/\/www.autonvaraosahaku.fi\/index.php?rest_route=%2Fwp%2Fv2%2Fproduct_cat&post=98156"},{"taxonomy":"product_tag","embeddable":true,"href":"https:\/\/www.autonvaraosahaku.fi\/index.php?rest_route=%2Fwp%2Fv2%2Fproduct_tag&post=98156"}],"curies":[{"name":"wp","href":"https:\/\/api.w.org\/{rel}","templated":true}]}}