{"id":98167,"date":"2021-02-21T22:18:59","date_gmt":"2021-02-21T22:18:59","guid":{"rendered":"https:\/\/www.autonvaraosahaku.fi\/?product=mahle-original-lx-110-ilmansuodatin"},"modified":"2021-02-21T22:19:05","modified_gmt":"2021-02-21T22:19:05","slug":"mahle-original-lx-110-ilmansuodatin","status":"publish","type":"product","link":"https:\/\/www.autonvaraosahaku.fi\/?product=mahle-original-lx-110-ilmansuodatin","title":{"rendered":"MAHLE ORIGINAL LX 110 Ilmansuodatin"},"content":{"rendered":"<p>Suodatintyyppi: Suodatinpanos; Korkeus (mm): 160,0; Ulkol\u00e4pimitta [mm]: 110,0; Sis\u00e4l\u00e4pimitta 1 [mm]: 205,0; L\u00e4pimitta 3 [mm]: 205,0; L\u00e4pimitta 4 [mm]: 215,0; Valmistusvuoteen: 06\/1988; CITRO\u00cbN: BX XB-_,BX Break XB-_,C15 VD-_,VISA Cabriolet,C15 Kombi; PEUGEOT: 104,104 Coupe; TALBOT: SAMBA Cabriolet 51E,SAMBA 51A; 10033346, 1144566, 401445798, 7901144551, 79011445519, 79011445561, 7901144559, 7901144561, 91500502, 9401445798, 5007168, 5011875, A800X9601ACA, A830X9601DAA, EFA270, 93152235, 93152242, 144536, 144551, 144559, 144561, 144570, 144579, 9401445798<\/p>\n","protected":false},"excerpt":{"rendered":"<p>MAHLE ORIGINAL Ilmansuodatin LX 110  CITRO\u00cbN,PEUGEOT,TALBOT,BX XB-_,BX Break XB-_,C15 VD-_,VISA Cabriolet,C15 Kombi,104,104 Coupe,SAMBA Cabriolet 51E<\/p>\n","protected":false},"featured_media":0,"template":"","meta":{"site-sidebar-layout":"default","site-content-layout":"default","ast-global-header-display":"","ast-main-header-display":"","ast-hfb-above-header-display":"","ast-hfb-below-header-display":"","ast-hfb-mobile-header-display":"","site-post-title":"","ast-breadcrumbs-content":"","ast-featured-img":"","footer-sml-layout":"","theme-transparent-header-meta":"","adv-header-id-meta":"","stick-header-meta":"","header-above-stick-meta":"","header-main-stick-meta":"","header-below-stick-meta":""},"pwb-brand":[153],"product_cat":[31],"product_tag":[],"class_list":{"0":"post-98167","1":"product","2":"type-product","3":"status-publish","5":"pwb-brand-mahle-original","6":"product_cat-ilmansuodatin","7":"desktop-align-left","8":"tablet-align-left","9":"mobile-align-left","11":"first","12":"instock","13":"product-type-external"},"brands":[{"id":153,"name":"MAHLE ORIGINAL","slug":"mahle-original"}],"_links":{"self":[{"href":"https:\/\/www.autonvaraosahaku.fi\/index.php?rest_route=\/wp\/v2\/product\/98167","targetHints":{"allow":["GET"]}}],"collection":[{"href":"https:\/\/www.autonvaraosahaku.fi\/index.php?rest_route=\/wp\/v2\/product"}],"about":[{"href":"https:\/\/www.autonvaraosahaku.fi\/index.php?rest_route=\/wp\/v2\/types\/product"}],"wp:attachment":[{"href":"https:\/\/www.autonvaraosahaku.fi\/index.php?rest_route=%2Fwp%2Fv2%2Fmedia&parent=98167"}],"wp:term":[{"taxonomy":"pwb-brand","embeddable":true,"href":"https:\/\/www.autonvaraosahaku.fi\/index.php?rest_route=%2Fwp%2Fv2%2Fpwb-brand&post=98167"},{"taxonomy":"product_cat","embeddable":true,"href":"https:\/\/www.autonvaraosahaku.fi\/index.php?rest_route=%2Fwp%2Fv2%2Fproduct_cat&post=98167"},{"taxonomy":"product_tag","embeddable":true,"href":"https:\/\/www.autonvaraosahaku.fi\/index.php?rest_route=%2Fwp%2Fv2%2Fproduct_tag&post=98167"}],"curies":[{"name":"wp","href":"https:\/\/api.w.org\/{rel}","templated":true}]}}