{"id":98193,"date":"2021-02-21T22:19:15","date_gmt":"2021-02-21T22:19:15","guid":{"rendered":"https:\/\/www.autonvaraosahaku.fi\/?product=pierburg-7-01152-02-0-turboahdin"},"modified":"2021-02-21T22:19:17","modified_gmt":"2021-02-21T22:19:17","slug":"pierburg-7-01152-02-0-turboahdin","status":"publish","type":"product","link":"https:\/\/www.autonvaraosahaku.fi\/?product=pierburg-7-01152-02-0-turboahdin","title":{"rendered":"PIERBURG 7.01152.02.0 Turboahdin"},"content":{"rendered":"<p>Venttiilimalli: Magneettiventtiili; K\u00e4ytt\u00f6: S\u00e4hk\u00f6-pneumaattinen; J\u00e4nnite (V): 12; Teknisten tietojen numero: SI 0096; TECDOC-moottorinumero: 17028; RENAULT: SC\u00c9NIC II JM0\/1_,ESPACE IV JK0\/1_,LAGUNA II Grandtour KG0\/1_,MEGANE II Kombi KM0\/1_,MEGANE II Coup\u00e9-Cabriolet EM0\/1_,LAGUNA II BG0\/1_,MEGANE II BM0\/1_, CM0\/1_,TRAFIC II Bus JL,MASTER II Kasten FD,TRAFIC II Kasten FL,GRAND SC\u00c9NIC II JM0\/1_,MEGANE II Stufenheck LM0\/1_,MASTER II Pritsche\/Fahrgestell ED\/HD\/UD,VEL SATIS BJ0_,MASTER II Bus JD,AVANTIME DE0_,TRAFIC II Pritsche\/Fahrgestell EL; 1448300Q0A, 8200120126, 8200162073, 8200247248, 8200270451, 8200412085, 8200486264; Paineenmuuntaja, Turboahdin<\/p>\n","protected":false},"excerpt":{"rendered":"<p>PIERBURG Painemuunnin 7.01152.02.0 Paineenmuuntaja, Turboahdin RENAULT,SC\u00c9NIC II JM0\/1_,ESPACE IV JK0\/1_,LAGUNA II Grandtour KG0\/1_<\/p>\n","protected":false},"featured_media":0,"template":"","meta":{"site-sidebar-layout":"default","site-content-layout":"default","ast-global-header-display":"","ast-main-header-display":"","ast-hfb-above-header-display":"","ast-hfb-below-header-display":"","ast-hfb-mobile-header-display":"","site-post-title":"","ast-breadcrumbs-content":"","ast-featured-img":"","footer-sml-layout":"","theme-transparent-header-meta":"","adv-header-id-meta":"","stick-header-meta":"","header-above-stick-meta":"","header-main-stick-meta":"","header-below-stick-meta":""},"pwb-brand":[380],"product_cat":[250],"product_tag":[],"class_list":{"0":"post-98193","1":"product","2":"type-product","3":"status-publish","5":"pwb-brand-pierburg","6":"product_cat-turboahdin","7":"desktop-align-left","8":"tablet-align-left","9":"mobile-align-left","11":"first","12":"instock","13":"product-type-external"},"brands":[{"id":380,"name":"PIERBURG","slug":"pierburg"}],"_links":{"self":[{"href":"https:\/\/www.autonvaraosahaku.fi\/index.php?rest_route=\/wp\/v2\/product\/98193","targetHints":{"allow":["GET"]}}],"collection":[{"href":"https:\/\/www.autonvaraosahaku.fi\/index.php?rest_route=\/wp\/v2\/product"}],"about":[{"href":"https:\/\/www.autonvaraosahaku.fi\/index.php?rest_route=\/wp\/v2\/types\/product"}],"wp:attachment":[{"href":"https:\/\/www.autonvaraosahaku.fi\/index.php?rest_route=%2Fwp%2Fv2%2Fmedia&parent=98193"}],"wp:term":[{"taxonomy":"pwb-brand","embeddable":true,"href":"https:\/\/www.autonvaraosahaku.fi\/index.php?rest_route=%2Fwp%2Fv2%2Fpwb-brand&post=98193"},{"taxonomy":"product_cat","embeddable":true,"href":"https:\/\/www.autonvaraosahaku.fi\/index.php?rest_route=%2Fwp%2Fv2%2Fproduct_cat&post=98193"},{"taxonomy":"product_tag","embeddable":true,"href":"https:\/\/www.autonvaraosahaku.fi\/index.php?rest_route=%2Fwp%2Fv2%2Fproduct_tag&post=98193"}],"curies":[{"name":"wp","href":"https:\/\/api.w.org\/{rel}","templated":true}]}}