{"id":98197,"date":"2021-02-21T22:19:15","date_gmt":"2021-02-21T22:19:15","guid":{"rendered":"https:\/\/www.autonvaraosahaku.fi\/?product=stabilus-8269cw-muut-luokat"},"modified":"2021-02-21T22:19:18","modified_gmt":"2021-02-21T22:19:18","slug":"stabilus-8269cw-muut-luokat","status":"publish","type":"product","link":"https:\/\/www.autonvaraosahaku.fi\/?product=stabilus-8269cw-muut-luokat","title":{"rendered":"STABILUS 8269CW Muut luokat"},"content":{"rendered":"<p>Vetovoima [N]: 110; Ty\u00f6nt\u00f6voima [N]: 1200; Pituus (mm): 190; Isku (mm): 43; Tuotelinja: \/\/  STAB-O-SHOC\u00ae; Tarvittava kappalem\u00e4\u00e4r\u00e4: 1; MERCEDES-BENZ: C-CLASS W202,E-CLASS W210,Stufenheck W124,E-CLASS Kombi S210,C-CLASS Kombi S202,KOMBI Kombi S124,E-CLASS W124,G-CLASS W463,VITO Bus 638,G-CLASS W460,S-CLASS W140,E-CLASS Kombi S124,SPRINTER 3-t Kasten 903,SPRINTER 2-t Bus 901, 902,V-CLASS 638\/2,G-CLASS W461,SPRINTER 2-t Kasten 901, 902,SPRINTER 3-t Bus 903,SPRINTER 3-t Pritsche\/Fahrgestell 903,VITO Kasten 638,SPRINTER 4-t Pritsche\/Fahrgestell 904,VARIO Kasten\/Kombi,SPRINTER 2-t Pritsche\/Fahrgestell 901, 902,VARIO Pritsche\/Fahrgestell,SPRINTER 4-t Kasten 904,G-CLASS Cabrio W463,VARIO Kipper,VARIO Bus; A6032000114, A6032000314, A6032000614, A6042000214<\/p>\n","protected":false},"excerpt":{"rendered":"<p>STABILUS V\u00e4rin\u00e4nvaimennin, Moniurahihna 8269CW  MERCEDES-BENZ,C-CLASS W202,E-CLASS W210,Stufenheck W124,E-CLASS Kombi S210,C-CLASS Kombi S202<\/p>\n","protected":false},"featured_media":0,"template":"","meta":{"site-sidebar-layout":"default","site-content-layout":"default","ast-global-header-display":"","ast-main-header-display":"","ast-hfb-above-header-display":"","ast-hfb-below-header-display":"","ast-hfb-mobile-header-display":"","site-post-title":"","ast-breadcrumbs-content":"","ast-featured-img":"","footer-sml-layout":"","theme-transparent-header-meta":"","adv-header-id-meta":"","stick-header-meta":"","header-above-stick-meta":"","header-main-stick-meta":"","header-below-stick-meta":""},"pwb-brand":[218],"product_cat":[37],"product_tag":[],"class_list":{"0":"post-98197","1":"product","2":"type-product","3":"status-publish","5":"pwb-brand-stabilus","6":"product_cat-muut-luokat","7":"desktop-align-left","8":"tablet-align-left","9":"mobile-align-left","11":"first","12":"instock","13":"product-type-external"},"brands":[{"id":218,"name":"STABILUS","slug":"stabilus"}],"_links":{"self":[{"href":"https:\/\/www.autonvaraosahaku.fi\/index.php?rest_route=\/wp\/v2\/product\/98197","targetHints":{"allow":["GET"]}}],"collection":[{"href":"https:\/\/www.autonvaraosahaku.fi\/index.php?rest_route=\/wp\/v2\/product"}],"about":[{"href":"https:\/\/www.autonvaraosahaku.fi\/index.php?rest_route=\/wp\/v2\/types\/product"}],"wp:attachment":[{"href":"https:\/\/www.autonvaraosahaku.fi\/index.php?rest_route=%2Fwp%2Fv2%2Fmedia&parent=98197"}],"wp:term":[{"taxonomy":"pwb-brand","embeddable":true,"href":"https:\/\/www.autonvaraosahaku.fi\/index.php?rest_route=%2Fwp%2Fv2%2Fpwb-brand&post=98197"},{"taxonomy":"product_cat","embeddable":true,"href":"https:\/\/www.autonvaraosahaku.fi\/index.php?rest_route=%2Fwp%2Fv2%2Fproduct_cat&post=98197"},{"taxonomy":"product_tag","embeddable":true,"href":"https:\/\/www.autonvaraosahaku.fi\/index.php?rest_route=%2Fwp%2Fv2%2Fproduct_tag&post=98197"}],"curies":[{"name":"wp","href":"https:\/\/api.w.org\/{rel}","templated":true}]}}