{"id":98258,"date":"2021-02-21T22:19:42","date_gmt":"2021-02-21T22:19:42","guid":{"rendered":"https:\/\/www.autonvaraosahaku.fi\/?product=febi-bilstein-16539-jarrupalat"},"modified":"2021-02-21T22:19:45","modified_gmt":"2021-02-21T22:19:45","slug":"febi-bilstein-16539-jarrupalat","status":"publish","type":"product","link":"https:\/\/www.autonvaraosahaku.fi\/?product=febi-bilstein-16539-jarrupalat","title":{"rendered":"FEBI BILSTEIN 16539 Jarrupalat"},"content":{"rendered":"<p>Pituus (mm): 131,4; Leveys (mm): 57,1; Tarkistuskilpi: ECE R90 Approved; Asennuspuoli: Etuakseli; Paksuus 1 [mm]: 17; Paino [kg]: 1,57; Kulumisenilmaisimen liitos: akustisella kulumavaroittimella, akustisella kulumavaroittimella; M\u00e4\u00e4r\u00e4yksikk\u00f6: Akselisarja; Jarruj\u00e4rjestelm\u00e4: TRW; TOYOTA: COROLLA ZZE12_, NDE12_, ZDE12_,COROLLA Kombi _E12J_, _E12T_,COROLLA Liftback _E11_,COROLLA Stufenheck _E12J_, _E12T_; 0446502061, 0446502120, 0446502130, 04465YZZDC; Jarrupalasarja,Jarrupala, Levyjarru<\/p>\n","protected":false},"excerpt":{"rendered":"<p>FEBI BILSTEIN Jarrupalat 16539 Jarrupalasarja,Jarrupala, Levyjarru TOYOTA,COROLLA ZZE12_, NDE12_, ZDE12_,COROLLA Kombi _E12J_, _E12T_<\/p>\n","protected":false},"featured_media":0,"template":"","meta":{"site-sidebar-layout":"default","site-content-layout":"default","ast-global-header-display":"","ast-main-header-display":"","ast-hfb-above-header-display":"","ast-hfb-below-header-display":"","ast-hfb-mobile-header-display":"","site-post-title":"","ast-breadcrumbs-content":"","ast-featured-img":"","footer-sml-layout":"","theme-transparent-header-meta":"","adv-header-id-meta":"","stick-header-meta":"","header-above-stick-meta":"","header-main-stick-meta":"","header-below-stick-meta":""},"pwb-brand":[50],"product_cat":[100],"product_tag":[],"class_list":{"0":"post-98258","1":"product","2":"type-product","3":"status-publish","5":"pwb-brand-febi-bilstein","6":"product_cat-jarrupalat","7":"desktop-align-left","8":"tablet-align-left","9":"mobile-align-left","11":"first","12":"instock","13":"product-type-external"},"brands":[{"id":50,"name":"FEBI BILSTEIN","slug":"febi-bilstein"}],"_links":{"self":[{"href":"https:\/\/www.autonvaraosahaku.fi\/index.php?rest_route=\/wp\/v2\/product\/98258","targetHints":{"allow":["GET"]}}],"collection":[{"href":"https:\/\/www.autonvaraosahaku.fi\/index.php?rest_route=\/wp\/v2\/product"}],"about":[{"href":"https:\/\/www.autonvaraosahaku.fi\/index.php?rest_route=\/wp\/v2\/types\/product"}],"wp:attachment":[{"href":"https:\/\/www.autonvaraosahaku.fi\/index.php?rest_route=%2Fwp%2Fv2%2Fmedia&parent=98258"}],"wp:term":[{"taxonomy":"pwb-brand","embeddable":true,"href":"https:\/\/www.autonvaraosahaku.fi\/index.php?rest_route=%2Fwp%2Fv2%2Fpwb-brand&post=98258"},{"taxonomy":"product_cat","embeddable":true,"href":"https:\/\/www.autonvaraosahaku.fi\/index.php?rest_route=%2Fwp%2Fv2%2Fproduct_cat&post=98258"},{"taxonomy":"product_tag","embeddable":true,"href":"https:\/\/www.autonvaraosahaku.fi\/index.php?rest_route=%2Fwp%2Fv2%2Fproduct_tag&post=98258"}],"curies":[{"name":"wp","href":"https:\/\/api.w.org\/{rel}","templated":true}]}}