{"id":98277,"date":"2021-02-21T22:19:50","date_gmt":"2021-02-21T22:19:50","guid":{"rendered":"https:\/\/www.autonvaraosahaku.fi\/?product=febi-bilstein-12857-pakoventtiili"},"modified":"2021-02-21T22:19:53","modified_gmt":"2021-02-21T22:19:53","slug":"febi-bilstein-12857-pakoventtiili","status":"publish","type":"product","link":"https:\/\/www.autonvaraosahaku.fi\/?product=febi-bilstein-12857-pakoventtiili","title":{"rendered":"FEBI BILSTEIN 12857 Pakoventtiili"},"content":{"rendered":"<p>Venttiililautasen l\u00e4pimitta [mm]: 34; Venttiilinvarren l\u00e4pimitta [mm]: 6,96; Lovi-\/reik\u00e4lukum\u00e4\u00e4r\u00e4: 3; Paino [kg]: 0,063, 0,063; Valmistusvuoteen: 12\/1986; BMW: 3 E30,5 E34,3 Cabriolet E30,5 E28,3 E21,3 Touring E30,5 E12; 11341267688, 11341267722, 11341271273, 11341280643<\/p>\n","protected":false},"excerpt":{"rendered":"<p>FEBI BILSTEIN Pakoventtiili 12857  BMW,3 E30,5 E34,3 Cabriolet E30,5 E28,3 E21,3 Touring E30,5 E12<\/p>\n","protected":false},"featured_media":0,"template":"","meta":{"site-sidebar-layout":"default","site-content-layout":"default","ast-global-header-display":"","ast-main-header-display":"","ast-hfb-above-header-display":"","ast-hfb-below-header-display":"","ast-hfb-mobile-header-display":"","site-post-title":"","ast-breadcrumbs-content":"","ast-featured-img":"","footer-sml-layout":"","theme-transparent-header-meta":"","adv-header-id-meta":"","stick-header-meta":"","header-above-stick-meta":"","header-main-stick-meta":"","header-below-stick-meta":""},"pwb-brand":[50],"product_cat":[209],"product_tag":[],"class_list":{"0":"post-98277","1":"product","2":"type-product","3":"status-publish","5":"pwb-brand-febi-bilstein","6":"product_cat-pakoventtiili","7":"desktop-align-left","8":"tablet-align-left","9":"mobile-align-left","11":"first","12":"instock","13":"product-type-external"},"brands":[{"id":50,"name":"FEBI BILSTEIN","slug":"febi-bilstein"}],"_links":{"self":[{"href":"https:\/\/www.autonvaraosahaku.fi\/index.php?rest_route=\/wp\/v2\/product\/98277","targetHints":{"allow":["GET"]}}],"collection":[{"href":"https:\/\/www.autonvaraosahaku.fi\/index.php?rest_route=\/wp\/v2\/product"}],"about":[{"href":"https:\/\/www.autonvaraosahaku.fi\/index.php?rest_route=\/wp\/v2\/types\/product"}],"wp:attachment":[{"href":"https:\/\/www.autonvaraosahaku.fi\/index.php?rest_route=%2Fwp%2Fv2%2Fmedia&parent=98277"}],"wp:term":[{"taxonomy":"pwb-brand","embeddable":true,"href":"https:\/\/www.autonvaraosahaku.fi\/index.php?rest_route=%2Fwp%2Fv2%2Fpwb-brand&post=98277"},{"taxonomy":"product_cat","embeddable":true,"href":"https:\/\/www.autonvaraosahaku.fi\/index.php?rest_route=%2Fwp%2Fv2%2Fproduct_cat&post=98277"},{"taxonomy":"product_tag","embeddable":true,"href":"https:\/\/www.autonvaraosahaku.fi\/index.php?rest_route=%2Fwp%2Fv2%2Fproduct_tag&post=98277"}],"curies":[{"name":"wp","href":"https:\/\/api.w.org\/{rel}","templated":true}]}}