{"id":98283,"date":"2021-02-21T22:19:50","date_gmt":"2021-02-21T22:19:50","guid":{"rendered":"https:\/\/www.autonvaraosahaku.fi\/?product=febi-bilstein-11241-jakohihna"},"modified":"2021-02-21T22:19:55","modified_gmt":"2021-02-21T22:19:55","slug":"febi-bilstein-11241-jakohihna","status":"publish","type":"product","link":"https:\/\/www.autonvaraosahaku.fi\/?product=febi-bilstein-11241-jakohihna","title":{"rendered":"FEBI BILSTEIN 11241 Jakohihna"},"content":{"rendered":"<p>Leveys (mm): 17,0; Hammasluku: 108; Paino [kg]: 0,09; Hihna: Py\u00f6ristetyll\u00e4 hammasprofiililla, Py\u00f6ristetyll\u00e4 hammasprofiililla; Huomioi tekniset tiedot: ; CITRO\u00cbN: BERLINGO MF,SAXO S0, S1,BERLINGO Kasten M_,XSARA N1,XSARA Break N2,XSARA Coupe N0,AX ZA-_,ZX N2,BX XB-_,ZX Break N2,BX Break XB-_,C15 VD-_,C15 Kombi,XSARA Kasten,XSARA Kasten\/Schr\u00e4gheck; PEUGEOT: 206 Schr\u00e4gheck 2A\/C,307 SW 3H,307 3A\/C,206 SW 2E\/K,106 II 1,307 Break 3E,306 Schr\u00e4gheck 7A, 7C, N3, N5,PARTNER Combispace 5F,106 I 1A, 1C,205 II 20A\/C,PARTNER Kasten 5,306 Break 7E, N3, N5,306 7B, N3, N5,205 I Cabriolet 741B, 20D,206 Stufenheck,309 II 3C, 3A,405 I 15B,309 I 10C, 10A,306 Van N_, 7_,405 I Break 15E,306 Kasten\/Schr\u00e4gheck; 081644, 81644, 96097062, 081644, 81644; Jakop\u00e4\u00e4n Hihna,Hammashihna,Hammashihnat<\/p>\n","protected":false},"excerpt":{"rendered":"<p>FEBI BILSTEIN Jakohihna 11241 Jakop\u00e4\u00e4n Hihna,Hammashihna CITRO\u00cbN,PEUGEOT,BERLINGO MF,SAXO S0, S1,BERLINGO Kasten M_,XSARA N1,XSARA Break N2<\/p>\n","protected":false},"featured_media":0,"template":"","meta":{"site-sidebar-layout":"default","site-content-layout":"default","ast-global-header-display":"","ast-main-header-display":"","ast-hfb-above-header-display":"","ast-hfb-below-header-display":"","ast-hfb-mobile-header-display":"","site-post-title":"","ast-breadcrumbs-content":"","ast-featured-img":"","footer-sml-layout":"","theme-transparent-header-meta":"","adv-header-id-meta":"","stick-header-meta":"","header-above-stick-meta":"","header-main-stick-meta":"","header-below-stick-meta":""},"pwb-brand":[50],"product_cat":[266],"product_tag":[],"class_list":{"0":"post-98283","1":"product","2":"type-product","3":"status-publish","5":"pwb-brand-febi-bilstein","6":"product_cat-jakohihna","7":"desktop-align-left","8":"tablet-align-left","9":"mobile-align-left","11":"first","12":"instock","13":"product-type-external"},"brands":[{"id":50,"name":"FEBI BILSTEIN","slug":"febi-bilstein"}],"_links":{"self":[{"href":"https:\/\/www.autonvaraosahaku.fi\/index.php?rest_route=\/wp\/v2\/product\/98283","targetHints":{"allow":["GET"]}}],"collection":[{"href":"https:\/\/www.autonvaraosahaku.fi\/index.php?rest_route=\/wp\/v2\/product"}],"about":[{"href":"https:\/\/www.autonvaraosahaku.fi\/index.php?rest_route=\/wp\/v2\/types\/product"}],"wp:attachment":[{"href":"https:\/\/www.autonvaraosahaku.fi\/index.php?rest_route=%2Fwp%2Fv2%2Fmedia&parent=98283"}],"wp:term":[{"taxonomy":"pwb-brand","embeddable":true,"href":"https:\/\/www.autonvaraosahaku.fi\/index.php?rest_route=%2Fwp%2Fv2%2Fpwb-brand&post=98283"},{"taxonomy":"product_cat","embeddable":true,"href":"https:\/\/www.autonvaraosahaku.fi\/index.php?rest_route=%2Fwp%2Fv2%2Fproduct_cat&post=98283"},{"taxonomy":"product_tag","embeddable":true,"href":"https:\/\/www.autonvaraosahaku.fi\/index.php?rest_route=%2Fwp%2Fv2%2Fproduct_tag&post=98283"}],"curies":[{"name":"wp","href":"https:\/\/api.w.org\/{rel}","templated":true}]}}