{"id":9830,"date":"2021-02-21T14:07:03","date_gmt":"2021-02-21T14:07:03","guid":{"rendered":"https:\/\/www.autonvaraosahaku.fi\/?product=topran-500-627-kampiakselin-hihnapyora"},"modified":"2021-02-21T14:07:04","modified_gmt":"2021-02-21T14:07:04","slug":"topran-500-627-kampiakselin-hihnapyora","status":"publish","type":"product","link":"https:\/\/www.autonvaraosahaku.fi\/?product=topran-500-627-kampiakselin-hihnapyora","title":{"rendered":"TOPRAN 500 627 Kampiakselin hihnapy\u00f6r\u00e4"},"content":{"rendered":"<p>T\u00e4ristys: V\u00e4r\u00e4htelynvaimentimella; Hihnapy\u00f6r\u00e4t: Kaksoishihnapy\u00f6r\u00e4; Materiaali: Kumi-metalli; Korvaava tuote\/korvaava tiedote 2: kytketty; suositeltu korjauksenlaajennus ks. tarvikeluettelo: ; Vaihteistomalli: Automatikgetriebe; BMW: 3 E46,3 Touring E91,3 E90,5 E60,1 E87,5 Touring E61,3 Touring E46,X3 E83,3 Compact E46,3 Coupe E46,3 Cabriolet E46; 11237787304, 11237790921, 11237793882, 11237801977, 11237805696, 7787304, 7790921, 7793882, 7801977, 7805696; Hihnapy\u00f6r\u00e4, Kampiakseli<\/p>\n","protected":false},"excerpt":{"rendered":"<p>TOPRAN Kampiakselin Hihnapy\u00f6r\u00e4 500 627 Hihnapy\u00f6r\u00e4, Kampiakseli BMW,3 E46,3 Touring E91,3 E90,5 E60,1 E87,5 Touring E61,3 Touring E46,X3 E83<\/p>\n","protected":false},"featured_media":0,"template":"","meta":{"site-sidebar-layout":"default","site-content-layout":"default","ast-global-header-display":"","ast-main-header-display":"","ast-hfb-above-header-display":"","ast-hfb-below-header-display":"","ast-hfb-mobile-header-display":"","site-post-title":"","ast-breadcrumbs-content":"","ast-featured-img":"","footer-sml-layout":"","theme-transparent-header-meta":"","adv-header-id-meta":"","stick-header-meta":"","header-above-stick-meta":"","header-main-stick-meta":"","header-below-stick-meta":""},"pwb-brand":[18],"product_cat":[219],"product_tag":[],"class_list":{"0":"post-9830","1":"product","2":"type-product","3":"status-publish","5":"pwb-brand-topran","6":"product_cat-kampiakselin-hihnapyora","7":"desktop-align-left","8":"tablet-align-left","9":"mobile-align-left","11":"first","12":"instock","13":"product-type-external"},"brands":[{"id":18,"name":"TOPRAN","slug":"topran"}],"_links":{"self":[{"href":"https:\/\/www.autonvaraosahaku.fi\/index.php?rest_route=\/wp\/v2\/product\/9830","targetHints":{"allow":["GET"]}}],"collection":[{"href":"https:\/\/www.autonvaraosahaku.fi\/index.php?rest_route=\/wp\/v2\/product"}],"about":[{"href":"https:\/\/www.autonvaraosahaku.fi\/index.php?rest_route=\/wp\/v2\/types\/product"}],"wp:attachment":[{"href":"https:\/\/www.autonvaraosahaku.fi\/index.php?rest_route=%2Fwp%2Fv2%2Fmedia&parent=9830"}],"wp:term":[{"taxonomy":"pwb-brand","embeddable":true,"href":"https:\/\/www.autonvaraosahaku.fi\/index.php?rest_route=%2Fwp%2Fv2%2Fpwb-brand&post=9830"},{"taxonomy":"product_cat","embeddable":true,"href":"https:\/\/www.autonvaraosahaku.fi\/index.php?rest_route=%2Fwp%2Fv2%2Fproduct_cat&post=9830"},{"taxonomy":"product_tag","embeddable":true,"href":"https:\/\/www.autonvaraosahaku.fi\/index.php?rest_route=%2Fwp%2Fv2%2Fproduct_tag&post=9830"}],"curies":[{"name":"wp","href":"https:\/\/api.w.org\/{rel}","templated":true}]}}