{"id":98306,"date":"2021-02-21T22:19:58","date_gmt":"2021-02-21T22:19:58","guid":{"rendered":"https:\/\/www.autonvaraosahaku.fi\/?product=denso-dg-140-hehkutulppa"},"modified":"2021-02-21T22:20:05","modified_gmt":"2021-02-21T22:20:05","slug":"denso-dg-140-hehkutulppa","status":"publish","type":"product","link":"https:\/\/www.autonvaraosahaku.fi\/?product=denso-dg-140-hehkutulppa","title":{"rendered":"DENSO DG-140 Hehkutulppa"},"content":{"rendered":"<p>J\u00e4nnite (V): 11; Kierremitta: M8x1.0; Vastus [Ohm]: 0,8; Kokonaispituus (mm): 126; Avainv\u00e4li: 8; Paino [g]: 34,3; Moottorinumero: 276DT; PEUGEOT: 407 SW 6E_,607 9D, 9U,407 6D_,407 Coupe 6C_; CITRO\u00cbN: C5 III Break TD_,C5 III RD_,C6 TD_; VOLVO: V70 II SW,XC60,XC90 I,S60 I,V70 III BW,S80 I TS, XY,XC70 CROSS COUNTRY,XC70 II,S80 II AS; LAND ROVER: RANGE ROVER SPORT LS,RANGE ROVER III LM,DISCOVERY III TAA,DISCOVERY IV LA; JAGUAR: S-TYPE CCX,XF _J05_, CC9,XJ X350, X358; 02JD61604, 2JD61604, 4U3Q6M090AA, JDE3926, 1354289, 8631607<\/p>\n","protected":false},"excerpt":{"rendered":"<p>DENSO Hehkutulppa DG-140  PEUGEOT,CITRO\u00cbN,VOLVO,407 SW 6E_,607 9D, 9U,407 6D_,407 Coupe 6C_,C5 III Break TD_,C5 III RD_,C6 TD_,V70 II SW,XC60,XC90 I<\/p>\n","protected":false},"featured_media":0,"template":"","meta":{"site-sidebar-layout":"default","site-content-layout":"default","ast-global-header-display":"","ast-main-header-display":"","ast-hfb-above-header-display":"","ast-hfb-below-header-display":"","ast-hfb-mobile-header-display":"","site-post-title":"","ast-breadcrumbs-content":"","ast-featured-img":"","footer-sml-layout":"","theme-transparent-header-meta":"","adv-header-id-meta":"","stick-header-meta":"","header-above-stick-meta":"","header-main-stick-meta":"","header-below-stick-meta":""},"pwb-brand":[278],"product_cat":[52],"product_tag":[],"class_list":{"0":"post-98306","1":"product","2":"type-product","3":"status-publish","5":"pwb-brand-denso","6":"product_cat-hehkutulppa","7":"desktop-align-left","8":"tablet-align-left","9":"mobile-align-left","11":"first","12":"instock","13":"product-type-external"},"brands":[{"id":278,"name":"DENSO","slug":"denso"}],"_links":{"self":[{"href":"https:\/\/www.autonvaraosahaku.fi\/index.php?rest_route=\/wp\/v2\/product\/98306","targetHints":{"allow":["GET"]}}],"collection":[{"href":"https:\/\/www.autonvaraosahaku.fi\/index.php?rest_route=\/wp\/v2\/product"}],"about":[{"href":"https:\/\/www.autonvaraosahaku.fi\/index.php?rest_route=\/wp\/v2\/types\/product"}],"wp:attachment":[{"href":"https:\/\/www.autonvaraosahaku.fi\/index.php?rest_route=%2Fwp%2Fv2%2Fmedia&parent=98306"}],"wp:term":[{"taxonomy":"pwb-brand","embeddable":true,"href":"https:\/\/www.autonvaraosahaku.fi\/index.php?rest_route=%2Fwp%2Fv2%2Fpwb-brand&post=98306"},{"taxonomy":"product_cat","embeddable":true,"href":"https:\/\/www.autonvaraosahaku.fi\/index.php?rest_route=%2Fwp%2Fv2%2Fproduct_cat&post=98306"},{"taxonomy":"product_tag","embeddable":true,"href":"https:\/\/www.autonvaraosahaku.fi\/index.php?rest_route=%2Fwp%2Fv2%2Fproduct_tag&post=98306"}],"curies":[{"name":"wp","href":"https:\/\/api.w.org\/{rel}","templated":true}]}}