{"id":98337,"date":"2021-02-21T22:20:16","date_gmt":"2021-02-21T22:20:16","guid":{"rendered":"https:\/\/www.autonvaraosahaku.fi\/?product=brembo-k-59-036-jarrukengat"},"modified":"2021-02-21T22:20:19","modified_gmt":"2021-02-21T22:20:19","slug":"brembo-k-59-036-jarrukengat","status":"publish","type":"product","link":"https:\/\/www.autonvaraosahaku.fi\/?product=brembo-k-59-036-jarrukengat","title":{"rendered":"BREMBO K 59 036 Jarrukeng\u00e4t"},"content":{"rendered":"<p>Jarruj\u00e4rjestelm\u00e4: General Motors; J\u00e4lkis\u00e4\u00e4t\u00f6: Automaattisella s\u00e4\u00e4d\u00f6ll\u00e4; Asennusmalli: Esiasennettu; Reik\u00e4-\u00d8 [mm]: 19,05; Leveys (mm): 29; L\u00e4pimitta [mm]: 200; Tuotelinja: KIT &#038; FIT; Asennuspuoli: Hinterachse; OPEL: CORSA B 73_, 78_, 79_,ASTRA F CC 53_, 54_, 58_, 59_,ASTRA F 56_, 57_,TIGRA 95_,CORSA B Kasten 73_,CORSA B Kombi F35; VAUXHALL: ASTRA Mk III F CC,CORSA Mk I B,TIGRA Mk I F07,NOVA CC; OPELKF25, OPELKFS025<\/p>\n","protected":false},"excerpt":{"rendered":"<p>BREMBO Jarrukenk\u00e4sarja, Rumpujarru K 59 036  OPEL,VAUXHALL,CORSA B 73_, 78_, 79_,ASTRA F CC 53_, 54_, 58_, 59_,ASTRA F 56_, 57_,TIGRA 95_<\/p>\n","protected":false},"featured_media":0,"template":"","meta":{"site-sidebar-layout":"default","site-content-layout":"default","ast-global-header-display":"","ast-main-header-display":"","ast-hfb-above-header-display":"","ast-hfb-below-header-display":"","ast-hfb-mobile-header-display":"","site-post-title":"","ast-breadcrumbs-content":"","ast-featured-img":"","footer-sml-layout":"","theme-transparent-header-meta":"","adv-header-id-meta":"","stick-header-meta":"","header-above-stick-meta":"","header-main-stick-meta":"","header-below-stick-meta":""},"pwb-brand":[146],"product_cat":[176],"product_tag":[],"class_list":{"0":"post-98337","1":"product","2":"type-product","3":"status-publish","5":"pwb-brand-brembo","6":"product_cat-jarrukengat","7":"desktop-align-left","8":"tablet-align-left","9":"mobile-align-left","11":"first","12":"instock","13":"product-type-external"},"brands":[{"id":146,"name":"BREMBO","slug":"brembo"}],"_links":{"self":[{"href":"https:\/\/www.autonvaraosahaku.fi\/index.php?rest_route=\/wp\/v2\/product\/98337","targetHints":{"allow":["GET"]}}],"collection":[{"href":"https:\/\/www.autonvaraosahaku.fi\/index.php?rest_route=\/wp\/v2\/product"}],"about":[{"href":"https:\/\/www.autonvaraosahaku.fi\/index.php?rest_route=\/wp\/v2\/types\/product"}],"wp:attachment":[{"href":"https:\/\/www.autonvaraosahaku.fi\/index.php?rest_route=%2Fwp%2Fv2%2Fmedia&parent=98337"}],"wp:term":[{"taxonomy":"pwb-brand","embeddable":true,"href":"https:\/\/www.autonvaraosahaku.fi\/index.php?rest_route=%2Fwp%2Fv2%2Fpwb-brand&post=98337"},{"taxonomy":"product_cat","embeddable":true,"href":"https:\/\/www.autonvaraosahaku.fi\/index.php?rest_route=%2Fwp%2Fv2%2Fproduct_cat&post=98337"},{"taxonomy":"product_tag","embeddable":true,"href":"https:\/\/www.autonvaraosahaku.fi\/index.php?rest_route=%2Fwp%2Fv2%2Fproduct_tag&post=98337"}],"curies":[{"name":"wp","href":"https:\/\/api.w.org\/{rel}","templated":true}]}}