{"id":98365,"date":"2021-02-21T22:20:25","date_gmt":"2021-02-21T22:20:25","guid":{"rendered":"https:\/\/www.autonvaraosahaku.fi\/?product=magneti-marelli-352515070000-iskunvaimennin"},"modified":"2021-02-21T22:20:31","modified_gmt":"2021-02-21T22:20:31","slug":"magneti-marelli-352515070000-iskunvaimennin","status":"publish","type":"product","link":"https:\/\/www.autonvaraosahaku.fi\/?product=magneti-marelli-352515070000-iskunvaimennin","title":{"rendered":"MAGNETI MARELLI 352515070000 Iskunvaimennin"},"content":{"rendered":"<p>Asennuspuoli: Taka-akseli; Pituus (mm): 579,5; Pituus 2 (mm): 370; Iskunvaimennin malli: Joustintuki; Iskunvaimennin asennustapa: Tappi ylh\u00e4\u00e4ll\u00e4; Iskunvaimennusj\u00e4rjestelm\u00e4: Kaksiputki; Iskunvaimennin tyyppi: Kaasupaine; L\u00e4pimitta 1 [mm]: 52; L\u00e4pimitta 2 [mm]: 32; FORD: MONDEO III B5Y,MONDEO III Stufenheck B4Y; 1121964, 1121965, 1130112, 1130113, 1130114, 1132365, 1132366, 1138239, 1205282, 1220625, 1220627, 1231606, 1231607, 1231608, 1231610, 1253785, 1254047, 1306194, 1306196, 1306198, 1306199, 1306201, 1306202, 1306203, 1S7118A076AA, 1S7118A076AB, 1S7118A076AD, 1S7118A076AF, 1S7118A076BA, 1S7118A076BB, 1S7118A076BC, 1S7118A076BD, 1S7118A076BF, 1S7118A076DA, 1S7118A076DB, 1S7118A076DC, 1S7118A076EA, 1S7118A076EB, 1S7118A076EC, 1S7118A076FB, 1S7118A140AB, 1S7118K076AD, 1S7118K076AF, 1S7118K076AG, 1S7118K076AJ, 1S7118K076BA, 1S7118K076BF, 1S7118K076BG, 1S7118K076BJ, 1S7118K076DA, 1S7118K076DB, 1S7118K076EA, 1S7118K076EB, 1S7118K076FA, 1S7118K076FD, 1S7118K077AB, 1S711BA076BB, 2S7118A076AB, 2S7118A076AC, 2S7118A076BA, 2S7118A076BB, 2S7118A076BC, 2S7118A76BC, 2S7118K076AD, 2S7118K076BD, 3S7118A076AA, 3S7118A076AB; Iskarit,Iskunvaimennin<\/p>\n","protected":false},"excerpt":{"rendered":"<p>MAGNETI MARELLI Iskunvaimentimet 352515070000 Iskarit,Iskunvaimennin FORD,MONDEO III B5Y,MONDEO III Stufenheck B4Y<\/p>\n","protected":false},"featured_media":0,"template":"","meta":{"site-sidebar-layout":"default","site-content-layout":"default","ast-global-header-display":"","ast-main-header-display":"","ast-hfb-above-header-display":"","ast-hfb-below-header-display":"","ast-hfb-mobile-header-display":"","site-post-title":"","ast-breadcrumbs-content":"","ast-featured-img":"","footer-sml-layout":"","theme-transparent-header-meta":"","adv-header-id-meta":"","stick-header-meta":"","header-above-stick-meta":"","header-main-stick-meta":"","header-below-stick-meta":""},"pwb-brand":[34],"product_cat":[80],"product_tag":[],"class_list":{"0":"post-98365","1":"product","2":"type-product","3":"status-publish","5":"pwb-brand-magneti-marelli","6":"product_cat-iskunvaimennin","7":"desktop-align-left","8":"tablet-align-left","9":"mobile-align-left","11":"first","12":"instock","13":"product-type-external"},"brands":[{"id":34,"name":"MAGNETI MARELLI","slug":"magneti-marelli"}],"_links":{"self":[{"href":"https:\/\/www.autonvaraosahaku.fi\/index.php?rest_route=\/wp\/v2\/product\/98365","targetHints":{"allow":["GET"]}}],"collection":[{"href":"https:\/\/www.autonvaraosahaku.fi\/index.php?rest_route=\/wp\/v2\/product"}],"about":[{"href":"https:\/\/www.autonvaraosahaku.fi\/index.php?rest_route=\/wp\/v2\/types\/product"}],"wp:attachment":[{"href":"https:\/\/www.autonvaraosahaku.fi\/index.php?rest_route=%2Fwp%2Fv2%2Fmedia&parent=98365"}],"wp:term":[{"taxonomy":"pwb-brand","embeddable":true,"href":"https:\/\/www.autonvaraosahaku.fi\/index.php?rest_route=%2Fwp%2Fv2%2Fpwb-brand&post=98365"},{"taxonomy":"product_cat","embeddable":true,"href":"https:\/\/www.autonvaraosahaku.fi\/index.php?rest_route=%2Fwp%2Fv2%2Fproduct_cat&post=98365"},{"taxonomy":"product_tag","embeddable":true,"href":"https:\/\/www.autonvaraosahaku.fi\/index.php?rest_route=%2Fwp%2Fv2%2Fproduct_tag&post=98365"}],"curies":[{"name":"wp","href":"https:\/\/api.w.org\/{rel}","templated":true}]}}