{"id":98371,"date":"2021-02-21T22:20:33","date_gmt":"2021-02-21T22:20:33","guid":{"rendered":"https:\/\/www.autonvaraosahaku.fi\/?product=magneti-marelli-062900001304-hehkutulppa"},"modified":"2021-02-21T22:20:34","modified_gmt":"2021-02-21T22:20:34","slug":"magneti-marelli-062900001304-hehkutulppa","status":"publish","type":"product","link":"https:\/\/www.autonvaraosahaku.fi\/?product=magneti-marelli-062900001304-hehkutulppa","title":{"rendered":"MAGNETI MARELLI 062900001304 Hehkutulppa"},"content":{"rendered":"<p>Kiristysmomentti: 2,5; Liittimet: M4; Kiristysmomentti enint\u00e4\u00e4n [Nm]: 15; Virta (A): 10; Kiristysmomentti > [Nm]: 10; Hehkutulppatyyppi: Metallihehkutulppa; Asennuskulma: 63; J\u00e4nnite (V): 11; Pituus 1 (mm): 63,5; Pituus 2 (mm): 27; Kokonaispituus (mm): 105,9; Kierremitta: M10X1; Avainv\u00e4li: 10; L\u00e4mmitysaika [min]: 7; Valmistusvuoteen: 12\/2001; LANCIA: PHEDRA 179,ZETA 220; FIAT: DUCATO Pritsche\/Fahrgestell 230,DUCATO Bus 230,DUCATO Kasten 244,DUCATO Pritsche\/Fahrgestell 244,DUCATO Kasten 230L,ULYSSE 179AX,DUCATO Bus 244, Z_,ULYSSE 220,SCUDO Kasten 220L,SCUDO Combinato 220P,SCUDO Pritsche\/Fahrgestell 220_; CITRO\u00cbN: BERLINGO MF,XSARA PICASSO N68,C8 EA_, EB_,C4 I LC_,BERLINGO Kasten M_,C5 I DC_,C5 I Break DE_,XSARA N1,XSARA Break N2,JUMPER Kasten 244,XANTIA X2,XSARA Coupe N0,EVASION 22, U6,XANTIA Break X2,JUMPY U6U,JUMPY Kasten BS_, BT_, BY_, BZ_,JUMPER Kasten 230L,JUMPER Bus 244, Z_,JUMPER Pritsche\/Fahrgestell 244,JUMPY Pritsche\/Fahrgestell BU_, BV_, BW_, BX_,XSARA Kasten; PEUGEOT: 206 Schr\u00e4gheck 2A\/C,307 SW 3H,307 3A\/C,206 SW 2E\/K,807 E,307 Break 3E,306 Schr\u00e4gheck 7A, 7C, N3, N5,607 9D, 9U,406 Break 8E\/F,PARTNER Combispace 5F,PARTNER Kasten 5,406 Coupe 8C,306 Break 7E, N3, N5,406 8B,806 221,BOXER Kasten 230L,BOXER Kasten 244,306 7B, N3, N5,EXPERT Kasten 222,BOXER Bus 244, Z_,EXPERT 224,BOXER Pritsche\/Fahrgestell 244,EXPERT Pritsche\/Fahrgestell 223; 1610429180, 596064, 596065, 596066, 596067, 5960F4, 5960F5, 59623C, 59623E, 59627F, 59627G, 96236383, 96389858, 96510297, 96515836, E161024, 9623638380, 9638985980, 9651029780, 9651583680, 1313809, 1473356, 3M5Q6M090AB, 3M5Q6M090AC, 9623638380, 9651029780, 1610429180, 596064, 596065, 596066, 596067, 5960F4, 5960F5, 59623C, 59623E, 59627F, 59627G, 96236383, 96389858, 96510297, 9651029780, 96515836, E161024, 09900HDI01, 09900HDI01000, 1855067G00, 1855067G00000, 1855067G02, 1855067G02000, 1855067G10, 1855067G11, 30725069, 8653698<\/p>\n","protected":false},"excerpt":{"rendered":"<p>MAGNETI MARELLI Hehkutulppa 062900001304  LANCIA,FIAT,CITRO\u00cbN,PHEDRA 179,ZETA 220,DUCATO Pritsche\/Fahrgestell 230,DUCATO Bus 230,DUCATO Kasten 244<\/p>\n","protected":false},"featured_media":0,"template":"","meta":{"site-sidebar-layout":"default","site-content-layout":"default","ast-global-header-display":"","ast-main-header-display":"","ast-hfb-above-header-display":"","ast-hfb-below-header-display":"","ast-hfb-mobile-header-display":"","site-post-title":"","ast-breadcrumbs-content":"","ast-featured-img":"","footer-sml-layout":"","theme-transparent-header-meta":"","adv-header-id-meta":"","stick-header-meta":"","header-above-stick-meta":"","header-main-stick-meta":"","header-below-stick-meta":""},"pwb-brand":[34],"product_cat":[52],"product_tag":[],"class_list":{"0":"post-98371","1":"product","2":"type-product","3":"status-publish","5":"pwb-brand-magneti-marelli","6":"product_cat-hehkutulppa","7":"desktop-align-left","8":"tablet-align-left","9":"mobile-align-left","11":"first","12":"instock","13":"product-type-external"},"brands":[{"id":34,"name":"MAGNETI MARELLI","slug":"magneti-marelli"}],"_links":{"self":[{"href":"https:\/\/www.autonvaraosahaku.fi\/index.php?rest_route=\/wp\/v2\/product\/98371","targetHints":{"allow":["GET"]}}],"collection":[{"href":"https:\/\/www.autonvaraosahaku.fi\/index.php?rest_route=\/wp\/v2\/product"}],"about":[{"href":"https:\/\/www.autonvaraosahaku.fi\/index.php?rest_route=\/wp\/v2\/types\/product"}],"wp:attachment":[{"href":"https:\/\/www.autonvaraosahaku.fi\/index.php?rest_route=%2Fwp%2Fv2%2Fmedia&parent=98371"}],"wp:term":[{"taxonomy":"pwb-brand","embeddable":true,"href":"https:\/\/www.autonvaraosahaku.fi\/index.php?rest_route=%2Fwp%2Fv2%2Fpwb-brand&post=98371"},{"taxonomy":"product_cat","embeddable":true,"href":"https:\/\/www.autonvaraosahaku.fi\/index.php?rest_route=%2Fwp%2Fv2%2Fproduct_cat&post=98371"},{"taxonomy":"product_tag","embeddable":true,"href":"https:\/\/www.autonvaraosahaku.fi\/index.php?rest_route=%2Fwp%2Fv2%2Fproduct_tag&post=98371"}],"curies":[{"name":"wp","href":"https:\/\/api.w.org\/{rel}","templated":true}]}}