{"id":98391,"date":"2021-02-21T22:20:42","date_gmt":"2021-02-21T22:20:42","guid":{"rendered":"https:\/\/www.autonvaraosahaku.fi\/?product=wahler-3004-82-termostaatti"},"modified":"2021-02-21T22:20:42","modified_gmt":"2021-02-21T22:20:42","slug":"wahler-3004-82-termostaatti","status":"publish","type":"product","link":"https:\/\/www.autonvaraosahaku.fi\/?product=wahler-3004-82-termostaatti","title":{"rendered":"WAHLER 3004.82 Termostaatti"},"content":{"rendered":"<p>Avausl\u00e4mp\u00f6tila [\u00b0C]: 82; L\u00e4pimitta 1 [mm]: 54; NISSAN: MICRA II K11; LAND ROVER: DEFENDER Station Wagon LD,DEFENDER Cabrio LD,DISCOVERY I LJ, LG,88\/109,88\/109 Hardtop; OPEL: OLYMPIA REKORD,REKORD P2,REKORD P1,REKORD A,REKORD P1 Caravan,OLYMPIA REKORD Caravan; ROVER: MINI,800 XS,MINI Cabriolet XN,800 Hatchback XS,MONTEGO Estate XE; MG: MGB Cabriolet,MGB GT; TRIUMPH: SPITFIRE,TR 6,TR 4,TR 3,TR 7 Coupe,HERALD Cabriolet,TR 4A,STAG,HERALD,TR 7,HERALD Estate; ISUZU: TROOPER Soft Top UBS,MIDI Bus 94000, 98000,MIDI Kasten 98000N,MIDI Van 94000, 98000; BEDFORD: BLITZ CF97; AUSTIN: MINI,METRO,MAESTRO XC,MONTEGO XE,ALLEGRO Schr\u00e4gheck ADO 67,PRINCESS,PRINCESS 2; 5206139, 34402115, 94207217, 6072000015, 1338030, 1338077; Termostaatti, J\u00e4\u00e4hdytysneste<\/p>\n","protected":false},"excerpt":{"rendered":"<p>WAHLER Termostaatti 3004.82 Termostaatti, J\u00e4\u00e4hdytysneste NISSAN,LAND ROVER,OPEL,MICRA II K11,DEFENDER Station Wagon LD,DEFENDER Cabrio LD<\/p>\n","protected":false},"featured_media":0,"template":"","meta":{"site-sidebar-layout":"default","site-content-layout":"default","ast-global-header-display":"","ast-main-header-display":"","ast-hfb-above-header-display":"","ast-hfb-below-header-display":"","ast-hfb-mobile-header-display":"","site-post-title":"","ast-breadcrumbs-content":"","ast-featured-img":"","footer-sml-layout":"","theme-transparent-header-meta":"","adv-header-id-meta":"","stick-header-meta":"","header-above-stick-meta":"","header-main-stick-meta":"","header-below-stick-meta":""},"pwb-brand":[446],"product_cat":[174],"product_tag":[],"class_list":{"0":"post-98391","1":"product","2":"type-product","3":"status-publish","5":"pwb-brand-wahler","6":"product_cat-termostaatti","7":"desktop-align-left","8":"tablet-align-left","9":"mobile-align-left","11":"first","12":"instock","13":"product-type-external"},"brands":[{"id":446,"name":"WAHLER","slug":"wahler"}],"_links":{"self":[{"href":"https:\/\/www.autonvaraosahaku.fi\/index.php?rest_route=\/wp\/v2\/product\/98391","targetHints":{"allow":["GET"]}}],"collection":[{"href":"https:\/\/www.autonvaraosahaku.fi\/index.php?rest_route=\/wp\/v2\/product"}],"about":[{"href":"https:\/\/www.autonvaraosahaku.fi\/index.php?rest_route=\/wp\/v2\/types\/product"}],"wp:attachment":[{"href":"https:\/\/www.autonvaraosahaku.fi\/index.php?rest_route=%2Fwp%2Fv2%2Fmedia&parent=98391"}],"wp:term":[{"taxonomy":"pwb-brand","embeddable":true,"href":"https:\/\/www.autonvaraosahaku.fi\/index.php?rest_route=%2Fwp%2Fv2%2Fpwb-brand&post=98391"},{"taxonomy":"product_cat","embeddable":true,"href":"https:\/\/www.autonvaraosahaku.fi\/index.php?rest_route=%2Fwp%2Fv2%2Fproduct_cat&post=98391"},{"taxonomy":"product_tag","embeddable":true,"href":"https:\/\/www.autonvaraosahaku.fi\/index.php?rest_route=%2Fwp%2Fv2%2Fproduct_tag&post=98391"}],"curies":[{"name":"wp","href":"https:\/\/api.w.org\/{rel}","templated":true}]}}